{"id":12618,"date":"2023-10-08T15:03:49","date_gmt":"2023-10-08T14:03:49","guid":{"rendered":"https:\/\/veganova.eu\/?page_id=12618"},"modified":"2025-07-31T15:49:29","modified_gmt":"2025-07-31T13:49:29","slug":"cookies","status":"publish","type":"page","link":"https:\/\/veganova.eu\/cs\/cookies\/","title":{"rendered":"Soubory cookie"},"content":{"rendered":"<p>Co jsou to soubory cookie?<\/p>\r\n\r\n\r\n\r\n<p>Tyto z\u00e1sady pou\u017e\u00edv\u00e1n\u00ed soubor\u016f cookie vysv\u011btluj\u00ed, co jsou to soubory cookie a jak je pou\u017e\u00edv\u00e1me, jak\u00e9 typy soubor\u016f cookie pou\u017e\u00edv\u00e1me, jak\u00e9 informace prost\u0159ednictv\u00edm soubor\u016f cookie shroma\u017e\u010fujeme a jak je pou\u017e\u00edv\u00e1me a jak spravovat nastaven\u00ed soubor\u016f cookie.<\/p>\r\n\r\n\r\n\r\n<p>Soubory cookie jsou mal\u00e9 textov\u00e9 soubory, kter\u00e9 slou\u017e\u00ed k ukl\u00e1d\u00e1n\u00ed mal\u00fdch informac\u00ed. Ukl\u00e1daj\u00ed se do va\u0161eho za\u0159\u00edzen\u00ed p\u0159i na\u010dten\u00ed webov\u00e9 str\u00e1nky v prohl\u00ed\u017ee\u010di. Tyto soubory cookie n\u00e1m pom\u00e1haj\u00ed spr\u00e1vn\u011b fungovat, zvy\u0161ovat bezpe\u010dnost, poskytovat lep\u0161\u00ed u\u017eivatelsk\u00fd z\u00e1\u017eitek a porozum\u011bt fungov\u00e1n\u00ed webov\u00fdch str\u00e1nek a analyzovat, co funguje a kde je t\u0159eba zlep\u0161en\u00ed.<\/p>\r\n\r\n\r\n\r\n<p>Jak pou\u017e\u00edv\u00e1me soubory cookie?<\/p>\r\n\r\n\r\n\r\n<p>Stejn\u011b jako v\u011bt\u0161ina online slu\u017eeb pou\u017e\u00edvaj\u00ed na\u0161e webov\u00e9 str\u00e1nky soubory cookie prvn\u00ed a t\u0159et\u00ed strany k n\u011bkolika \u00fa\u010del\u016fm. Soubory cookie prvn\u00ed strany jsou v\u011bt\u0161inou nezbytn\u00e9 pro spr\u00e1vn\u00e9 fungov\u00e1n\u00ed webov\u00fdch str\u00e1nek a neshroma\u017e\u010fuj\u00ed \u017e\u00e1dn\u00e9 va\u0161e osobn\u00ed \u00fadaje. Soubory cookie t\u0159et\u00edch stran pou\u017e\u00edvan\u00e9 na na\u0161ich webov\u00fdch str\u00e1nk\u00e1ch slou\u017e\u00ed p\u0159edev\u0161\u00edm k pochopen\u00ed toho, jak webov\u00e9 str\u00e1nky funguj\u00ed, jak s nimi komunikujete, k zabezpe\u010den\u00ed na\u0161ich slu\u017eeb, k poskytov\u00e1n\u00ed reklam, kter\u00e9 jsou pro v\u00e1s relevantn\u00ed, a obecn\u011b k zaji\u0161t\u011bn\u00ed lep\u0161\u00ed a kvalitn\u011bj\u0161\u00ed u\u017eivatelsk\u00e9 zku\u0161enosti. experience and help speed up your future interactions with our website.<\/p>\r\n\r\n\r\n\r\n<p>Spr\u00e1va p\u0159edvoleb soubor\u016f cookie<\/p>\r\n\r\n\r\n\r\n<p>P\u0159edvolby soubor\u016f cookie m\u016f\u017eete nastavit prost\u0159ednictv\u00edm banneru cookie v lev\u00e9 doln\u00ed \u010d\u00e1sti na\u0161ich webov\u00fdch str\u00e1nek.<\/p>\r\n\r\n\r\n\r\n<p>R\u016fzn\u00e9 prohl\u00ed\u017ee\u010de nav\u00edc nab\u00edzej\u00ed r\u016fzn\u00e9 zp\u016fsoby blokov\u00e1n\u00ed a maz\u00e1n\u00ed soubor\u016f cookie pou\u017e\u00edvan\u00fdch webov\u00fdmi str\u00e1nkami. Nastaven\u00ed prohl\u00ed\u017ee\u010de m\u016f\u017eete zm\u011bnit tak, aby soubory cookie blokoval\/vymaz\u00e1val. N\u00ed\u017ee jsou uvedeny odkazy na podp\u016frn\u00e9 dokumenty o tom, jak spravovat a odstra\u0148ovat soubory cookie z hlavn\u00edch webov\u00fdch prohl\u00ed\u017ee\u010d\u016f.<\/p>\r\n\r\n\r\n\r\n<p>Chrome: https:\/\/support.google.com\/accounts\/answer\/32050 Safari: https:\/\/support.apple.com\/en-in\/guide\/safari\/sfri11471\/mac<\/p>\r\n\r\n\r\n\r\n<p>Firefox: https:\/\/support.mozilla.org\/en-US\/kb\/clear-cookies-and-site-data-firefox?redirectslug=delete-cookies-remove-info-websites-stored&amp;redirectlocale=en-US<\/p>\r\n\r\n\r\n\r\n<p>Internet Explorer: https:\/\/support.microsoft.com\/en-us\/topic\/how-to-delete-cookie-files-in-internet-explorer-bca9446f-d873-78de-77ba-d42645fa52fc<\/p>\r\n\r\n\r\n\r\n<p>Pokud pou\u017e\u00edv\u00e1te jin\u00fd webov\u00fd prohl\u00ed\u017ee\u010d, nav\u0161tivte ofici\u00e1ln\u00ed dokumenty podpory prohl\u00ed\u017ee\u010de.<\/p>","protected":false},"excerpt":{"rendered":"<p>What are cookies? This cookie policy explains what cookies are and how we use them, the types of cookies we use, the information we collect through cookies and how that information is used, and how to manage your cookie settings. Cookies are small text files that are used to store small pieces of information. They [&hellip;]<\/p>\n","protected":false},"author":1,"featured_media":0,"parent":0,"menu_order":0,"comment_status":"closed","ping_status":"closed","template":"","meta":{"advanced_seo_description":"","jetpack_seo_html_title":"","jetpack_seo_noindex":false,"footnotes":""},"class_list":["post-12618","page","type-page","status-publish","hentry"],"jetpack_sharing_enabled":true,"jetpack_shortlink":"https:\/\/wp.me\/PeA86S-3hw","_links":{"self":[{"href":"https:\/\/veganova.eu\/cs\/wp-json\/wp\/v2\/pages\/12618","targetHints":{"allow":["GET"]}}],"collection":[{"href":"https:\/\/veganova.eu\/cs\/wp-json\/wp\/v2\/pages"}],"about":[{"href":"https:\/\/veganova.eu\/cs\/wp-json\/wp\/v2\/types\/page"}],"author":[{"embeddable":true,"href":"https:\/\/veganova.eu\/cs\/wp-json\/wp\/v2\/users\/1"}],"replies":[{"embeddable":true,"href":"https:\/\/veganova.eu\/cs\/wp-json\/wp\/v2\/comments?post=12618"}],"version-history":[{"count":1,"href":"https:\/\/veganova.eu\/cs\/wp-json\/wp\/v2\/pages\/12618\/revisions"}],"predecessor-version":[{"id":56206,"href":"https:\/\/veganova.eu\/cs\/wp-json\/wp\/v2\/pages\/12618\/revisions\/56206"}],"wp:attachment":[{"href":"https:\/\/veganova.eu\/cs\/wp-json\/wp\/v2\/media?parent=12618"}],"curies":[{"name":"wp","href":"https:\/\/api.w.org\/{rel}","templated":true}]}}