{"id":14659,"date":"2023-11-13T19:30:02","date_gmt":"2023-11-13T18:30:02","guid":{"rendered":"https:\/\/veganova.eu\/?post_type=product&#038;p=14659"},"modified":"2026-04-21T07:25:27","modified_gmt":"2026-04-21T05:25:27","slug":"himalaya-energizing-day-cream-50g","status":"publish","type":"product","link":"https:\/\/veganova.eu\/cs\/shop\/himalaya-energizing-day-cream-50g\/","title":{"rendered":"Himalaya Energizuj\u00edc\u00ed denn\u00ed kr\u00e9m - 50g"},"content":{"rendered":"<h3>Himalaya Energizuj\u00edc\u00ed denn\u00ed kr\u00e9m - 50g<\/h3>\n<p>Himalaya Energizuj\u00edc\u00ed denn\u00ed kr\u00e9m dod\u00e1 pleti dokonal\u00fd rann\u00ed start. Tento nemastn\u00fd, hedv\u00e1bn\u00fd kr\u00e9m je speci\u00e1ln\u011b vyvinut\u00fd pro rychl\u00e9 vst\u0159eb\u00e1v\u00e1n\u00ed do poko\u017eky a poskytuje pleti z\u00e1kladn\u00ed \u010dinnosti, kter\u00e9 pot\u0159ebuje, aby mohla \u010delit cel\u00e9mu dni.<\/p>\n<p>Hydratuje a dod\u00e1v\u00e1 pleti energii<br \/>\nPoskytuje ochranu p\u0159ed UV z\u00e1\u0159en\u00edm d\u00edky z\u00e1zvoru ostnit\u00e9mu a galganu (SPF30).<br \/>\nDokonal\u00fd podklad pod make-up<br \/>\nPom\u00e1h\u00e1 zlep\u0161it suchou ple\u0165 bez lesku<br \/>\nKlinicky ov\u011b\u0159en\u00e1 \u00fa\u010dinnost<br \/>\nDermatologicky testov\u00e1no<\/p>","protected":false},"excerpt":{"rendered":"<p>Himalaya Energizuj\u00edc\u00ed denn\u00ed kr\u00e9m je ide\u00e1ln\u00ed pro suchou ple\u0165, poskytuje p\u0159irozenou ochranu p\u0159ed UV z\u00e1\u0159en\u00edm a je ide\u00e1ln\u00edm za\u010d\u00e1tkem dne. Dokonal\u00fd podklad pod make-up. Obsah: 50g.<\/p>","protected":false},"featured_media":52438,"comment_status":"closed","ping_status":"closed","template":"","meta":{"advanced_seo_description":"","jetpack_seo_html_title":"","jetpack_seo_noindex":false},"pwb-brand":[690],"product_brand":[4859],"product_cat":[684,689],"product_tag":[],"class_list":{"0":"post-14659","1":"product","2":"type-product","3":"status-publish","4":"has-post-thumbnail","6":"pwb-brand-himalaya","7":"product_brand-himalaya","8":"product_cat-clean-beauty","9":"product_cat-natural-cosmetics","10":"brand_woo-himalaya","12":"first","13":"instock","14":"sale","15":"taxable","16":"shipping-taxable","17":"purchasable","18":"product-type-simple"},"jetpack_sharing_enabled":true,"brands":[{"id":690,"name":"Himalaya","slug":"himalaya"}],"_links":{"self":[{"href":"https:\/\/veganova.eu\/cs\/wp-json\/wp\/v2\/product\/14659","targetHints":{"allow":["GET"]}}],"collection":[{"href":"https:\/\/veganova.eu\/cs\/wp-json\/wp\/v2\/product"}],"about":[{"href":"https:\/\/veganova.eu\/cs\/wp-json\/wp\/v2\/types\/product"}],"replies":[{"embeddable":true,"href":"https:\/\/veganova.eu\/cs\/wp-json\/wp\/v2\/comments?post=14659"}],"version-history":[{"count":1,"href":"https:\/\/veganova.eu\/cs\/wp-json\/wp\/v2\/product\/14659\/revisions"}],"predecessor-version":[{"id":58915,"href":"https:\/\/veganova.eu\/cs\/wp-json\/wp\/v2\/product\/14659\/revisions\/58915"}],"wp:featuredmedia":[{"embeddable":true,"href":"https:\/\/veganova.eu\/cs\/wp-json\/wp\/v2\/media\/52438"}],"wp:attachment":[{"href":"https:\/\/veganova.eu\/cs\/wp-json\/wp\/v2\/media?parent=14659"}],"wp:term":[{"taxonomy":"pwb-brand","embeddable":true,"href":"https:\/\/veganova.eu\/cs\/wp-json\/wp\/v2\/pwb-brand?post=14659"},{"taxonomy":"product_brand","embeddable":true,"href":"https:\/\/veganova.eu\/cs\/wp-json\/wp\/v2\/product_brand?post=14659"},{"taxonomy":"product_cat","embeddable":true,"href":"https:\/\/veganova.eu\/cs\/wp-json\/wp\/v2\/product_cat?post=14659"},{"taxonomy":"product_tag","embeddable":true,"href":"https:\/\/veganova.eu\/cs\/wp-json\/wp\/v2\/product_tag?post=14659"}],"curies":[{"name":"wp","href":"https:\/\/api.w.org\/{rel}","templated":true}]}}