{"id":14665,"date":"2023-11-13T19:30:04","date_gmt":"2023-11-13T18:30:04","guid":{"rendered":"https:\/\/veganova.eu\/?post_type=product&#038;p=14665"},"modified":"2026-04-21T07:25:28","modified_gmt":"2026-04-21T05:25:28","slug":"allnutrition-flex-all-complete-cherry-400g","status":"publish","type":"product","link":"https:\/\/veganova.eu\/cs\/shop\/allnutrition-flex-all-complete-cherry-400g\/","title":{"rendered":"Allnutrition Flex All Complete, t\u0159e\u0161e\u0148 - 400g"},"content":{"rendered":"<h3>Allnutrition Flex All Complete, t\u0159e\u0161e\u0148 - 400g<\/h3>\n<p>Kloubn\u00ed chrupavka se naz\u00fdv\u00e1 chrupav\u010dit\u00e1 tk\u00e1\u0148 a zabra\u0148uje od\u00edr\u00e1n\u00ed kost\u00ed, kter\u00e9 jsou ve vz\u00e1jemn\u00e9m kontaktu. Ve vy\u0161\u0161\u00edm v\u011bku nem\u00e1 kloubn\u00ed chrupavka schopnost regenerace, co\u017e vede k mo\u017enosti jej\u00ed ztr\u00e1ty.<\/p>\n<p>D\u00edky p\u0159\u00edpravku FLEX ALL COMPLETE m\u016f\u017eete urychlit regeneraci a podpo\u0159it obnovu po\u0161kozen\u00e9 struktury chrupavky, kter\u00e1 stimuluje tvorbu kolagenu a obnovuje pru\u017enost kloub\u016f. Snadno straviteln\u00e9 slo\u017eky, kter\u00e9 jsou k dispozici ve form\u011b pr\u00e1\u0161ku, jsou v tomto regenera\u010dn\u00edm procesu nej\u00fa\u010dinn\u011bj\u0161\u00ed.<\/p>\n<p>FLEX ALL COMPLETE je produkt zalo\u017een\u00fd p\u0159edev\u0161\u00edm na kolagenu. Kolagen je b\u00edlkovina, kter\u00e1 pom\u00e1h\u00e1 udr\u017eovat zdrav\u00e9 kosti. Krom\u011b toho m\u00e1 \u0159adu podp\u016frn\u00fdch slo\u017eek. Pat\u0159\u00ed mezi n\u011b vitamin C, kter\u00fd napom\u00e1h\u00e1 spr\u00e1vn\u00e9 tvorb\u011b kolagenu pro zaji\u0161t\u011bn\u00ed spr\u00e1vn\u00e9 funkce chrupavek a k\u016f\u017ee.<\/p>","protected":false},"excerpt":{"rendered":"<p>Dopln\u011bk stravy pro kr\u00e1su a zdrav\u00ed Allnutrition Flex All Complete Obsahuje hydrolyzovan\u00fd hov\u011bz\u00ed kolagen, L-prolin, glukosamin, MSM, vitamin C, ho\u0159\u010d\u00edk a B6. P\u0159\u00edchu\u0165: P\u0159\u00edchu\u0165: t\u0159e\u0161e\u0148. Slo\u017een\u00ed: Slo\u017een\u00ed s p\u0159\u00edchut\u00ed t\u0159e\u0161n\u011b: 400g.<\/p>","protected":false},"featured_media":53753,"comment_status":"closed","ping_status":"closed","template":"","meta":{"advanced_seo_description":"","jetpack_seo_html_title":"","jetpack_seo_noindex":false},"pwb-brand":[475],"product_brand":[4774],"product_cat":[688,684],"product_tag":[],"class_list":{"0":"post-14665","1":"product","2":"type-product","3":"status-publish","4":"has-post-thumbnail","6":"pwb-brand-allnutrition","7":"product_brand-allnutrition","8":"product_cat-beauty-supplements","9":"product_cat-clean-beauty","10":"brand_woo-allnutrition","12":"first","13":"outofstock","14":"taxable","15":"shipping-taxable","16":"purchasable","17":"product-type-simple"},"jetpack_sharing_enabled":true,"brands":[{"id":475,"name":"Allnutrition","slug":"allnutrition"}],"_links":{"self":[{"href":"https:\/\/veganova.eu\/cs\/wp-json\/wp\/v2\/product\/14665","targetHints":{"allow":["GET"]}}],"collection":[{"href":"https:\/\/veganova.eu\/cs\/wp-json\/wp\/v2\/product"}],"about":[{"href":"https:\/\/veganova.eu\/cs\/wp-json\/wp\/v2\/types\/product"}],"replies":[{"embeddable":true,"href":"https:\/\/veganova.eu\/cs\/wp-json\/wp\/v2\/comments?post=14665"}],"version-history":[{"count":1,"href":"https:\/\/veganova.eu\/cs\/wp-json\/wp\/v2\/product\/14665\/revisions"}],"predecessor-version":[{"id":58918,"href":"https:\/\/veganova.eu\/cs\/wp-json\/wp\/v2\/product\/14665\/revisions\/58918"}],"wp:featuredmedia":[{"embeddable":true,"href":"https:\/\/veganova.eu\/cs\/wp-json\/wp\/v2\/media\/53753"}],"wp:attachment":[{"href":"https:\/\/veganova.eu\/cs\/wp-json\/wp\/v2\/media?parent=14665"}],"wp:term":[{"taxonomy":"pwb-brand","embeddable":true,"href":"https:\/\/veganova.eu\/cs\/wp-json\/wp\/v2\/pwb-brand?post=14665"},{"taxonomy":"product_brand","embeddable":true,"href":"https:\/\/veganova.eu\/cs\/wp-json\/wp\/v2\/product_brand?post=14665"},{"taxonomy":"product_cat","embeddable":true,"href":"https:\/\/veganova.eu\/cs\/wp-json\/wp\/v2\/product_cat?post=14665"},{"taxonomy":"product_tag","embeddable":true,"href":"https:\/\/veganova.eu\/cs\/wp-json\/wp\/v2\/product_tag?post=14665"}],"curies":[{"name":"wp","href":"https:\/\/api.w.org\/{rel}","templated":true}]}}