{"id":14699,"date":"2023-11-13T19:30:23","date_gmt":"2023-11-13T18:30:23","guid":{"rendered":"https:\/\/veganova.eu\/?post_type=product&#038;p=14699"},"modified":"2026-04-21T07:25:29","modified_gmt":"2026-04-21T05:25:29","slug":"himalaya-intensive-moisturizing-cream-50-ml","status":"publish","type":"product","link":"https:\/\/veganova.eu\/cs\/shop\/himalaya-intensive-moisturizing-cream-50-ml\/","title":{"rendered":"Himalaya Intenzivn\u00ed hydrata\u010dn\u00ed kr\u00e9m - 50 ml."},"content":{"rendered":"<h3>Himalaya Intenzivn\u00ed hydrata\u010dn\u00ed kr\u00e9m - 50 ml.<\/h3>\n<p>Intenzivn\u00ed hydrata\u010dn\u00ed kr\u00e9m Himalaya hydratuje i extr\u00e9mn\u011b such\u00e1 m\u00edsta va\u0161\u00ed poko\u017eky. P\u0161eni\u010dn\u00e9 kl\u00ed\u010dky, bohat\u00fd p\u0159\u00edrodn\u00ed zdroj vitaminu E, poskytuj\u00ed v\u00fd\u017eivu, aby byla poko\u017eka jemn\u00e1 a pru\u017en\u00e1, a chr\u00e1n\u00ed ji p\u0159ed po\u0161kozen\u00edm vlivem \u017eivotn\u00edho prost\u0159ed\u00ed. Mandle hydratuj\u00ed i extr\u00e9mn\u011b such\u00e1 m\u00edsta poko\u017eky.<\/p>","protected":false},"excerpt":{"rendered":"<p>Hydrata\u010dn\u00ed kr\u00e9m Himalaya Intensive je ide\u00e1ln\u00ed pro suchou ple\u0165, chr\u00e1n\u00ed a extr\u00e9mn\u011b hydratuje. Obsahuje: 50 g.<\/p>","protected":false},"featured_media":52400,"comment_status":"closed","ping_status":"closed","template":"","meta":{"advanced_seo_description":"","jetpack_seo_html_title":"","jetpack_seo_noindex":false},"pwb-brand":[690],"product_brand":[4859],"product_cat":[684,689],"product_tag":[],"class_list":{"0":"post-14699","1":"product","2":"type-product","3":"status-publish","4":"has-post-thumbnail","6":"pwb-brand-himalaya","7":"product_brand-himalaya","8":"product_cat-clean-beauty","9":"product_cat-natural-cosmetics","10":"brand_woo-himalaya","12":"first","13":"instock","14":"taxable","15":"shipping-taxable","16":"purchasable","17":"product-type-simple"},"jetpack_sharing_enabled":true,"brands":[{"id":690,"name":"Himalaya","slug":"himalaya"}],"_links":{"self":[{"href":"https:\/\/veganova.eu\/cs\/wp-json\/wp\/v2\/product\/14699","targetHints":{"allow":["GET"]}}],"collection":[{"href":"https:\/\/veganova.eu\/cs\/wp-json\/wp\/v2\/product"}],"about":[{"href":"https:\/\/veganova.eu\/cs\/wp-json\/wp\/v2\/types\/product"}],"replies":[{"embeddable":true,"href":"https:\/\/veganova.eu\/cs\/wp-json\/wp\/v2\/comments?post=14699"}],"version-history":[{"count":1,"href":"https:\/\/veganova.eu\/cs\/wp-json\/wp\/v2\/product\/14699\/revisions"}],"predecessor-version":[{"id":56065,"href":"https:\/\/veganova.eu\/cs\/wp-json\/wp\/v2\/product\/14699\/revisions\/56065"}],"wp:featuredmedia":[{"embeddable":true,"href":"https:\/\/veganova.eu\/cs\/wp-json\/wp\/v2\/media\/52400"}],"wp:attachment":[{"href":"https:\/\/veganova.eu\/cs\/wp-json\/wp\/v2\/media?parent=14699"}],"wp:term":[{"taxonomy":"pwb-brand","embeddable":true,"href":"https:\/\/veganova.eu\/cs\/wp-json\/wp\/v2\/pwb-brand?post=14699"},{"taxonomy":"product_brand","embeddable":true,"href":"https:\/\/veganova.eu\/cs\/wp-json\/wp\/v2\/product_brand?post=14699"},{"taxonomy":"product_cat","embeddable":true,"href":"https:\/\/veganova.eu\/cs\/wp-json\/wp\/v2\/product_cat?post=14699"},{"taxonomy":"product_tag","embeddable":true,"href":"https:\/\/veganova.eu\/cs\/wp-json\/wp\/v2\/product_tag?post=14699"}],"curies":[{"name":"wp","href":"https:\/\/api.w.org\/{rel}","templated":true}]}}