{"id":14709,"date":"2023-11-13T19:30:26","date_gmt":"2023-11-13T18:30:26","guid":{"rendered":"https:\/\/veganova.eu\/?post_type=product&#038;p=14709"},"modified":"2026-04-21T07:25:30","modified_gmt":"2026-04-21T05:25:30","slug":"himalaya-kids-toothpaste-bubble-gum-80g","status":"publish","type":"product","link":"https:\/\/veganova.eu\/cs\/shop\/himalaya-kids-toothpaste-bubble-gum-80g\/","title":{"rendered":"Zubn\u00ed pasta Himalaya Kids, Bubble Gum - 80g"},"content":{"rendered":"<h3>Zubn\u00ed pasta Himalaya Kids, Bubble Gum - 80g<\/h3>\n<p>Zubn\u00ed pasta Himalaya Bubble Gum pro d\u011bti kombinuje \u010distotu bez fluoridu se skv\u011blou chut\u00ed. Pom\u00e1h\u00e1 v boji proti zubn\u00edmu kazu a pom\u00e1h\u00e1 p\u0159edch\u00e1zet vzniku zubn\u00edho kazu. Pom\u00e1h\u00e1 chr\u00e1nit zuby p\u0159ed \u00fatoky kyselin. \u0160etrn\u00e1 k zubn\u00ed sklovin\u011b. Udr\u017euje zdrav\u00e9 d\u00e1sn\u011b a podporuje \u00fastn\u00ed hygienu. Pom\u00e1h\u00e1 sni\u017eovat z\u00e1pach z \u00fast a dod\u00e1v\u00e1 pocit sv\u011b\u017eesti.<\/p>\n<p>Neobsahuje: fluoridy, SLS, karagen, lepek a potravin\u00e1\u0159sk\u00e1 barviva<br \/>\n100% Vegan<br \/>\n\u017d\u00e1dn\u00e9 um\u011bl\u00e9 p\u0159\u00edchut\u011b<br \/>\nS organick\u00fdmi p\u0159\u00edsadami<\/p>","protected":false},"excerpt":{"rendered":"<p>Zubn\u00ed pasta Himalaya Kids s p\u0159\u00edchut\u00ed \u017ev\u00fdka\u010dky, 100% vegansk\u00e1, bez um\u011bl\u00fdch p\u0159\u00edchut\u00ed a s organick\u00fdmi p\u0159\u00edsadami. Obsahuje: 80 g.<\/p>","protected":false},"featured_media":52389,"comment_status":"closed","ping_status":"closed","template":"","meta":{"advanced_seo_description":"","jetpack_seo_html_title":"","jetpack_seo_noindex":false},"pwb-brand":[690],"product_brand":[4859],"product_cat":[684,689],"product_tag":[],"class_list":{"0":"post-14709","1":"product","2":"type-product","3":"status-publish","4":"has-post-thumbnail","6":"pwb-brand-himalaya","7":"product_brand-himalaya","8":"product_cat-clean-beauty","9":"product_cat-natural-cosmetics","10":"brand_woo-himalaya","12":"first","13":"instock","14":"taxable","15":"shipping-taxable","16":"purchasable","17":"product-type-simple"},"jetpack_sharing_enabled":true,"brands":[{"id":690,"name":"Himalaya","slug":"himalaya"}],"_links":{"self":[{"href":"https:\/\/veganova.eu\/cs\/wp-json\/wp\/v2\/product\/14709","targetHints":{"allow":["GET"]}}],"collection":[{"href":"https:\/\/veganova.eu\/cs\/wp-json\/wp\/v2\/product"}],"about":[{"href":"https:\/\/veganova.eu\/cs\/wp-json\/wp\/v2\/types\/product"}],"replies":[{"embeddable":true,"href":"https:\/\/veganova.eu\/cs\/wp-json\/wp\/v2\/comments?post=14709"}],"version-history":[{"count":1,"href":"https:\/\/veganova.eu\/cs\/wp-json\/wp\/v2\/product\/14709\/revisions"}],"predecessor-version":[{"id":58932,"href":"https:\/\/veganova.eu\/cs\/wp-json\/wp\/v2\/product\/14709\/revisions\/58932"}],"wp:featuredmedia":[{"embeddable":true,"href":"https:\/\/veganova.eu\/cs\/wp-json\/wp\/v2\/media\/52389"}],"wp:attachment":[{"href":"https:\/\/veganova.eu\/cs\/wp-json\/wp\/v2\/media?parent=14709"}],"wp:term":[{"taxonomy":"pwb-brand","embeddable":true,"href":"https:\/\/veganova.eu\/cs\/wp-json\/wp\/v2\/pwb-brand?post=14709"},{"taxonomy":"product_brand","embeddable":true,"href":"https:\/\/veganova.eu\/cs\/wp-json\/wp\/v2\/product_brand?post=14709"},{"taxonomy":"product_cat","embeddable":true,"href":"https:\/\/veganova.eu\/cs\/wp-json\/wp\/v2\/product_cat?post=14709"},{"taxonomy":"product_tag","embeddable":true,"href":"https:\/\/veganova.eu\/cs\/wp-json\/wp\/v2\/product_tag?post=14709"}],"curies":[{"name":"wp","href":"https:\/\/api.w.org\/{rel}","templated":true}]}}