{"id":14932,"date":"2023-11-18T11:05:05","date_gmt":"2023-11-18T10:05:05","guid":{"rendered":"https:\/\/veganova.eu\/?post_type=product&#038;p=14932"},"modified":"2026-04-21T07:25:36","modified_gmt":"2026-04-21T05:25:36","slug":"swanson-keratin-50mg-60-caps","status":"publish","type":"product","link":"https:\/\/veganova.eu\/cs\/shop\/swanson-keratin-50mg-60-caps\/","title":{"rendered":"Swanson Keratin, 50 mg - 60 kapsl\u00ed"},"content":{"rendered":"<h3>Swanson Keratin<\/h3>\n<ul>\n<li>\u010cist\u00e9 keratinov\u00e9 vitam\u00edny<\/li>\n<li>Vyrobeno z tibetsk\u00e9 vlny<\/li>\n<li>Podporuje zdrav\u00e9 klouby, k\u016f\u017ei, vlasy a nehty.<\/li>\n<\/ul>\n<p>Keratiny jsou skupinou hou\u017eevnat\u00fdch vl\u00e1knit\u00fdch b\u00edlkovin, kter\u00e9 pom\u00e1haj\u00ed udr\u017eovat zdrav\u00e9 klouby a podporuj\u00ed k\u016f\u017ei, vlasy a nehty. Keratiny maj\u00ed mimo\u0159\u00e1dn\u011b vysok\u00fd obsah aminokyseliny cysteinu, kter\u00e1 je sama o sob\u011b bohat\u00fdm zdrojem molekul s\u00edry, je\u017e vy\u017eivuj\u00ed a posiluj\u00ed tk\u00e1n\u011b chrupavek. Kdy\u017e se molekuly s\u00edry z cysteinu spoj\u00ed dohromady, vytvo\u0159\u00ed velmi pevn\u00e9 vazby zvan\u00e9 \"cysteinov\u00e9 m\u016fstky\". Tyto m\u016fstky poskytuj\u00ed \u017eivotn\u011b d\u016fle\u017eitou oporu pro nosn\u00e9 klouby. Keratin Swanson Premium Brand\u00ae, z\u00edskan\u00fd z tibetsk\u00e9 vlny, dod\u00e1v\u00e1 \u010dist\u00fd, potravin\u00e1\u0159sk\u00fd hydrolyzovan\u00fd keratin, kter\u00fd vy\u017eivuje zdrav\u00e9 pojivov\u00e9 tk\u00e1n\u011b a podporuje zdrav\u00ed, pevnost a vzhled k\u016f\u017ee, vlas\u016f a neht\u016f.<\/p>","protected":false},"excerpt":{"rendered":"<p>Dopln\u011bk stravy pro kr\u00e1su Swanson Keratin Obsahuje p\u0159\u00edrodn\u00ed keratin z tibetsk\u00e9 vlny pro zdravou poko\u017eku, vlasy a nehty. Vy\u017eivuje zdrav\u00e9 pojivov\u00e9 tk\u00e1n\u011b a podporuje zdrav\u00ed, pevnost a vzhled poko\u017eky, vlas\u016f a neht\u016f. Obsahuje: 60 kapsl\u00ed.<\/p>","protected":false},"featured_media":51215,"comment_status":"closed","ping_status":"closed","template":"","meta":{"advanced_seo_description":"","jetpack_seo_html_title":"","jetpack_seo_noindex":false},"pwb-brand":[450],"product_brand":[4753],"product_cat":[688,684],"product_tag":[],"class_list":{"0":"post-14932","1":"product","2":"type-product","3":"status-publish","4":"has-post-thumbnail","6":"pwb-brand-swanson","7":"product_brand-swanson","8":"product_cat-beauty-supplements","9":"product_cat-clean-beauty","10":"brand_woo-swanson","12":"first","13":"instock","14":"taxable","15":"shipping-taxable","16":"purchasable","17":"product-type-simple"},"jetpack_sharing_enabled":true,"brands":[{"id":450,"name":"Swanson","slug":"swanson"}],"_links":{"self":[{"href":"https:\/\/veganova.eu\/cs\/wp-json\/wp\/v2\/product\/14932","targetHints":{"allow":["GET"]}}],"collection":[{"href":"https:\/\/veganova.eu\/cs\/wp-json\/wp\/v2\/product"}],"about":[{"href":"https:\/\/veganova.eu\/cs\/wp-json\/wp\/v2\/types\/product"}],"replies":[{"embeddable":true,"href":"https:\/\/veganova.eu\/cs\/wp-json\/wp\/v2\/comments?post=14932"}],"version-history":[{"count":1,"href":"https:\/\/veganova.eu\/cs\/wp-json\/wp\/v2\/product\/14932\/revisions"}],"predecessor-version":[{"id":59009,"href":"https:\/\/veganova.eu\/cs\/wp-json\/wp\/v2\/product\/14932\/revisions\/59009"}],"wp:featuredmedia":[{"embeddable":true,"href":"https:\/\/veganova.eu\/cs\/wp-json\/wp\/v2\/media\/51215"}],"wp:attachment":[{"href":"https:\/\/veganova.eu\/cs\/wp-json\/wp\/v2\/media?parent=14932"}],"wp:term":[{"taxonomy":"pwb-brand","embeddable":true,"href":"https:\/\/veganova.eu\/cs\/wp-json\/wp\/v2\/pwb-brand?post=14932"},{"taxonomy":"product_brand","embeddable":true,"href":"https:\/\/veganova.eu\/cs\/wp-json\/wp\/v2\/product_brand?post=14932"},{"taxonomy":"product_cat","embeddable":true,"href":"https:\/\/veganova.eu\/cs\/wp-json\/wp\/v2\/product_cat?post=14932"},{"taxonomy":"product_tag","embeddable":true,"href":"https:\/\/veganova.eu\/cs\/wp-json\/wp\/v2\/product_tag?post=14932"}],"curies":[{"name":"wp","href":"https:\/\/api.w.org\/{rel}","templated":true}]}}