{"id":15475,"date":"2023-12-20T17:29:48","date_gmt":"2023-12-20T16:29:48","guid":{"rendered":"https:\/\/veganova.eu\/?post_type=product&#038;p=15475"},"modified":"2026-04-21T07:25:41","modified_gmt":"2026-04-21T05:25:41","slug":"kiki-health-liquid-iron-50-ml","status":"publish","type":"product","link":"https:\/\/veganova.eu\/cs\/shop\/kiki-health-liquid-iron-50-ml\/","title":{"rendered":"KIKI Health Liquid Iron - 50 ml."},"content":{"rendered":"<h3>KIKI Health Liquid Iron - 50 ml.<\/h3>\n<ul>\n<li>5 mg \u017eeleza v jedn\u00e9 porci (doporu\u010den\u00fd p\u0159\u00edjem 36%)<\/li>\n<li>Vyrobeno z 100% p\u0159\u00edrodn\u00edch miner\u00e1l\u016f ze zem\u011b<\/li>\n<li>Jednodu\u0161e se sm\u00edch\u00e1 s deionizovanou vodou<\/li>\n<li>Rychle se vst\u0159eb\u00e1v\u00e1 a je 100% biologicky dostupn\u00fd<\/li>\n<li>Podporuje optim\u00e1ln\u00ed rovnov\u00e1hu miner\u00e1l\u016f<\/li>\n<li>D\u00edky sv\u00e9 tekut\u00e9 form\u011b nevy\u017eaduj\u00ed tr\u00e1ven\u00ed.<\/li>\n<li>Snadn\u00e9 pou\u017eit\u00ed, sta\u010d\u00ed p\u0159idat n\u011bkolik kapek do vody.<\/li>\n<\/ul>\n<p>\u017delezo p\u0159isp\u00edv\u00e1 k norm\u00e1ln\u00edm kognitivn\u00edm funkc\u00edm, k energetick\u00e9mu metabolismu, k tvorb\u011b \u010derven\u00fdch krvinek a hemoglobinu a k p\u0159enosu kysl\u00edku v t\u011ble. Zm\u00edr\u0148uje \u00fanavu a vy\u010derp\u00e1n\u00ed, podporuje norm\u00e1ln\u00ed funkci imunitn\u00edho syst\u00e9mu a napom\u00e1h\u00e1 d\u011blen\u00ed bun\u011bk.<\/p>\n<p>Na\u0161e p\u0159irozen\u011b se vyskytuj\u00edc\u00ed iontov\u00e9 miner\u00e1ly jsou navr\u017eeny tak, aby obnovovaly miner\u00e1ly na bun\u011b\u010dn\u00e9 \u00farovni.<\/p>\n<p>Po p\u0159id\u00e1n\u00ed do deionizovan\u00e9 vody pom\u00e1haj\u00ed tyto iontov\u00e9 tekut\u00e9 koncentr\u00e1ty vyroben\u00e9 z 100% p\u0159irozen\u011b se vyskytuj\u00edc\u00edch miner\u00e1l\u016f ze zem\u011b navodit stav \"mineralibrium\" neboli optim\u00e1ln\u00ed miner\u00e1ln\u00ed rovnov\u00e1hu tk\u00e1n\u00ed.<\/p>\n<p>D\u00edky jejich tekut\u00e9 form\u011b jsou snadno straviteln\u00e9 a pro t\u011blo pln\u011b biologicky dostupn\u00e9, proto\u017ee se rychle vst\u0159eb\u00e1vaj\u00ed, ani\u017e by byly str\u00e1veny, co\u017e v\u00e1m umo\u017en\u00ed vyu\u017e\u00edvat jejich v\u00fdhod bez prodlen\u00ed.<\/p>\n<p>Jejich pou\u017eit\u00ed je tak jednoduch\u00e9, jako p\u0159id\u00e1n\u00ed n\u011bkolika kapek do sklenice vody.<\/p>","protected":false},"excerpt":{"rendered":"<p>Vegansk\u00fd dopln\u011bk stravy se \u017eelezem v tekut\u00e9 form\u011b KIKI Health Liquid Iron obsahuje 5 mg \u017eeleza na jednu odm\u011brku (30 kapek\/2 ml). 100% biologick\u00e1 dostupnost, p\u0159\u00edrodn\u00ed forma \u017eeleza, lehce straviteln\u00e1. Bez lepku. Obsah balen\u00ed: Balen\u00ed obsahuje: 50 ml.<\/p>","protected":false},"featured_media":51351,"comment_status":"closed","ping_status":"closed","template":"","meta":{"advanced_seo_description":"","jetpack_seo_html_title":"","jetpack_seo_noindex":false},"pwb-brand":[166],"product_brand":[4573],"product_cat":[172],"product_tag":[],"class_list":{"0":"post-15475","1":"product","2":"type-product","3":"status-publish","4":"has-post-thumbnail","6":"pwb-brand-kiki-health","7":"product_brand-kiki-health","8":"product_cat-minerals","9":"brand_woo-kiki-health","11":"first","12":"outofstock","13":"taxable","14":"shipping-taxable","15":"purchasable","16":"product-type-simple"},"jetpack_sharing_enabled":true,"brands":[{"id":166,"name":"KIKI Health","slug":"kiki-health"}],"_links":{"self":[{"href":"https:\/\/veganova.eu\/cs\/wp-json\/wp\/v2\/product\/15475","targetHints":{"allow":["GET"]}}],"collection":[{"href":"https:\/\/veganova.eu\/cs\/wp-json\/wp\/v2\/product"}],"about":[{"href":"https:\/\/veganova.eu\/cs\/wp-json\/wp\/v2\/types\/product"}],"replies":[{"embeddable":true,"href":"https:\/\/veganova.eu\/cs\/wp-json\/wp\/v2\/comments?post=15475"}],"version-history":[{"count":1,"href":"https:\/\/veganova.eu\/cs\/wp-json\/wp\/v2\/product\/15475\/revisions"}],"predecessor-version":[{"id":59073,"href":"https:\/\/veganova.eu\/cs\/wp-json\/wp\/v2\/product\/15475\/revisions\/59073"}],"wp:featuredmedia":[{"embeddable":true,"href":"https:\/\/veganova.eu\/cs\/wp-json\/wp\/v2\/media\/51351"}],"wp:attachment":[{"href":"https:\/\/veganova.eu\/cs\/wp-json\/wp\/v2\/media?parent=15475"}],"wp:term":[{"taxonomy":"pwb-brand","embeddable":true,"href":"https:\/\/veganova.eu\/cs\/wp-json\/wp\/v2\/pwb-brand?post=15475"},{"taxonomy":"product_brand","embeddable":true,"href":"https:\/\/veganova.eu\/cs\/wp-json\/wp\/v2\/product_brand?post=15475"},{"taxonomy":"product_cat","embeddable":true,"href":"https:\/\/veganova.eu\/cs\/wp-json\/wp\/v2\/product_cat?post=15475"},{"taxonomy":"product_tag","embeddable":true,"href":"https:\/\/veganova.eu\/cs\/wp-json\/wp\/v2\/product_tag?post=15475"}],"curies":[{"name":"wp","href":"https:\/\/api.w.org\/{rel}","templated":true}]}}