{"id":15675,"date":"2023-12-20T17:31:43","date_gmt":"2023-12-20T16:31:43","guid":{"rendered":"https:\/\/veganova.eu\/?post_type=product&#038;p=15675"},"modified":"2026-04-21T07:25:47","modified_gmt":"2026-04-21T05:25:47","slug":"holland-barrett-co-q10-energy-50mg-30tabs","status":"publish","type":"product","link":"https:\/\/veganova.eu\/cs\/shop\/holland-barrett-co-q10-energy-50mg-30tabs\/","title":{"rendered":"Holland &amp; Barrett Co-Q10 Energy 50mg\/30tabs"},"content":{"rendered":"<h3>Holland &amp; Barrett Co-Q10 Energy koenzym Q10 pro energii<\/h3>\n<p><span class=\"HwtZe\" lang=\"en\"><span class=\"jCAhz ChMk0b\"><span class=\"ryNqvb\">A\u010dkoli koenzym Q-10 m\u016f\u017ee zn\u00edt trochu jako chemick\u00e1 l\u00e1tka vyp\u011bstovan\u00e1 v laborato\u0159i, ve skute\u010dnosti ho vyr\u00e1b\u00ed lidsk\u00e9 t\u011blo.<\/span><\/span> <span class=\"jCAhz ChMk0b\"><span class=\"ryNqvb\">Nach\u00e1z\u00ed se v ka\u017ed\u00e9 bu\u0148ce v mitochondri\u00edch a obecn\u011b m\u00e1 pom\u011brn\u011b d\u016fle\u017eitou roli.<\/span><\/span> <span class=\"jCAhz ChMk0b\"><span class=\"ryNqvb\">L\u00e1tka podobn\u00e1 vitaminu je nezbytn\u00e1 pro mnoho biochemick\u00fdch reakc\u00ed.<\/span><\/span> <span class=\"ryNqvb\">Org\u00e1ny, jako jsou srdce, j\u00e1tra, pl\u00edce a ledviny, a kostern\u00ed svaly maj\u00ed nejvy\u0161\u0161\u00ed koncentraci koenzymu Q-10, proto\u017ee pot\u0159ebuj\u00ed velk\u00e9 mno\u017estv\u00ed energie.<\/span><\/span><\/p>\n<p><span class=\"HwtZe\" lang=\"en\"><span class=\"jCAhz ChMk0b\"><span class=\"ryNqvb\">Koenzym Q-10 je d\u016fle\u017eitou slo\u017ekou p\u0159i tvorb\u011b adenosintrifosf\u00e1tu (ATP) - molekuly, kter\u00e1 pom\u00e1h\u00e1 rozv\u00e1d\u011bt energii do v\u0161ech bun\u011bk v t\u011ble.<\/span><\/span> <span class=\"jCAhz ChMk0b\"><span class=\"ryNqvb\">V ml\u00e1d\u00ed na\u0161e t\u011blo obvykle produkuje velk\u00e9 mno\u017estv\u00ed t\u00e9to l\u00e1tky p\u0159irozen\u011b, ale s v\u011bkem se jej\u00ed produkce pon\u011bkud zpomaluje.<\/span><\/span> <\/span><\/p>\n<p><span class=\"HwtZe\" lang=\"en\"><span class=\"jCAhz ChMk0b\"><span class=\"ryNqvb\">Pokud chcete j\u00edt cestou diety, dbejte na to, abyste jedli potraviny jako hov\u011bz\u00ed maso, sled\u011b, ku\u0159ec\u00ed maso, pstruha duhov\u00e9ho, vejce, ara\u0161\u00eddy, \u0159epkov\u00fd olej, sezamov\u00e1 sem\u00ednka, pist\u00e1cie a brokolici.<\/span> <span class=\"jCAhz ChMk0b\"><span class=\"ryNqvb\">M\u016f\u017eete v\u0161ak u\u017e\u00edvat dopln\u011bk stravy, kter\u00fd dopln\u00ed hladinu koenzymu Q-10, kter\u00fd bude tvo\u0159it alespo\u0148 \u010d\u00e1st va\u0161eho p\u0159\u00edjmu.<\/span> <\/span><\/span><\/span><\/p>\n<p><span class=\"HwtZe\" lang=\"sk\"><span class=\"jCAhz ChMk0b\"><span class=\"ryNqvb\">Vhodn\u00e9 pro vegetari\u00e1ny a vegany.<\/span><\/span><\/span><\/p>\n<p>Slo\u017een\u00ed: Obsahuje: Objemov\u00e9 l\u00e1tky (fosfore\u010dnan v\u00e1penat\u00fd, mikrokrystalick\u00e1 celul\u00f3za, uhli\u010ditan v\u00e1penat\u00fd), protisp\u00e9kav\u00e9 l\u00e1tky (kyselina stearov\u00e1, oxid k\u0159emi\u010dit\u00fd, stearan ho\u0159e\u010dnat\u00fd), koenzym Q10 (ubichinon), maltodextrin, le\u0161t\u00edc\u00ed l\u00e1tky (hydroxypropylmethylcelul\u00f3za, glycerol, hydroxypropylcelul\u00f3za), vitamin B1 (thiamin mononitr\u00e1t).<\/p>","protected":false},"excerpt":{"rendered":"<p>Koenz\u0102\u00bdm Q10 Holland &amp; Barrett Co-Q10 Energy 50 mg Energie dod\u00e1v\u00e1 energii ka\u017ed\u00e9 bu\u0148ce lidsk\u00e9ho t\u011bla. Certifikace: Vegan, Vege. Obsah balen\u00ed: Balen\u00ed: 30 tablet.<\/p>","protected":false},"featured_media":51812,"comment_status":"closed","ping_status":"closed","template":"","meta":{"advanced_seo_description":"","jetpack_seo_html_title":"","jetpack_seo_noindex":false},"pwb-brand":[1087],"product_brand":[4936],"product_cat":[688,684,284,152],"product_tag":[860],"class_list":{"0":"post-15675","1":"product","2":"type-product","3":"status-publish","4":"has-post-thumbnail","6":"pwb-brand-holland-barrett","7":"product_brand-holland-barrett","8":"product_cat-beauty-supplements","9":"product_cat-clean-beauty","10":"product_cat-trace-elements","11":"product_cat-vitamins-and-minerals","12":"product_tag-energy","13":"brand_woo-holland-barrett","15":"first","16":"instock","17":"taxable","18":"shipping-taxable","19":"purchasable","20":"product-type-simple"},"jetpack_sharing_enabled":true,"brands":[{"id":1087,"name":"Holland &amp; Barrett","slug":"holland-barrett"}],"_links":{"self":[{"href":"https:\/\/veganova.eu\/cs\/wp-json\/wp\/v2\/product\/15675","targetHints":{"allow":["GET"]}}],"collection":[{"href":"https:\/\/veganova.eu\/cs\/wp-json\/wp\/v2\/product"}],"about":[{"href":"https:\/\/veganova.eu\/cs\/wp-json\/wp\/v2\/types\/product"}],"replies":[{"embeddable":true,"href":"https:\/\/veganova.eu\/cs\/wp-json\/wp\/v2\/comments?post=15675"}],"version-history":[{"count":1,"href":"https:\/\/veganova.eu\/cs\/wp-json\/wp\/v2\/product\/15675\/revisions"}],"predecessor-version":[{"id":59155,"href":"https:\/\/veganova.eu\/cs\/wp-json\/wp\/v2\/product\/15675\/revisions\/59155"}],"wp:featuredmedia":[{"embeddable":true,"href":"https:\/\/veganova.eu\/cs\/wp-json\/wp\/v2\/media\/51812"}],"wp:attachment":[{"href":"https:\/\/veganova.eu\/cs\/wp-json\/wp\/v2\/media?parent=15675"}],"wp:term":[{"taxonomy":"pwb-brand","embeddable":true,"href":"https:\/\/veganova.eu\/cs\/wp-json\/wp\/v2\/pwb-brand?post=15675"},{"taxonomy":"product_brand","embeddable":true,"href":"https:\/\/veganova.eu\/cs\/wp-json\/wp\/v2\/product_brand?post=15675"},{"taxonomy":"product_cat","embeddable":true,"href":"https:\/\/veganova.eu\/cs\/wp-json\/wp\/v2\/product_cat?post=15675"},{"taxonomy":"product_tag","embeddable":true,"href":"https:\/\/veganova.eu\/cs\/wp-json\/wp\/v2\/product_tag?post=15675"}],"curies":[{"name":"wp","href":"https:\/\/api.w.org\/{rel}","templated":true}]}}