{"id":15709,"date":"2023-12-20T17:33:00","date_gmt":"2023-12-20T16:33:00","guid":{"rendered":"https:\/\/veganova.eu\/?post_type=product&#038;p=15709"},"modified":"2026-04-21T07:25:48","modified_gmt":"2026-04-21T05:25:48","slug":"holland-barrett-marine-collagen-with-vitamin-c-90-tablets","status":"publish","type":"product","link":"https:\/\/veganova.eu\/cs\/shop\/holland-barrett-marine-collagen-with-vitamin-c-90-tablets\/","title":{"rendered":"Holland &amp; Barrett Mo\u0159sk\u00fd kolagen s vitaminem C - 90 tablet"},"content":{"rendered":"<h3 class=\"Overview-module_title__2E6-J\">Holland &amp; Barrett Mo\u0159sk\u00fd kolagen s vitaminem C: mo\u0159sk\u00fd kolagen s vitaminem C<\/h3>\n<p><span class=\"HwtZe\" lang=\"en\"><span class=\"jCAhz ChMk0b\"><span class=\"ryNqvb\">Vitamin C p\u0159isp\u00edv\u00e1 k norm\u00e1ln\u00ed tvorb\u011b kolagenu.<\/span><\/span> <\/span><\/p>\n<p><span class=\"HwtZe\" lang=\"en\"><span class=\"jCAhz ChMk0b\"><span class=\"ryNqvb\">Kolagen je b\u00edlkovina, kter\u00e1 podporuje kl\u00ed\u010dov\u00e9 oblasti va\u0161eho t\u011bla, v\u010detn\u011b k\u016f\u017ee, kost\u00ed, zub\u016f, d\u00e1sn\u00ed, c\u00e9v a kloub\u016f.<\/span><\/span> <span class=\"jCAhz ChMk0b\"><span class=\"ryNqvb\">Synt\u00e9za kolagenu (proces spojov\u00e1n\u00ed r\u016fzn\u00fdch aminokyselin a slo\u017eek za \u00fa\u010delem tvorby nov\u00e9ho kolagenu) v t\u011ble v\u0161ak s p\u0159ib\u00fdvaj\u00edc\u00edm v\u011bkem za\u010d\u00edn\u00e1 klesat. <\/span><\/span><\/span><\/p>\n<p><span class=\"HwtZe\" lang=\"sk\"><span class=\"jCAhz ChMk0b\"><span class=\"ryNqvb\">Mo\u0159sk\u00fd kolagen s vitaminem C od Holland &amp; Barrett pom\u00e1h\u00e1 udr\u017eovat va\u0161i poko\u017eku zdravou.<\/span><\/span> <span class=\"jCAhz ChMk0b\"><span class=\"ryNqvb\">Tyto dopl\u0148ky obsahuj\u00ed tak\u00e9 vitamin C, kter\u00fd p\u0159isp\u00edv\u00e1 k norm\u00e1ln\u00ed tvorb\u011b kolagenu pro norm\u00e1ln\u00ed funkci poko\u017eky.<\/span><\/span> <span class=\"jCAhz ChMk0b\"><span class=\"ryNqvb\">Vitamin C tak\u00e9 pom\u00e1h\u00e1 podporovat imunitn\u00ed syst\u00e9m, norm\u00e1ln\u00ed du\u0161evn\u00ed \u010dinnost a norm\u00e1ln\u00ed energetick\u00fd metabolismus.<br \/>\n<\/span><\/span><\/span><\/p>\n<p><strong>Slo\u017een\u00ed:<\/strong> Mo\u0159sk\u00fd kolagen <b>(Ryba)<\/b>, Objemov\u00e9 \u010dinidlo (mikrokrystalick\u00e1 celul\u00f3za), vitamin C (jako kyselina askorbov\u00e1), le\u0161t\u00edc\u00ed l\u00e1tky (hydroxypropylmethylcelul\u00f3za, glycerol), protisp\u00e9kav\u00e9 l\u00e1tky (stearan ho\u0159e\u010dnat\u00fd, oxid k\u0159emi\u010dit\u00fd).<\/p>","protected":false},"excerpt":{"rendered":"<p>Mo\u0159sk\u00fd kolagen s vitaminem C v tablet\u00e1ch Holland &amp; Barrett Mo\u0159sk\u00fd kolagen s vitaminem C je ide\u00e1ln\u00edm dopl\u0148kem stravy pro zdravou poko\u017eku, klouby, kosti, zuby a c\u00e9vy. Obsah balen\u00ed: Balen\u00ed obsahuje 90 tablet.<\/p>","protected":false},"featured_media":51771,"comment_status":"closed","ping_status":"closed","template":"","meta":{"advanced_seo_description":"","jetpack_seo_html_title":"","jetpack_seo_noindex":false},"pwb-brand":[1087],"product_brand":[4936],"product_cat":[688,684,284,152],"product_tag":[1128,1134,1135,1042,1122,1058,1136],"class_list":{"0":"post-15709","1":"product","2":"type-product","3":"status-publish","4":"has-post-thumbnail","6":"pwb-brand-holland-barrett","7":"product_brand-holland-barrett","8":"product_cat-beauty-supplements","9":"product_cat-clean-beauty","10":"product_cat-trace-elements","11":"product_cat-vitamins-and-minerals","12":"product_tag-beauty","13":"product_tag-collagen","14":"product_tag-collagen-production","15":"product_tag-healthy-blood-vessels","16":"product_tag-healthy-bones","17":"product_tag-healthy-skin","18":"product_tag-healthy-teeth","19":"brand_woo-holland-barrett","21":"first","22":"outofstock","23":"taxable","24":"shipping-taxable","25":"purchasable","26":"product-type-simple"},"jetpack_sharing_enabled":true,"brands":[{"id":1087,"name":"Holland &amp; Barrett","slug":"holland-barrett"}],"_links":{"self":[{"href":"https:\/\/veganova.eu\/cs\/wp-json\/wp\/v2\/product\/15709","targetHints":{"allow":["GET"]}}],"collection":[{"href":"https:\/\/veganova.eu\/cs\/wp-json\/wp\/v2\/product"}],"about":[{"href":"https:\/\/veganova.eu\/cs\/wp-json\/wp\/v2\/types\/product"}],"replies":[{"embeddable":true,"href":"https:\/\/veganova.eu\/cs\/wp-json\/wp\/v2\/comments?post=15709"}],"version-history":[{"count":1,"href":"https:\/\/veganova.eu\/cs\/wp-json\/wp\/v2\/product\/15709\/revisions"}],"predecessor-version":[{"id":55955,"href":"https:\/\/veganova.eu\/cs\/wp-json\/wp\/v2\/product\/15709\/revisions\/55955"}],"wp:featuredmedia":[{"embeddable":true,"href":"https:\/\/veganova.eu\/cs\/wp-json\/wp\/v2\/media\/51771"}],"wp:attachment":[{"href":"https:\/\/veganova.eu\/cs\/wp-json\/wp\/v2\/media?parent=15709"}],"wp:term":[{"taxonomy":"pwb-brand","embeddable":true,"href":"https:\/\/veganova.eu\/cs\/wp-json\/wp\/v2\/pwb-brand?post=15709"},{"taxonomy":"product_brand","embeddable":true,"href":"https:\/\/veganova.eu\/cs\/wp-json\/wp\/v2\/product_brand?post=15709"},{"taxonomy":"product_cat","embeddable":true,"href":"https:\/\/veganova.eu\/cs\/wp-json\/wp\/v2\/product_cat?post=15709"},{"taxonomy":"product_tag","embeddable":true,"href":"https:\/\/veganova.eu\/cs\/wp-json\/wp\/v2\/product_tag?post=15709"}],"curies":[{"name":"wp","href":"https:\/\/api.w.org\/{rel}","templated":true}]}}