{"id":2746,"date":"2023-10-01T17:01:17","date_gmt":"2023-10-01T15:01:17","guid":{"rendered":"https:\/\/veganova.eu\/?post_type=product&#038;p=2746"},"modified":"2026-04-21T07:23:24","modified_gmt":"2026-04-21T05:23:24","slug":"doctors-best-fully-active-b-complex-with-quatrefolic-60-kaps","status":"publish","type":"product","link":"https:\/\/veganova.eu\/cs\/shop\/doctors-best-fully-active-b-complex-with-quatrefolic-60-kaps\/","title":{"rendered":"Doctor's Best Pln\u011b aktivn\u00ed B-komplex se \u010dty\u0159mocn\u00fdm listem (60 kapsl\u00ed)"},"content":{"rendered":"<h3>Pln\u011b aktivn\u00ed B-komplex s kvart\u00e9rfolikem Doctor's Best<\/h3>\n<ul>\n<li>Doctor's Best Fully Active B Complex dod\u00e1v\u00e1 energii a pom\u00e1h\u00e1 zvl\u00e1dat stres.<\/li>\n<li>Vitaminy skupiny B jsou nezbytn\u00e9 pro tvorbu energie z potravy a pro tvorbu a udr\u017eov\u00e1n\u00ed zdrav\u00e9 DNA, gen\u016f, bun\u011bk, tk\u00e1n\u00ed, org\u00e1n\u016f a enzym\u016f.<\/li>\n<li>Vitam\u00edny skupiny B jsou z\u00e1kladem \u017eivota; \u010dlov\u011bk si je nedok\u00e1\u017ee vyrobit, a proto je mus\u00ed z\u00edsk\u00e1vat stravou.<\/li>\n<li>Doctor's Best Fully Active B Complex poskytuje pouze ty nejlep\u0161\u00ed vyu\u017eiteln\u00e9 formy vitaminu B. Pat\u0159\u00ed sem pln\u011b aktivn\u00ed fol\u00e1t, nejaktivn\u011bj\u0161\u00ed fol\u00e1t v t\u011ble, a MTHF (methyl- tetra-hydro-fol\u00e1t). Poskytuje pln\u011b aktivn\u00ed vitamin B12 ve form\u011b methylkobalaminu (methyl-B12), kter\u00fd pom\u00e1h\u00e1 zajistit vynikaj\u00edc\u00ed peror\u00e1ln\u00ed vst\u0159eb\u00e1v\u00e1n\u00ed.<\/li>\n<li>Best Fully Active B Complex je plnospektr\u00e1ln\u00ed dopln\u011bk vitaminu B, pe\u010dliv\u011b navr\u017een\u00fd pro optim\u00e1ln\u00ed vst\u0159eb\u00e1v\u00e1n\u00ed a vyu\u017eit\u00ed.<\/li>\n<li>Toto slo\u017een\u00ed poskytuje vitaminy skupiny B v jejich nejbezpe\u010dn\u011bj\u0161\u00ed, nejl\u00e9pe sn\u00e1\u0161en\u00e9 a biochemicky nejaktivn\u011bj\u0161\u00ed form\u011b.<\/li>\n<\/ul>","protected":false},"excerpt":{"rendered":"<p>Vegan nutrition supplement Doctor&#8217;s Best Fully Active B-Complex with Quatrefolic presents a complex of group B vitamins in their most active form. It does not contain gluten and is GMO-free. The package contains: 60 capsules.<\/p>","protected":false},"featured_media":53766,"comment_status":"closed","ping_status":"closed","template":"","meta":{"advanced_seo_description":"","jetpack_seo_html_title":"","jetpack_seo_noindex":false},"pwb-brand":[147],"product_brand":[4565],"product_cat":[153,152],"product_tag":[860,1094,1150],"class_list":{"0":"post-2746","1":"product","2":"type-product","3":"status-publish","4":"has-post-thumbnail","6":"pwb-brand-doctors-best","7":"product_brand-doctors-best","8":"product_cat-vitamins","9":"product_cat-vitamins-and-minerals","10":"product_tag-energy","11":"product_tag-metabolism","12":"product_tag-nervous-system","13":"brand_woo-doctors-best","15":"first","16":"instock","17":"taxable","18":"shipping-taxable","19":"purchasable","20":"product-type-simple"},"jetpack_sharing_enabled":true,"brands":[{"id":147,"name":"Doctor's Best","slug":"doctors-best"}],"_links":{"self":[{"href":"https:\/\/veganova.eu\/cs\/wp-json\/wp\/v2\/product\/2746","targetHints":{"allow":["GET"]}}],"collection":[{"href":"https:\/\/veganova.eu\/cs\/wp-json\/wp\/v2\/product"}],"about":[{"href":"https:\/\/veganova.eu\/cs\/wp-json\/wp\/v2\/types\/product"}],"replies":[{"embeddable":true,"href":"https:\/\/veganova.eu\/cs\/wp-json\/wp\/v2\/comments?post=2746"}],"version-history":[{"count":1,"href":"https:\/\/veganova.eu\/cs\/wp-json\/wp\/v2\/product\/2746\/revisions"}],"predecessor-version":[{"id":57310,"href":"https:\/\/veganova.eu\/cs\/wp-json\/wp\/v2\/product\/2746\/revisions\/57310"}],"wp:featuredmedia":[{"embeddable":true,"href":"https:\/\/veganova.eu\/cs\/wp-json\/wp\/v2\/media\/53766"}],"wp:attachment":[{"href":"https:\/\/veganova.eu\/cs\/wp-json\/wp\/v2\/media?parent=2746"}],"wp:term":[{"taxonomy":"pwb-brand","embeddable":true,"href":"https:\/\/veganova.eu\/cs\/wp-json\/wp\/v2\/pwb-brand?post=2746"},{"taxonomy":"product_brand","embeddable":true,"href":"https:\/\/veganova.eu\/cs\/wp-json\/wp\/v2\/product_brand?post=2746"},{"taxonomy":"product_cat","embeddable":true,"href":"https:\/\/veganova.eu\/cs\/wp-json\/wp\/v2\/product_cat?post=2746"},{"taxonomy":"product_tag","embeddable":true,"href":"https:\/\/veganova.eu\/cs\/wp-json\/wp\/v2\/product_tag?post=2746"}],"curies":[{"name":"wp","href":"https:\/\/api.w.org\/{rel}","templated":true}]}}