{"id":2982,"date":"2023-10-01T17:02:44","date_gmt":"2023-10-01T15:02:44","guid":{"rendered":"https:\/\/veganova.eu\/?post_type=product&#038;p=2982"},"modified":"2026-04-21T07:23:36","modified_gmt":"2026-04-21T05:23:36","slug":"doctors-best-time-release-niacin-with-niaxtend-500mg-120-tab","status":"publish","type":"product","link":"https:\/\/veganova.eu\/cs\/shop\/doctors-best-time-release-niacin-with-niaxtend-500mg-120-tab\/","title":{"rendered":"Doctor's Best Niacin s \u010dasov\u00fdm uvol\u0148ov\u00e1n\u00edm a niaXtend, 500 mg (120 tab)"},"content":{"rendered":"<h3>Doctor&#8217;s Best Time-release Niacin with niaXtend<\/h3>\n<ul>\n<li>Doctor&#8217;s Best Time-release Niacin with niaXtend 500 mg supports cardiovascular health and maintenance of cognitive function.<\/li>\n<li>Supplies niacin in 8 -hourly extended-release form that allows you to enjoy the health benefits of niacin without experiencing the unpleasant skin redness that commonly accompanies other forms of niacin.<\/li>\n<li>Niacin, also known as vitamin B3 and nicotinic acid, supports more than 500 enzymatic reactions that play a key role in metabolism, energy production and healthy aging.<\/li>\n<\/ul>","protected":false},"excerpt":{"rendered":"<p>Vegan nutrition supplement with niacin content Doctor&#8217;s Best Time-release Niacin with niaXtend, 500mg, package contains: 120 tablets. Gluten-free and GMO-free.<\/p>","protected":false},"featured_media":53657,"comment_status":"closed","ping_status":"closed","template":"","meta":{"advanced_seo_description":"","jetpack_seo_html_title":"","jetpack_seo_noindex":false},"pwb-brand":[147],"product_brand":[4565],"product_cat":[153,152],"product_tag":[1159,1241,1215,1094],"class_list":{"0":"post-2982","1":"product","2":"type-product","3":"status-publish","4":"has-post-thumbnail","6":"pwb-brand-doctors-best","7":"product_brand-doctors-best","8":"product_cat-vitamins","9":"product_cat-vitamins-and-minerals","10":"product_tag-aging","11":"product_tag-cardiovascular-system","12":"product_tag-cognitive-functions","13":"product_tag-metabolism","14":"brand_woo-doctors-best","16":"first","17":"instock","18":"sale","19":"taxable","20":"shipping-taxable","21":"purchasable","22":"product-type-simple"},"jetpack_sharing_enabled":true,"brands":[{"id":147,"name":"Doctor's Best","slug":"doctors-best"}],"_links":{"self":[{"href":"https:\/\/veganova.eu\/cs\/wp-json\/wp\/v2\/product\/2982","targetHints":{"allow":["GET"]}}],"collection":[{"href":"https:\/\/veganova.eu\/cs\/wp-json\/wp\/v2\/product"}],"about":[{"href":"https:\/\/veganova.eu\/cs\/wp-json\/wp\/v2\/types\/product"}],"replies":[{"embeddable":true,"href":"https:\/\/veganova.eu\/cs\/wp-json\/wp\/v2\/comments?post=2982"}],"version-history":[{"count":1,"href":"https:\/\/veganova.eu\/cs\/wp-json\/wp\/v2\/product\/2982\/revisions"}],"predecessor-version":[{"id":57488,"href":"https:\/\/veganova.eu\/cs\/wp-json\/wp\/v2\/product\/2982\/revisions\/57488"}],"wp:featuredmedia":[{"embeddable":true,"href":"https:\/\/veganova.eu\/cs\/wp-json\/wp\/v2\/media\/53657"}],"wp:attachment":[{"href":"https:\/\/veganova.eu\/cs\/wp-json\/wp\/v2\/media?parent=2982"}],"wp:term":[{"taxonomy":"pwb-brand","embeddable":true,"href":"https:\/\/veganova.eu\/cs\/wp-json\/wp\/v2\/pwb-brand?post=2982"},{"taxonomy":"product_brand","embeddable":true,"href":"https:\/\/veganova.eu\/cs\/wp-json\/wp\/v2\/product_brand?post=2982"},{"taxonomy":"product_cat","embeddable":true,"href":"https:\/\/veganova.eu\/cs\/wp-json\/wp\/v2\/product_cat?post=2982"},{"taxonomy":"product_tag","embeddable":true,"href":"https:\/\/veganova.eu\/cs\/wp-json\/wp\/v2\/product_tag?post=2982"}],"curies":[{"name":"wp","href":"https:\/\/api.w.org\/{rel}","templated":true}]}}