{"id":3194,"date":"2023-10-01T17:04:05","date_gmt":"2023-10-01T15:04:05","guid":{"rendered":"https:\/\/veganova.eu\/?post_type=product&#038;p=3194"},"modified":"2026-04-21T07:23:49","modified_gmt":"2026-04-21T05:23:49","slug":"jarrow-formulas-same-400-30-tab","status":"publish","type":"product","link":"https:\/\/veganova.eu\/cs\/shop\/jarrow-formulas-same-400-30-tab\/","title":{"rendered":"Jarrow Formulas SAMe 400 (30 tab)"},"content":{"rendered":"<h3>Jarrow Formulas SAMe 400 (30 tab)<\/h3>\n<p>Jarrow Formulas SAMe 200 poskytuje pln\u00fdch 200 mg SAMe (\u010dist\u00fd v\u00fdt\u011b\u017eek) ze 400 mg disulf\u00e1tu SAMe tosyl\u00e1tu. SAMe 200 se vyr\u00e1b\u00ed p\u0159i n\u00edzk\u00e9 teplot\u011b a n\u00edzk\u00e9 vlhkosti a je pota\u017een enterickou vrstvou, aby byl zaji\u0161t\u011bn biologicky aktivn\u00ed produkt.<\/p>\n<p>S v\u011bt\u0161\u00edm mno\u017estv\u00edm biologicky aktivn\u00ed formy S,S ne\u017e R,S<br \/>\nSAMe se nach\u00e1z\u00ed ve v\u0161ech \u017eiv\u00fdch bu\u0148k\u00e1ch a je metabolitem methioninu (esenci\u00e1ln\u00ed aminokyseliny). SAMe je chir\u00e1ln\u00ed molekula skl\u00e1daj\u00edc\u00ed se ze dvou forem: (S,S) SAMe a (R,S) SAMe. Biologicky aktivn\u00ed formou je struktura (S,S), zat\u00edmco struktura (R,S) je biologicky neaktivn\u00ed. Jarrow Formulas SAMe se vyr\u00e1b\u00ed mikrobiologickou fermentac\u00ed a pot\u00e9 se zpracov\u00e1v\u00e1 bez pou\u017eit\u00ed chemick\u00fdch rozpou\u0161t\u011bdel, aby se zachoval 68-80% (S,S) SAMe.<\/p>\n<p>SAMe podporuje:<\/p>\n<p>Metabolismus mozku a n\u00e1lada*<br \/>\nMetyla\u010dn\u00ed reakce SAMe se pod\u00edlej\u00ed na synt\u00e9ze fosfatidylcholinu, kter\u00fd je podstatnou sou\u010d\u00e1st\u00ed \u0161ed\u00e9 hmoty mozkov\u00e9 a bun\u011b\u010dn\u00fdch membr\u00e1n.* Bylo tak\u00e9 navr\u017eeno, \u017ee se pod\u00edl\u00ed na synt\u00e9ze fosfatidylcholinu.<br \/>\np\u0159i tvorb\u011b nebo metabolismu neurotransmiter\u016f, co\u017e p\u0159isp\u00edv\u00e1 k<br \/>\npodporovat vyrovnanou n\u00e1ladu.*<\/p>\n<p>Zdrav\u00ed kloub\u016f*<br \/>\nSAMe podporuje tvorbu zdrav\u00e9 pojivov\u00e9 tk\u00e1n\u011b prost\u0159ednictv\u00edm transsulfurace.* P\u0159i tomto procesu transsulfurace jsou kritick\u00e9 slo\u017eky pojivov\u00e9 tk\u00e1n\u011b zn\u00e1m\u00e9 jako glykosaminoglykany (GAG), v\u010detn\u011b glukosaminu a chondroitinu, sulf\u00e1tov\u00e1ny metabolity SAMe za vzniku sulf\u00e1tovan\u00fdch GAG, jako je glukosamin sulf\u00e1t a chondroitin sulf\u00e1t, stavebn\u00ed kameny chrupavky.*<\/p>\n<p>Funkce jater*<br \/>\nSAMe podporuje synt\u00e9zu glutathionu (GSH), kter\u00fd m\u00e1 z\u00e1sadn\u00ed v\u00fdznam pro antioxida\u010dn\u00ed obranu a funkce jater v\u010detn\u011b detoxikace ve f\u00e1zi II.*.<\/p>\n<p>Jarrow Formulas SAMe 200 je balen ve f\u00f3lii, aby se maximalizovala jeho stabilita, a poskytuje 200 mg S-denosylmethioninu odvozen\u00e9ho ze 400 mg disulf\u00e1tu tozyl\u00e1tu SAMe.<\/p>","protected":false},"excerpt":{"rendered":"<p>Vegansk\u00fd dopln\u011bk stravy Jarrow Formulas SAMe 400 je vhodn\u00fd pro zdrav\u00e9 klouby, detoxikaci jater, pos\u00edlen\u00ed mozkov\u00fdch funkc\u00ed a podporu dobr\u00e9 n\u00e1lady. Balen\u00ed obsahuje: Obsahuje 30 tablet.<\/p>","protected":false},"featured_media":11252,"comment_status":"closed","ping_status":"closed","template":"","meta":{"advanced_seo_description":"","jetpack_seo_html_title":"","jetpack_seo_noindex":false},"pwb-brand":[165],"product_brand":[4572],"product_cat":[294,143],"product_tag":[1146,1273,1272,1271],"class_list":{"0":"post-3194","1":"product","2":"type-product","3":"status-publish","4":"has-post-thumbnail","6":"pwb-brand-jarrow-formulas","7":"product_brand-jarrow-formulas","8":"product_cat-for-seniors","9":"product_cat-health-issues","10":"product_tag-good-mood","11":"product_tag-healthy-brain","12":"product_tag-healthy-joints","13":"product_tag-liver-detox","14":"brand_woo-jarrow-formulas","16":"first","17":"instock","18":"taxable","19":"shipping-taxable","20":"purchasable","21":"product-type-simple"},"jetpack_sharing_enabled":true,"brands":[{"id":165,"name":"Jarrow Formulas","slug":"jarrow-formulas"}],"_links":{"self":[{"href":"https:\/\/veganova.eu\/cs\/wp-json\/wp\/v2\/product\/3194","targetHints":{"allow":["GET"]}}],"collection":[{"href":"https:\/\/veganova.eu\/cs\/wp-json\/wp\/v2\/product"}],"about":[{"href":"https:\/\/veganova.eu\/cs\/wp-json\/wp\/v2\/types\/product"}],"replies":[{"embeddable":true,"href":"https:\/\/veganova.eu\/cs\/wp-json\/wp\/v2\/comments?post=3194"}],"version-history":[{"count":1,"href":"https:\/\/veganova.eu\/cs\/wp-json\/wp\/v2\/product\/3194\/revisions"}],"predecessor-version":[{"id":57680,"href":"https:\/\/veganova.eu\/cs\/wp-json\/wp\/v2\/product\/3194\/revisions\/57680"}],"wp:featuredmedia":[{"embeddable":true,"href":"https:\/\/veganova.eu\/cs\/wp-json\/wp\/v2\/media\/11252"}],"wp:attachment":[{"href":"https:\/\/veganova.eu\/cs\/wp-json\/wp\/v2\/media?parent=3194"}],"wp:term":[{"taxonomy":"pwb-brand","embeddable":true,"href":"https:\/\/veganova.eu\/cs\/wp-json\/wp\/v2\/pwb-brand?post=3194"},{"taxonomy":"product_brand","embeddable":true,"href":"https:\/\/veganova.eu\/cs\/wp-json\/wp\/v2\/product_brand?post=3194"},{"taxonomy":"product_cat","embeddable":true,"href":"https:\/\/veganova.eu\/cs\/wp-json\/wp\/v2\/product_cat?post=3194"},{"taxonomy":"product_tag","embeddable":true,"href":"https:\/\/veganova.eu\/cs\/wp-json\/wp\/v2\/product_tag?post=3194"}],"curies":[{"name":"wp","href":"https:\/\/api.w.org\/{rel}","templated":true}]}}