{"id":3225,"date":"2023-10-01T17:04:20","date_gmt":"2023-10-01T15:04:20","guid":{"rendered":"https:\/\/veganova.eu\/?post_type=product&#038;p=3225"},"modified":"2026-04-21T07:23:52","modified_gmt":"2026-04-21T05:23:52","slug":"kiki-health-liquid-chlorophyll-125-ml","status":"publish","type":"product","link":"https:\/\/veganova.eu\/cs\/shop\/kiki-health-liquid-chlorophyll-125-ml\/","title":{"rendered":"KIKI Health Tekut\u00fd chlorofyl (125 ml)"},"content":{"rendered":"<h3>KIKI Health Tekut\u00fd chlorofyl (125 ml)<\/h3>\n<p>Je nejv\u00fdznamn\u011bj\u0161\u00edm a nejv\u00fd\u017eivn\u011bj\u0161\u00edm prvkem v\u011bt\u0161iny zelen\u00fdch potravin a dod\u00e1v\u00e1 jim charakteristickou zelenou barvu. Pom\u00e1h\u00e1 rostlin\u00e1m p\u0159em\u011b\u0148ovat slune\u010dn\u00ed sv\u011btlo na energii a je bohat\u00fd na \u0159adu z\u00e1kladn\u00edch \u017eivin. N\u00e1\u0161 chlorofyl je dod\u00e1v\u00e1n v biologicky dostupn\u00e9 tekut\u00e9 form\u011b a jedn\u00e1 se o zcela p\u0159\u00edrodn\u00ed rostlinnou tekutinu z\u00edskanou v\u00fdhradn\u011b z vojt\u011b\u0161kov\u00e9 tr\u00e1vy bez konzerva\u010dn\u00edch l\u00e1tek a um\u011bl\u00fdch barviv, a proto m\u00e1 \u017eivou, p\u0159\u00edrodn\u00ed chu\u0165.<\/p>","protected":false},"excerpt":{"rendered":"<p>Vegan nutritional supplement containing liquid chlorophyll obtained from alfa alfa KIKI Health Liquid Chlorophyll is in the purest possible form, without preservatives and artificial colors, with a natural taste. The package contains: 125 ml.<\/p>","protected":false},"featured_media":11498,"comment_status":"closed","ping_status":"closed","template":"","meta":{"advanced_seo_description":"","jetpack_seo_html_title":"","jetpack_seo_noindex":false},"pwb-brand":[166],"product_brand":[4573],"product_cat":[149],"product_tag":[1167,1157,1037,1067,1285,1286,1090],"class_list":{"0":"post-3225","1":"product","2":"type-product","3":"status-publish","4":"has-post-thumbnail","6":"pwb-brand-kiki-health","7":"product_brand-kiki-health","8":"product_cat-superfoods","9":"product_tag-blood-vessels","10":"product_tag-circulation","11":"product_tag-detox","12":"product_tag-digestion","13":"product_tag-intestines","14":"product_tag-natural-deodorant","15":"product_tag-toxins","16":"brand_woo-kiki-health","18":"first","19":"instock","20":"taxable","21":"shipping-taxable","22":"purchasable","23":"product-type-simple"},"jetpack_sharing_enabled":true,"brands":[{"id":166,"name":"KIKI Health","slug":"kiki-health"}],"_links":{"self":[{"href":"https:\/\/veganova.eu\/cs\/wp-json\/wp\/v2\/product\/3225","targetHints":{"allow":["GET"]}}],"collection":[{"href":"https:\/\/veganova.eu\/cs\/wp-json\/wp\/v2\/product"}],"about":[{"href":"https:\/\/veganova.eu\/cs\/wp-json\/wp\/v2\/types\/product"}],"replies":[{"embeddable":true,"href":"https:\/\/veganova.eu\/cs\/wp-json\/wp\/v2\/comments?post=3225"}],"version-history":[{"count":1,"href":"https:\/\/veganova.eu\/cs\/wp-json\/wp\/v2\/product\/3225\/revisions"}],"predecessor-version":[{"id":57711,"href":"https:\/\/veganova.eu\/cs\/wp-json\/wp\/v2\/product\/3225\/revisions\/57711"}],"wp:featuredmedia":[{"embeddable":true,"href":"https:\/\/veganova.eu\/cs\/wp-json\/wp\/v2\/media\/11498"}],"wp:attachment":[{"href":"https:\/\/veganova.eu\/cs\/wp-json\/wp\/v2\/media?parent=3225"}],"wp:term":[{"taxonomy":"pwb-brand","embeddable":true,"href":"https:\/\/veganova.eu\/cs\/wp-json\/wp\/v2\/pwb-brand?post=3225"},{"taxonomy":"product_brand","embeddable":true,"href":"https:\/\/veganova.eu\/cs\/wp-json\/wp\/v2\/product_brand?post=3225"},{"taxonomy":"product_cat","embeddable":true,"href":"https:\/\/veganova.eu\/cs\/wp-json\/wp\/v2\/product_cat?post=3225"},{"taxonomy":"product_tag","embeddable":true,"href":"https:\/\/veganova.eu\/cs\/wp-json\/wp\/v2\/product_tag?post=3225"}],"curies":[{"name":"wp","href":"https:\/\/api.w.org\/{rel}","templated":true}]}}