{"id":3286,"date":"2023-10-01T17:04:32","date_gmt":"2023-10-01T15:04:32","guid":{"rendered":"https:\/\/veganova.eu\/?post_type=product&#038;p=3286"},"modified":"2026-04-27T02:22:31","modified_gmt":"2026-04-27T00:22:31","slug":"now-foods-acacia-fiber-organic-powder-340g","status":"publish","type":"product","link":"https:\/\/veganova.eu\/cs\/shop\/now-foods-acacia-fiber-organic-powder-340g\/","title":{"rendered":"NOW Foods Organick\u00e1 vl\u00e1knina z ak\u00e1cie v pr\u00e1\u0161ku (340g)"},"content":{"rendered":"<h3>NOW Foods Acacia Fiber Organic Powder<\/h3>\n<ul>\n<li>Highly soluble powder, mixes instantly<\/li>\n<li>Rich in fine fiber<\/li>\n<li>Acacia fiber is a type of soluble fiber obtained from the sap of the acacia tree, which is native to parts of Africa, Pakistan and India.<\/li>\n<li>Soluble fiber as part of the diet can help support bowel regularity.<\/li>\n<li>Also acts as a prebiotic that supports the vitality of microorganisms, which help maintain a healthy GI environment.<\/li>\n<li>Acacia Powder is well tolerated and can be used daily.<\/li>\n<\/ul>","protected":false},"excerpt":{"rendered":"<p>Vegan nutritional supplement NOW Foods Acacia Fiber Organic Powder contains fiber in combination with prebiotics. The package contains: 340g. Gluten-free, GMO-free.<\/p>","protected":false},"featured_media":51389,"comment_status":"closed","ping_status":"closed","template":"","meta":{"advanced_seo_description":"","jetpack_seo_html_title":"","jetpack_seo_noindex":false},"pwb-brand":[173],"product_brand":[4580],"product_cat":[596,149],"product_tag":[1294,1234,1116],"class_list":{"0":"post-3286","1":"product","2":"type-product","3":"status-publish","4":"has-post-thumbnail","6":"pwb-brand-now-foods","7":"product_brand-now-foods","8":"product_cat-digestion","9":"product_cat-superfoods","10":"product_tag-gut","11":"product_tag-gut-recovery","12":"product_tag-healthy-gut","13":"brand_woo-now-foods","15":"first","16":"instock","17":"taxable","18":"shipping-taxable","19":"purchasable","20":"product-type-simple"},"jetpack_sharing_enabled":true,"brands":[{"id":173,"name":"NOW Foods","slug":"now-foods"}],"_links":{"self":[{"href":"https:\/\/veganova.eu\/cs\/wp-json\/wp\/v2\/product\/3286","targetHints":{"allow":["GET"]}}],"collection":[{"href":"https:\/\/veganova.eu\/cs\/wp-json\/wp\/v2\/product"}],"about":[{"href":"https:\/\/veganova.eu\/cs\/wp-json\/wp\/v2\/types\/product"}],"replies":[{"embeddable":true,"href":"https:\/\/veganova.eu\/cs\/wp-json\/wp\/v2\/comments?post=3286"}],"version-history":[{"count":1,"href":"https:\/\/veganova.eu\/cs\/wp-json\/wp\/v2\/product\/3286\/revisions"}],"predecessor-version":[{"id":57735,"href":"https:\/\/veganova.eu\/cs\/wp-json\/wp\/v2\/product\/3286\/revisions\/57735"}],"wp:featuredmedia":[{"embeddable":true,"href":"https:\/\/veganova.eu\/cs\/wp-json\/wp\/v2\/media\/51389"}],"wp:attachment":[{"href":"https:\/\/veganova.eu\/cs\/wp-json\/wp\/v2\/media?parent=3286"}],"wp:term":[{"taxonomy":"pwb-brand","embeddable":true,"href":"https:\/\/veganova.eu\/cs\/wp-json\/wp\/v2\/pwb-brand?post=3286"},{"taxonomy":"product_brand","embeddable":true,"href":"https:\/\/veganova.eu\/cs\/wp-json\/wp\/v2\/product_brand?post=3286"},{"taxonomy":"product_cat","embeddable":true,"href":"https:\/\/veganova.eu\/cs\/wp-json\/wp\/v2\/product_cat?post=3286"},{"taxonomy":"product_tag","embeddable":true,"href":"https:\/\/veganova.eu\/cs\/wp-json\/wp\/v2\/product_tag?post=3286"}],"curies":[{"name":"wp","href":"https:\/\/api.w.org\/{rel}","templated":true}]}}