{"id":3344,"date":"2023-10-01T17:04:59","date_gmt":"2023-10-01T15:04:59","guid":{"rendered":"https:\/\/veganova.eu\/?post_type=product&#038;p=3344"},"modified":"2026-04-21T07:23:59","modified_gmt":"2026-04-21T05:23:59","slug":"now-foods-better-stevia-liquid-organic-237-ml","status":"publish","type":"product","link":"https:\/\/veganova.eu\/cs\/shop\/now-foods-better-stevia-liquid-organic-237-ml\/","title":{"rendered":"NOW Foods Lep\u0161\u00ed st\u00e9vie tekut\u00e1, BIO (237 ml)"},"content":{"rendered":"<h3>NOW Foods Lep\u0161\u00ed st\u00e9vie tekut\u00e1<\/h3>\n<ul>\n<li>Tekut\u00e9 sladidlo bez kalori\u00ed<\/li>\n<li>Lahodn\u00e1 tekutina BetterStevia je vynikaj\u00edc\u00edm dopl\u0148kem va\u0161ich obl\u00edben\u00fdch n\u00e1poj\u016f a je vhodn\u00e1 zejm\u00e9na pro slazen\u00ed k\u00e1vy a \u010daje - sta\u010d\u00ed p\u00e1r kapek, abyste dodali d\u00e1vku sladkosti jak\u00e9mukoli n\u00e1poji, hork\u00e9mu i studen\u00e9mu!<\/li>\n<li>Obsahuje certifikovan\u00fd organick\u00fd extrakt ze st\u00e9vie.<\/li>\n<\/ul>","protected":false},"excerpt":{"rendered":"<p>Vegan natural sweetener NOW Foods Better Stevia Liquid, has a low glycemic index, zero calories and is alcohol-free. It comes in the purest and highest quality form possible. Organic. The package contains: 59 ml. Gluten-free, GMO-free.<\/p>","protected":false},"featured_media":51611,"comment_status":"closed","ping_status":"closed","template":"","meta":{"advanced_seo_description":"","jetpack_seo_html_title":"","jetpack_seo_noindex":false},"pwb-brand":[173],"product_brand":[4580],"product_cat":[143,234],"product_tag":[599,600,601,602,603],"class_list":{"0":"post-3344","1":"product","2":"type-product","3":"status-publish","4":"has-post-thumbnail","6":"pwb-brand-now-foods","7":"product_brand-now-foods","8":"product_cat-health-issues","9":"product_cat-healthy-sweetening","10":"product_tag-gluten-free","11":"product_tag-no-sugar","12":"product_tag-non-gmo","13":"product_tag-vegan","14":"product_tag-vege","15":"brand_woo-now-foods","17":"first","18":"instock","19":"taxable","20":"shipping-taxable","21":"purchasable","22":"product-type-simple"},"jetpack_sharing_enabled":true,"brands":[{"id":173,"name":"NOW Foods","slug":"now-foods"}],"_links":{"self":[{"href":"https:\/\/veganova.eu\/cs\/wp-json\/wp\/v2\/product\/3344","targetHints":{"allow":["GET"]}}],"collection":[{"href":"https:\/\/veganova.eu\/cs\/wp-json\/wp\/v2\/product"}],"about":[{"href":"https:\/\/veganova.eu\/cs\/wp-json\/wp\/v2\/types\/product"}],"replies":[{"embeddable":true,"href":"https:\/\/veganova.eu\/cs\/wp-json\/wp\/v2\/comments?post=3344"}],"version-history":[{"count":1,"href":"https:\/\/veganova.eu\/cs\/wp-json\/wp\/v2\/product\/3344\/revisions"}],"predecessor-version":[{"id":57786,"href":"https:\/\/veganova.eu\/cs\/wp-json\/wp\/v2\/product\/3344\/revisions\/57786"}],"wp:featuredmedia":[{"embeddable":true,"href":"https:\/\/veganova.eu\/cs\/wp-json\/wp\/v2\/media\/51611"}],"wp:attachment":[{"href":"https:\/\/veganova.eu\/cs\/wp-json\/wp\/v2\/media?parent=3344"}],"wp:term":[{"taxonomy":"pwb-brand","embeddable":true,"href":"https:\/\/veganova.eu\/cs\/wp-json\/wp\/v2\/pwb-brand?post=3344"},{"taxonomy":"product_brand","embeddable":true,"href":"https:\/\/veganova.eu\/cs\/wp-json\/wp\/v2\/product_brand?post=3344"},{"taxonomy":"product_cat","embeddable":true,"href":"https:\/\/veganova.eu\/cs\/wp-json\/wp\/v2\/product_cat?post=3344"},{"taxonomy":"product_tag","embeddable":true,"href":"https:\/\/veganova.eu\/cs\/wp-json\/wp\/v2\/product_tag?post=3344"}],"curies":[{"name":"wp","href":"https:\/\/api.w.org\/{rel}","templated":true}]}}