{"id":3373,"date":"2023-10-01T17:05:10","date_gmt":"2023-10-01T15:05:10","guid":{"rendered":"https:\/\/veganova.eu\/?post_type=product&#038;p=3373"},"modified":"2026-04-27T02:22:32","modified_gmt":"2026-04-27T00:22:32","slug":"now-foods-calcium-lactate-250-tablets","status":"publish","type":"product","link":"https:\/\/veganova.eu\/cs\/shop\/now-foods-calcium-lactate-250-tablets\/","title":{"rendered":"NOW Foods Lakt\u00e1t v\u00e1penat\u00fd (250 tab)"},"content":{"rendered":"<h3>NOW Foods Lakt\u00e1t v\u00e1penat\u00fd (250 tab)<\/h3>\n<p>NOW Calcium Lactate is a stable and bioavailable form of phosphorus-free Calcium. Calcium is a mineral that is essential for the growth and maintenance of healthy bones and teeth. Calcium is also critical to many body functions, including normal muscle contraction, nerve conduction, and vascular function.<\/p>\n<p>Quality Calcium Lactate provides readily absorbable Calcium that is phosphorus-free.<\/p>","protected":false},"excerpt":{"rendered":"<p>Vegan nutritional supplement NOW Foods Calcium Lactate for healthy bones, teeth and nerve function. The package contains: 250 tablets. Gluten-free, GMO-free.<\/p>","protected":false},"featured_media":53120,"comment_status":"closed","ping_status":"closed","template":"","meta":{"advanced_seo_description":"","jetpack_seo_html_title":"","jetpack_seo_noindex":false},"pwb-brand":[173],"product_brand":[4580],"product_cat":[172,152],"product_tag":[1122,1313,1312],"class_list":{"0":"post-3373","1":"product","2":"type-product","3":"status-publish","4":"has-post-thumbnail","6":"pwb-brand-now-foods","7":"product_brand-now-foods","8":"product_cat-minerals","9":"product_cat-vitamins-and-minerals","10":"product_tag-healthy-bones","11":"product_tag-nerve-function","12":"product_tag-teeth","13":"brand_woo-now-foods","15":"first","16":"instock","17":"taxable","18":"shipping-taxable","19":"purchasable","20":"product-type-simple"},"jetpack_sharing_enabled":true,"brands":[{"id":173,"name":"NOW Foods","slug":"now-foods"}],"_links":{"self":[{"href":"https:\/\/veganova.eu\/cs\/wp-json\/wp\/v2\/product\/3373","targetHints":{"allow":["GET"]}}],"collection":[{"href":"https:\/\/veganova.eu\/cs\/wp-json\/wp\/v2\/product"}],"about":[{"href":"https:\/\/veganova.eu\/cs\/wp-json\/wp\/v2\/types\/product"}],"replies":[{"embeddable":true,"href":"https:\/\/veganova.eu\/cs\/wp-json\/wp\/v2\/comments?post=3373"}],"version-history":[{"count":1,"href":"https:\/\/veganova.eu\/cs\/wp-json\/wp\/v2\/product\/3373\/revisions"}],"predecessor-version":[{"id":57807,"href":"https:\/\/veganova.eu\/cs\/wp-json\/wp\/v2\/product\/3373\/revisions\/57807"}],"wp:featuredmedia":[{"embeddable":true,"href":"https:\/\/veganova.eu\/cs\/wp-json\/wp\/v2\/media\/53120"}],"wp:attachment":[{"href":"https:\/\/veganova.eu\/cs\/wp-json\/wp\/v2\/media?parent=3373"}],"wp:term":[{"taxonomy":"pwb-brand","embeddable":true,"href":"https:\/\/veganova.eu\/cs\/wp-json\/wp\/v2\/pwb-brand?post=3373"},{"taxonomy":"product_brand","embeddable":true,"href":"https:\/\/veganova.eu\/cs\/wp-json\/wp\/v2\/product_brand?post=3373"},{"taxonomy":"product_cat","embeddable":true,"href":"https:\/\/veganova.eu\/cs\/wp-json\/wp\/v2\/product_cat?post=3373"},{"taxonomy":"product_tag","embeddable":true,"href":"https:\/\/veganova.eu\/cs\/wp-json\/wp\/v2\/product_tag?post=3373"}],"curies":[{"name":"wp","href":"https:\/\/api.w.org\/{rel}","templated":true}]}}