{"id":3396,"date":"2023-10-01T17:05:19","date_gmt":"2023-10-01T15:05:19","guid":{"rendered":"https:\/\/veganova.eu\/?post_type=product&#038;p=3396"},"modified":"2026-04-25T02:20:31","modified_gmt":"2026-04-25T00:20:31","slug":"now-foods-coq10-with-hawthorn-berry-100mg-90-kaps","status":"publish","type":"product","link":"https:\/\/veganova.eu\/cs\/shop\/now-foods-coq10-with-hawthorn-berry-100mg-90-kaps\/","title":{"rendered":"NOW Foods CoQ10 s hlohem, 100 mg (90 kapsl\u00ed)"},"content":{"rendered":"<h3>NOW Foods CoQ10 with Hawthorn Berry<\/h3>\n<ul>\n<li>Cellular Energy Production: With Hawthorn Berry<\/li>\n<li>Koenzym Q10 (CoQ10) je slou\u010denina podobn\u00e1 vitaminu, kter\u00e1 hraje \u00fast\u0159edn\u00ed roli v produkci bun\u011b\u010dn\u00e9 energie.<\/li>\n<li>CoQ10 se nach\u00e1z\u00ed v cel\u00e9m t\u011ble, ale je koncentrov\u00e1n zejm\u00e9na v srdci, j\u00e1trech a ledvin\u00e1ch a bylo zji\u0161t\u011bno, \u017ee jeho produkce s v\u011bkem kles\u00e1.<\/li>\n<li>CoQ10 p\u016fsob\u00ed jako siln\u00fd lapa\u010d voln\u00fdch radik\u00e1l\u016f v bun\u011b\u010dn\u00fdch membr\u00e1n\u00e1ch i v c\u00e9v\u00e1ch.<\/li>\n<li>L\u00e9ta v\u011bdeck\u00e9ho v\u00fdzkumu prok\u00e1zala, \u017ee CoQ10 pom\u00e1h\u00e1 udr\u017eovat zdrav\u00e9 srdce a c\u00e9vn\u00ed syst\u00e9m.<\/li>\n<\/ul>","protected":false},"excerpt":{"rendered":"<p>Vegan nutritional supplement NOW Foods CoQ10 with Hawthorn Berry, 100mg is suitable for a healthy heart and vascular system. The package contains: 90 capsules. Gluten-free, sugar-free, GMO-free.<\/p>","protected":false},"featured_media":53569,"comment_status":"closed","ping_status":"closed","template":"","meta":{"advanced_seo_description":"","jetpack_seo_html_title":"","jetpack_seo_noindex":false},"pwb-brand":[173],"product_brand":[4580],"product_cat":[289,2591,152],"product_tag":[1159,1167,1235,1158,1133],"class_list":{"0":"post-3396","1":"product","2":"type-product","3":"status-publish","4":"has-post-thumbnail","6":"pwb-brand-now-foods","7":"product_brand-now-foods","8":"product_cat-heart-and-blood-vessels","9":"product_cat-liver","10":"product_cat-vitamins-and-minerals","11":"product_tag-aging","12":"product_tag-blood-vessels","13":"product_tag-free-radical-scavenger","14":"product_tag-heart","15":"product_tag-wrinkles","16":"brand_woo-now-foods","18":"first","19":"instock","20":"taxable","21":"shipping-taxable","22":"purchasable","23":"product-type-simple"},"jetpack_sharing_enabled":true,"brands":[{"id":173,"name":"NOW Foods","slug":"now-foods"}],"_links":{"self":[{"href":"https:\/\/veganova.eu\/cs\/wp-json\/wp\/v2\/product\/3396","targetHints":{"allow":["GET"]}}],"collection":[{"href":"https:\/\/veganova.eu\/cs\/wp-json\/wp\/v2\/product"}],"about":[{"href":"https:\/\/veganova.eu\/cs\/wp-json\/wp\/v2\/types\/product"}],"replies":[{"embeddable":true,"href":"https:\/\/veganova.eu\/cs\/wp-json\/wp\/v2\/comments?post=3396"}],"version-history":[{"count":1,"href":"https:\/\/veganova.eu\/cs\/wp-json\/wp\/v2\/product\/3396\/revisions"}],"predecessor-version":[{"id":57828,"href":"https:\/\/veganova.eu\/cs\/wp-json\/wp\/v2\/product\/3396\/revisions\/57828"}],"wp:featuredmedia":[{"embeddable":true,"href":"https:\/\/veganova.eu\/cs\/wp-json\/wp\/v2\/media\/53569"}],"wp:attachment":[{"href":"https:\/\/veganova.eu\/cs\/wp-json\/wp\/v2\/media?parent=3396"}],"wp:term":[{"taxonomy":"pwb-brand","embeddable":true,"href":"https:\/\/veganova.eu\/cs\/wp-json\/wp\/v2\/pwb-brand?post=3396"},{"taxonomy":"product_brand","embeddable":true,"href":"https:\/\/veganova.eu\/cs\/wp-json\/wp\/v2\/product_brand?post=3396"},{"taxonomy":"product_cat","embeddable":true,"href":"https:\/\/veganova.eu\/cs\/wp-json\/wp\/v2\/product_cat?post=3396"},{"taxonomy":"product_tag","embeddable":true,"href":"https:\/\/veganova.eu\/cs\/wp-json\/wp\/v2\/product_tag?post=3396"}],"curies":[{"name":"wp","href":"https:\/\/api.w.org\/{rel}","templated":true}]}}