{"id":3521,"date":"2023-10-01T17:06:14","date_gmt":"2023-10-01T15:06:14","guid":{"rendered":"https:\/\/veganova.eu\/?post_type=product&#038;p=3521"},"modified":"2026-04-27T02:22:34","modified_gmt":"2026-04-27T00:22:34","slug":"now-foods-l-carnitine-liquid-1000mg-tropical-punch-473-ml","status":"publish","type":"product","link":"https:\/\/veganova.eu\/cs\/shop\/now-foods-l-carnitine-liquid-1000mg-tropical-punch-473-ml\/","title":{"rendered":"NOW Foods L-Carnitine Liquid, 1000 mg Tropical Punch (473 ml)"},"content":{"rendered":"<h3>NOW Foods L-Carnitine Liquid<\/h3>\n<ul>\n<li>1 000 MG<\/li>\n<li>Vysoce vst\u0159ebateln\u00fd<\/li>\n<li>Metabolismus tuk\u016f<\/li>\n<li>NOW L-karnitin Liquid m\u00e1 v\u0161echny vlastnosti karnitinu ve vysoce vst\u0159ebateln\u00e9 tekut\u00e9 form\u011b.<\/li>\n<li>L-karnitin je neesenci\u00e1ln\u00ed aminokyselina, kter\u00e1 pom\u00e1h\u00e1 udr\u017eovat celkov\u00fd dobr\u00fd zdravotn\u00ed stav t\u00edm, \u017ee usnad\u0148uje p\u0159enos skupin mastn\u00fdch kyselin do mitochondri\u00e1ln\u00ed membr\u00e1ny pro produkci bun\u011b\u010dn\u00e9 energie.<\/li>\n<li>P\u0159irozen\u011b se vyskytuje v \u010derven\u00e9m mase a dal\u0161\u00edch \u017eivo\u010di\u0161n\u00fdch potravin\u00e1ch, ale pro z\u00edsk\u00e1n\u00ed optim\u00e1ln\u00ed hladiny t\u00e9to vynikaj\u00edc\u00ed aminokyseliny doporu\u010dujeme jej\u00ed dopl\u0148ov\u00e1n\u00ed.<\/li>\n<li>NOW L-karnitin je nej\u010dist\u0161\u00ed forma, klinicky testovan\u00e1 a vegetari\u00e1nsk\u00e1 (bez \u017eivo\u010di\u0161n\u00fdch zdroj\u016f).<\/li>\n<\/ul>","protected":false},"excerpt":{"rendered":"<p>Vegansk\u00fd dopln\u011bk stravy NOW Foods L-Carnitine Liquid, 1000 mg, je vhodn\u00fd pro spr\u00e1vn\u00fd metabolismus tuk\u016f. Dod\u00e1v\u00e1 se ve vysoce vst\u0159ebateln\u00e9 tekut\u00e9 form\u011b. Tropick\u00e1 p\u0159\u00edchu\u0165, balen\u00ed obsahuje: Obsahuje 473 ml. Bez lepku, bez GMO.<\/p>","protected":false},"featured_media":51400,"comment_status":"closed","ping_status":"closed","template":"","meta":{"advanced_seo_description":"","jetpack_seo_html_title":"","jetpack_seo_noindex":false},"pwb-brand":[173],"product_brand":[4580],"product_cat":[155,132],"product_tag":[860,1097,1094],"class_list":{"0":"post-3521","1":"product","2":"type-product","3":"status-publish","4":"has-post-thumbnail","6":"pwb-brand-now-foods","7":"product_brand-now-foods","8":"product_cat-fat-burners","9":"product_cat-sports-nutrition","10":"product_tag-energy","11":"product_tag-fat-metabolism","12":"product_tag-metabolism","13":"brand_woo-now-foods","15":"first","16":"instock","17":"taxable","18":"shipping-taxable","19":"purchasable","20":"product-type-simple"},"jetpack_sharing_enabled":true,"brands":[{"id":173,"name":"NOW Foods","slug":"now-foods"}],"_links":{"self":[{"href":"https:\/\/veganova.eu\/cs\/wp-json\/wp\/v2\/product\/3521","targetHints":{"allow":["GET"]}}],"collection":[{"href":"https:\/\/veganova.eu\/cs\/wp-json\/wp\/v2\/product"}],"about":[{"href":"https:\/\/veganova.eu\/cs\/wp-json\/wp\/v2\/types\/product"}],"replies":[{"embeddable":true,"href":"https:\/\/veganova.eu\/cs\/wp-json\/wp\/v2\/comments?post=3521"}],"version-history":[{"count":1,"href":"https:\/\/veganova.eu\/cs\/wp-json\/wp\/v2\/product\/3521\/revisions"}],"predecessor-version":[{"id":57938,"href":"https:\/\/veganova.eu\/cs\/wp-json\/wp\/v2\/product\/3521\/revisions\/57938"}],"wp:featuredmedia":[{"embeddable":true,"href":"https:\/\/veganova.eu\/cs\/wp-json\/wp\/v2\/media\/51400"}],"wp:attachment":[{"href":"https:\/\/veganova.eu\/cs\/wp-json\/wp\/v2\/media?parent=3521"}],"wp:term":[{"taxonomy":"pwb-brand","embeddable":true,"href":"https:\/\/veganova.eu\/cs\/wp-json\/wp\/v2\/pwb-brand?post=3521"},{"taxonomy":"product_brand","embeddable":true,"href":"https:\/\/veganova.eu\/cs\/wp-json\/wp\/v2\/product_brand?post=3521"},{"taxonomy":"product_cat","embeddable":true,"href":"https:\/\/veganova.eu\/cs\/wp-json\/wp\/v2\/product_cat?post=3521"},{"taxonomy":"product_tag","embeddable":true,"href":"https:\/\/veganova.eu\/cs\/wp-json\/wp\/v2\/product_tag?post=3521"}],"curies":[{"name":"wp","href":"https:\/\/api.w.org\/{rel}","templated":true}]}}