{"id":3531,"date":"2023-10-01T17:06:19","date_gmt":"2023-10-01T15:06:19","guid":{"rendered":"https:\/\/veganova.eu\/?post_type=product&#038;p=3531"},"modified":"2026-04-21T07:24:11","modified_gmt":"2026-04-21T05:24:11","slug":"now-foods-l-citrulline-pure-powder-113g","status":"publish","type":"product","link":"https:\/\/veganova.eu\/cs\/shop\/now-foods-l-citrulline-pure-powder-113g\/","title":{"rendered":"NOW Foods L-Citrulin, \u010dist\u00fd pr\u00e1\u0161ek (113g)"},"content":{"rendered":"<h3>NOW Foods L-Citrulin, \u010dist\u00fd pr\u00e1\u0161ek (113g)<\/h3>\n<p>Nitric Oxide Promoter<br \/>\nCitrulline is a non-essential amino acid that is an important intermediate in the urea cycle, functioning along with other amino acids to rid the body of ammonia, a by-product of protein metabolism. Citrulline also plays an important role in the healing process and in the maintenance of a healthy immune system.<\/p>","protected":false},"excerpt":{"rendered":"<p>Vegan nutritional supplement NOW Foods L-Citrulline, Pure Powder, is ideal for strengthening immunity. The package contains: 113g (pure powder). Gluten-free, GMO-free.<\/p>","protected":false},"featured_media":51459,"comment_status":"closed","ping_status":"closed","template":"","meta":{"advanced_seo_description":"","jetpack_seo_html_title":"","jetpack_seo_noindex":false},"pwb-brand":[173],"product_brand":[4580],"product_cat":[174,132],"product_tag":[1327,1117,1197],"class_list":{"0":"post-3531","1":"product","2":"type-product","3":"status-publish","4":"has-post-thumbnail","6":"pwb-brand-now-foods","7":"product_brand-now-foods","8":"product_cat-amino-acids","9":"product_cat-sports-nutrition","10":"product_tag-bladder","11":"product_tag-immunity","12":"product_tag-regeneration","13":"brand_woo-now-foods","15":"first","16":"outofstock","17":"taxable","18":"shipping-taxable","19":"purchasable","20":"product-type-simple"},"jetpack_sharing_enabled":true,"brands":[{"id":173,"name":"NOW Foods","slug":"now-foods"}],"_links":{"self":[{"href":"https:\/\/veganova.eu\/cs\/wp-json\/wp\/v2\/product\/3531","targetHints":{"allow":["GET"]}}],"collection":[{"href":"https:\/\/veganova.eu\/cs\/wp-json\/wp\/v2\/product"}],"about":[{"href":"https:\/\/veganova.eu\/cs\/wp-json\/wp\/v2\/types\/product"}],"replies":[{"embeddable":true,"href":"https:\/\/veganova.eu\/cs\/wp-json\/wp\/v2\/comments?post=3531"}],"version-history":[{"count":1,"href":"https:\/\/veganova.eu\/cs\/wp-json\/wp\/v2\/product\/3531\/revisions"}],"predecessor-version":[{"id":57948,"href":"https:\/\/veganova.eu\/cs\/wp-json\/wp\/v2\/product\/3531\/revisions\/57948"}],"wp:featuredmedia":[{"embeddable":true,"href":"https:\/\/veganova.eu\/cs\/wp-json\/wp\/v2\/media\/51459"}],"wp:attachment":[{"href":"https:\/\/veganova.eu\/cs\/wp-json\/wp\/v2\/media?parent=3531"}],"wp:term":[{"taxonomy":"pwb-brand","embeddable":true,"href":"https:\/\/veganova.eu\/cs\/wp-json\/wp\/v2\/pwb-brand?post=3531"},{"taxonomy":"product_brand","embeddable":true,"href":"https:\/\/veganova.eu\/cs\/wp-json\/wp\/v2\/product_brand?post=3531"},{"taxonomy":"product_cat","embeddable":true,"href":"https:\/\/veganova.eu\/cs\/wp-json\/wp\/v2\/product_cat?post=3531"},{"taxonomy":"product_tag","embeddable":true,"href":"https:\/\/veganova.eu\/cs\/wp-json\/wp\/v2\/product_tag?post=3531"}],"curies":[{"name":"wp","href":"https:\/\/api.w.org\/{rel}","templated":true}]}}