{"id":3574,"date":"2023-10-01T17:06:42","date_gmt":"2023-10-01T15:06:42","guid":{"rendered":"https:\/\/veganova.eu\/?post_type=product&#038;p=3574"},"modified":"2026-04-21T07:24:15","modified_gmt":"2026-04-21T05:24:15","slug":"now-foods-magnesium-citrate-pure-powder-227g","status":"publish","type":"product","link":"https:\/\/veganova.eu\/cs\/shop\/now-foods-magnesium-citrate-pure-powder-227g\/","title":{"rendered":"NOW Foods Citr\u00e1t ho\u0159e\u010dnat\u00fd, \u010dist\u00fd pr\u00e1\u0161ek (227g)"},"content":{"rendered":"<h3>NOW Foods Magnesium Citrate<\/h3>\n<ul>\n<li>Supports energy production. Crucial to enzyme function Magnesium is a mineral that is critical to energy production and metabolism, muscle contraction, transmission of nerve impulses, and bone mineralization.<\/li>\n<li>It is a required cofactor for an estimated 300 enzymes. Reactions catalyzed by these enzymes include synthesis of fatty acids, protein synthesis and glucose metabolism.<\/li>\n<li>Magnesium status is also important for regulating calcium balance through its effects on the parathyroid gland.<\/li>\n<\/ul>","protected":false},"excerpt":{"rendered":"<p>Vegan nutritional supplement NOW Foods Magnesium Citrate, pure powder, package contains: 227g. Gluten-free, GMO-free.<\/p>","protected":false},"featured_media":51522,"comment_status":"closed","ping_status":"closed","template":"","meta":{"advanced_seo_description":"","jetpack_seo_html_title":"","jetpack_seo_noindex":false},"pwb-brand":[173],"product_brand":[4580],"product_cat":[172,2598,2595,152],"product_tag":[1208,1197,1079,1126],"class_list":{"0":"post-3574","1":"product","2":"type-product","3":"status-publish","4":"has-post-thumbnail","6":"pwb-brand-now-foods","7":"product_brand-now-foods","8":"product_cat-minerals","9":"product_cat-recovery","10":"product_cat-stress","11":"product_cat-vitamins-and-minerals","12":"product_tag-muscles","13":"product_tag-regeneration","14":"product_tag-relaxation","15":"product_tag-stress","16":"brand_woo-now-foods","18":"first","19":"instock","20":"taxable","21":"shipping-taxable","22":"purchasable","23":"product-type-simple"},"jetpack_sharing_enabled":true,"brands":[{"id":173,"name":"NOW Foods","slug":"now-foods"}],"_links":{"self":[{"href":"https:\/\/veganova.eu\/cs\/wp-json\/wp\/v2\/product\/3574","targetHints":{"allow":["GET"]}}],"collection":[{"href":"https:\/\/veganova.eu\/cs\/wp-json\/wp\/v2\/product"}],"about":[{"href":"https:\/\/veganova.eu\/cs\/wp-json\/wp\/v2\/types\/product"}],"replies":[{"embeddable":true,"href":"https:\/\/veganova.eu\/cs\/wp-json\/wp\/v2\/comments?post=3574"}],"version-history":[{"count":1,"href":"https:\/\/veganova.eu\/cs\/wp-json\/wp\/v2\/product\/3574\/revisions"}],"predecessor-version":[{"id":57989,"href":"https:\/\/veganova.eu\/cs\/wp-json\/wp\/v2\/product\/3574\/revisions\/57989"}],"wp:featuredmedia":[{"embeddable":true,"href":"https:\/\/veganova.eu\/cs\/wp-json\/wp\/v2\/media\/51522"}],"wp:attachment":[{"href":"https:\/\/veganova.eu\/cs\/wp-json\/wp\/v2\/media?parent=3574"}],"wp:term":[{"taxonomy":"pwb-brand","embeddable":true,"href":"https:\/\/veganova.eu\/cs\/wp-json\/wp\/v2\/pwb-brand?post=3574"},{"taxonomy":"product_brand","embeddable":true,"href":"https:\/\/veganova.eu\/cs\/wp-json\/wp\/v2\/product_brand?post=3574"},{"taxonomy":"product_cat","embeddable":true,"href":"https:\/\/veganova.eu\/cs\/wp-json\/wp\/v2\/product_cat?post=3574"},{"taxonomy":"product_tag","embeddable":true,"href":"https:\/\/veganova.eu\/cs\/wp-json\/wp\/v2\/product_tag?post=3574"}],"curies":[{"name":"wp","href":"https:\/\/api.w.org\/{rel}","templated":true}]}}