{"id":3611,"date":"2023-10-01T17:06:54","date_gmt":"2023-10-01T15:06:54","guid":{"rendered":"https:\/\/veganova.eu\/?post_type=product&#038;p=3611"},"modified":"2026-04-21T07:24:17","modified_gmt":"2026-04-21T05:24:17","slug":"now-foods-natural-resveratrol-with-red-wine-extract-200mg-120-kaps","status":"publish","type":"product","link":"https:\/\/veganova.eu\/cs\/shop\/now-foods-natural-resveratrol-with-red-wine-extract-200mg-120-kaps\/","title":{"rendered":"NOW Foods P\u0159\u00edrodn\u00ed resveratrol s extraktem z \u010derven\u00e9ho v\u00edna, 200 mg (120 kapsl\u00ed)"},"content":{"rendered":"<h3>NOW Foods P\u0159\u00edrodn\u00ed resveratrol s extraktem z \u010derven\u00e9ho v\u00edna, 200 mg (120 kapsl\u00ed)<\/h3>\n<p>Zachyt\u00e1va\u010d voln\u00fdch radik\u00e1l\u016f<br \/>\nS extraktem z \u010derven\u00e9ho v\u00edna<br \/>\nResveratrol je polyfenol, kter\u00fd se p\u0159irozen\u011b nach\u00e1z\u00ed ve slupce \u010derven\u00fdch hrozn\u016f, n\u011bkter\u00fdch bobulovin a dal\u0161\u00edch rostlin. Ned\u00e1vn\u00fd v\u00fdzkum uk\u00e1zal, \u017ee resveratrol m\u016f\u017ee p\u0159isp\u00edvat k podpo\u0159e zdrav\u00e9 kardiovaskul\u00e1rn\u00ed funkce. Resveratrol je nejzn\u00e1m\u011bj\u0161\u00ed pro sv\u00e9 \u00fa\u010dinky proti st\u00e1rnut\u00ed bun\u011bk a tak\u00e9 pro svou schopnost podporovat zdravou reakci na biologick\u00fd stres.<\/p>","protected":false},"excerpt":{"rendered":"<p>Vegan nutritional supplement NOW Foods Natural Resveratrol with Red Wine Extract, 200mg, is ideal for healthy blood vessels, blood circulation and skin. The package contains: 120 capsules. Gluten-free, GMO-free.<\/p>","protected":false},"featured_media":51487,"comment_status":"closed","ping_status":"closed","template":"","meta":{"advanced_seo_description":"","jetpack_seo_html_title":"","jetpack_seo_noindex":false},"pwb-brand":[173],"product_brand":[4580],"product_cat":[289,597,2600,149],"product_tag":[1159,1167,1040,860,1158,1052,1133],"class_list":{"0":"post-3611","1":"product","2":"type-product","3":"status-publish","4":"has-post-thumbnail","6":"pwb-brand-now-foods","7":"product_brand-now-foods","8":"product_cat-heart-and-blood-vessels","9":"product_cat-body-immunity","10":"product_cat-inflammation","11":"product_cat-superfoods","12":"product_tag-aging","13":"product_tag-blood-vessels","14":"product_tag-cholesterol","15":"product_tag-energy","16":"product_tag-heart","17":"product_tag-pigment-spots","18":"product_tag-wrinkles","19":"brand_woo-now-foods","21":"first","22":"instock","23":"taxable","24":"shipping-taxable","25":"purchasable","26":"product-type-simple"},"jetpack_sharing_enabled":true,"brands":[{"id":173,"name":"NOW Foods","slug":"now-foods"}],"_links":{"self":[{"href":"https:\/\/veganova.eu\/cs\/wp-json\/wp\/v2\/product\/3611","targetHints":{"allow":["GET"]}}],"collection":[{"href":"https:\/\/veganova.eu\/cs\/wp-json\/wp\/v2\/product"}],"about":[{"href":"https:\/\/veganova.eu\/cs\/wp-json\/wp\/v2\/types\/product"}],"replies":[{"embeddable":true,"href":"https:\/\/veganova.eu\/cs\/wp-json\/wp\/v2\/comments?post=3611"}],"version-history":[{"count":1,"href":"https:\/\/veganova.eu\/cs\/wp-json\/wp\/v2\/product\/3611\/revisions"}],"predecessor-version":[{"id":58015,"href":"https:\/\/veganova.eu\/cs\/wp-json\/wp\/v2\/product\/3611\/revisions\/58015"}],"wp:featuredmedia":[{"embeddable":true,"href":"https:\/\/veganova.eu\/cs\/wp-json\/wp\/v2\/media\/51487"}],"wp:attachment":[{"href":"https:\/\/veganova.eu\/cs\/wp-json\/wp\/v2\/media?parent=3611"}],"wp:term":[{"taxonomy":"pwb-brand","embeddable":true,"href":"https:\/\/veganova.eu\/cs\/wp-json\/wp\/v2\/pwb-brand?post=3611"},{"taxonomy":"product_brand","embeddable":true,"href":"https:\/\/veganova.eu\/cs\/wp-json\/wp\/v2\/product_brand?post=3611"},{"taxonomy":"product_cat","embeddable":true,"href":"https:\/\/veganova.eu\/cs\/wp-json\/wp\/v2\/product_cat?post=3611"},{"taxonomy":"product_tag","embeddable":true,"href":"https:\/\/veganova.eu\/cs\/wp-json\/wp\/v2\/product_tag?post=3611"}],"curies":[{"name":"wp","href":"https:\/\/api.w.org\/{rel}","templated":true}]}}