{"id":3753,"date":"2023-10-01T17:07:58","date_gmt":"2023-10-01T15:07:58","guid":{"rendered":"https:\/\/veganova.eu\/?post_type=product&#038;p=3753"},"modified":"2026-04-21T07:24:27","modified_gmt":"2026-04-21T05:24:27","slug":"osavi-b-complex-oral-spray-orange-25-ml","status":"publish","type":"product","link":"https:\/\/veganova.eu\/cs\/shop\/osavi-b-complex-oral-spray-orange-25-ml\/","title":{"rendered":"Osavi B-komplex \u00fastn\u00ed sprej, pomeran\u010d (25 ml)"},"content":{"rendered":"<h3>Osavi B-komplex \u00fastn\u00ed sprej<\/h3>\n<ul>\n<li>Nov\u00e1 forma dopl\u0148ov\u00e1n\u00ed.<\/li>\n<li>Z\u00e1soba na 4 m\u011bs\u00edce v jedn\u00e9 mal\u00e9, praktick\u00e9 lahvi\u010dce.<\/li>\n<li>Obsahuje kompletn\u00ed B-komplex (osm vitamin\u016f skupiny B).<\/li>\n<li>S xylitolem a p\u0159\u00edrodn\u00ed pomeran\u010dovou p\u0159\u00edchut\u00ed.<\/li>\n<li>Snadn\u00e9 pou\u017eit\u00ed: nemus\u00edte ho zap\u00edjet sklenic\u00ed vody ani rozpou\u0161t\u011bt, co\u017e usnad\u0148uje jeho u\u017e\u00edv\u00e1n\u00ed lidem, kte\u0159\u00ed maj\u00ed pot\u00ed\u017ee s polyk\u00e1n\u00edm .<\/li>\n<li>u\u017e \u017e\u00e1dn\u00e9 kapsle nebo tablety!<\/li>\n<\/ul>","protected":false},"excerpt":{"rendered":"<p>Vegansk\u00fd dopln\u011bk stravy obsahuj\u00edc\u00ed vitam\u00edny skupiny B Osavi B-Complex or\u00e1ln\u00ed sprej. Forma \u00fastn\u00edho spreje je velmi praktick\u00e1 pro jeho pou\u017eit\u00ed, rychl\u00e9 vst\u0159eb\u00e1v\u00e1n\u00ed a nezat\u011b\u017euje tr\u00e1vic\u00ed trakt. P\u0159\u00edchu\u0165: P\u0159\u00edchu\u0165: pomeran\u010d, balen\u00ed obsahuje: balen\u00ed: 25 ml. Bez lepku, bez GMO.<\/p>","protected":false},"featured_media":53471,"comment_status":"closed","ping_status":"closed","template":"","meta":{"advanced_seo_description":"","jetpack_seo_html_title":"","jetpack_seo_noindex":false},"pwb-brand":[379],"product_brand":[4700],"product_cat":[153,152],"product_tag":[860,1094,1150],"class_list":{"0":"post-3753","1":"product","2":"type-product","3":"status-publish","4":"has-post-thumbnail","6":"pwb-brand-osavi","7":"product_brand-osavi","8":"product_cat-vitamins","9":"product_cat-vitamins-and-minerals","10":"product_tag-energy","11":"product_tag-metabolism","12":"product_tag-nervous-system","13":"brand_woo-osavi","15":"first","16":"instock","17":"taxable","18":"shipping-taxable","19":"purchasable","20":"product-type-simple"},"jetpack_sharing_enabled":true,"brands":[{"id":379,"name":"Osavi","slug":"osavi"}],"_links":{"self":[{"href":"https:\/\/veganova.eu\/cs\/wp-json\/wp\/v2\/product\/3753","targetHints":{"allow":["GET"]}}],"collection":[{"href":"https:\/\/veganova.eu\/cs\/wp-json\/wp\/v2\/product"}],"about":[{"href":"https:\/\/veganova.eu\/cs\/wp-json\/wp\/v2\/types\/product"}],"replies":[{"embeddable":true,"href":"https:\/\/veganova.eu\/cs\/wp-json\/wp\/v2\/comments?post=3753"}],"version-history":[{"count":1,"href":"https:\/\/veganova.eu\/cs\/wp-json\/wp\/v2\/product\/3753\/revisions"}],"predecessor-version":[{"id":58141,"href":"https:\/\/veganova.eu\/cs\/wp-json\/wp\/v2\/product\/3753\/revisions\/58141"}],"wp:featuredmedia":[{"embeddable":true,"href":"https:\/\/veganova.eu\/cs\/wp-json\/wp\/v2\/media\/53471"}],"wp:attachment":[{"href":"https:\/\/veganova.eu\/cs\/wp-json\/wp\/v2\/media?parent=3753"}],"wp:term":[{"taxonomy":"pwb-brand","embeddable":true,"href":"https:\/\/veganova.eu\/cs\/wp-json\/wp\/v2\/pwb-brand?post=3753"},{"taxonomy":"product_brand","embeddable":true,"href":"https:\/\/veganova.eu\/cs\/wp-json\/wp\/v2\/product_brand?post=3753"},{"taxonomy":"product_cat","embeddable":true,"href":"https:\/\/veganova.eu\/cs\/wp-json\/wp\/v2\/product_cat?post=3753"},{"taxonomy":"product_tag","embeddable":true,"href":"https:\/\/veganova.eu\/cs\/wp-json\/wp\/v2\/product_tag?post=3753"}],"curies":[{"name":"wp","href":"https:\/\/api.w.org\/{rel}","templated":true}]}}