{"id":3756,"date":"2023-10-01T17:07:59","date_gmt":"2023-10-01T15:07:59","guid":{"rendered":"https:\/\/veganova.eu\/?post_type=product&#038;p=3756"},"modified":"2026-04-21T07:24:27","modified_gmt":"2026-04-21T05:24:27","slug":"osavi-chromium-200mcg-120-vegan-kaps","status":"publish","type":"product","link":"https:\/\/veganova.eu\/cs\/shop\/osavi-chromium-200mcg-120-vegan-kaps\/","title":{"rendered":"Osavi Chromium, 200mcg (120 vegansk\u00fdch kapsl\u00ed)"},"content":{"rendered":"<h3>Osavi Chromium<\/h3>\n<ul>\n<li>Chrom p\u0159isp\u00edv\u00e1 k norm\u00e1ln\u00edmu metabolismu makro\u017eivin.<\/li>\n<li>Chrom p\u0159isp\u00edv\u00e1 k udr\u017een\u00ed norm\u00e1ln\u00ed hladiny gluk\u00f3zy v krvi.<\/li>\n<li>Obsahuje chrom ve vysoce vst\u0159ebateln\u00e9 organick\u00e9 form\u011b pikolin\u00e1tu chromu.<\/li>\n<li>\u017e\u00e1dn\u00e9 zbyte\u010dn\u00e9 p\u0159\u00edsady.<\/li>\n<li>Vhodn\u00e9 pro vegetari\u00e1ny a vegany.<\/li>\n<li>Obaly z BioPET (30% plastu poch\u00e1z\u00ed z cukrov\u00e9 t\u0159tiny).<\/li>\n<\/ul>","protected":false},"excerpt":{"rendered":"<p>Vegansk\u00fd dopln\u011bk stravy obsahuj\u00edc\u00ed nej\u010dist\u0161\u00ed formu chromu Osavi Chromium, 200mcg. \u010cist\u00e1 zna\u010dka: neobsahuje lepek, GMO, konzerva\u010dn\u00ed l\u00e1tky a aditiva. Balen\u00ed obsahuje: 120 vegansk\u00fdch kapsl\u00ed.<\/p>","protected":false},"featured_media":53467,"comment_status":"closed","ping_status":"closed","template":"","meta":{"advanced_seo_description":"","jetpack_seo_html_title":"","jetpack_seo_noindex":false},"pwb-brand":[379],"product_brand":[4700],"product_cat":[284,152,177],"product_tag":[1204,1172,1170,1318],"class_list":{"0":"post-3756","1":"product","2":"type-product","3":"status-publish","4":"has-post-thumbnail","6":"pwb-brand-osavi","7":"product_brand-osavi","8":"product_cat-trace-elements","9":"product_cat-vitamins-and-minerals","10":"product_cat-weight-loss","11":"product_tag-healthy-blood-sugar","12":"product_tag-overeating","13":"product_tag-sweet-tooth","14":"product_tag-weight-loss","15":"brand_woo-osavi","17":"first","18":"instock","19":"taxable","20":"shipping-taxable","21":"purchasable","22":"product-type-simple"},"jetpack_sharing_enabled":true,"brands":[{"id":379,"name":"Osavi","slug":"osavi"}],"_links":{"self":[{"href":"https:\/\/veganova.eu\/cs\/wp-json\/wp\/v2\/product\/3756","targetHints":{"allow":["GET"]}}],"collection":[{"href":"https:\/\/veganova.eu\/cs\/wp-json\/wp\/v2\/product"}],"about":[{"href":"https:\/\/veganova.eu\/cs\/wp-json\/wp\/v2\/types\/product"}],"replies":[{"embeddable":true,"href":"https:\/\/veganova.eu\/cs\/wp-json\/wp\/v2\/comments?post=3756"}],"version-history":[{"count":1,"href":"https:\/\/veganova.eu\/cs\/wp-json\/wp\/v2\/product\/3756\/revisions"}],"predecessor-version":[{"id":58144,"href":"https:\/\/veganova.eu\/cs\/wp-json\/wp\/v2\/product\/3756\/revisions\/58144"}],"wp:featuredmedia":[{"embeddable":true,"href":"https:\/\/veganova.eu\/cs\/wp-json\/wp\/v2\/media\/53467"}],"wp:attachment":[{"href":"https:\/\/veganova.eu\/cs\/wp-json\/wp\/v2\/media?parent=3756"}],"wp:term":[{"taxonomy":"pwb-brand","embeddable":true,"href":"https:\/\/veganova.eu\/cs\/wp-json\/wp\/v2\/pwb-brand?post=3756"},{"taxonomy":"product_brand","embeddable":true,"href":"https:\/\/veganova.eu\/cs\/wp-json\/wp\/v2\/product_brand?post=3756"},{"taxonomy":"product_cat","embeddable":true,"href":"https:\/\/veganova.eu\/cs\/wp-json\/wp\/v2\/product_cat?post=3756"},{"taxonomy":"product_tag","embeddable":true,"href":"https:\/\/veganova.eu\/cs\/wp-json\/wp\/v2\/product_tag?post=3756"}],"curies":[{"name":"wp","href":"https:\/\/api.w.org\/{rel}","templated":true}]}}