{"id":3764,"date":"2023-10-01T17:08:02","date_gmt":"2023-10-01T15:08:02","guid":{"rendered":"https:\/\/veganova.eu\/?post_type=product&#038;p=3764"},"modified":"2026-04-21T07:24:27","modified_gmt":"2026-04-21T05:24:27","slug":"osavi-methylfolate-methyl-b12-120-vegan-kaps","status":"publish","type":"product","link":"https:\/\/veganova.eu\/cs\/shop\/osavi-methylfolate-methyl-b12-120-vegan-kaps\/","title":{"rendered":"Osavi MethylFolate &amp; Methyl-B12 (120 vegansk\u00fdch kapsl\u00ed)"},"content":{"rendered":"<h3>Osavi MethylFolate &amp; Methyl-B12<\/h3>\n<ul>\n<li>Obsahuje aktivn\u00ed (methylovan\u00e9) formy kyseliny listov\u00e9 a vitaminu B12.<\/li>\n<li>Patentovan\u00e1, vysoce vst\u0159ebateln\u00e1 forma kyseliny listov\u00e9 \u010dtvrt\u00e9 generace.<\/li>\n<li>\u010cty\u0159mocn\u00fd.<\/li>\n<li>S vitaminem B6 v aktivn\u00ed form\u011b koenzymu P-5-P pro optim\u00e1ln\u00ed \u00fa\u010dinek.<\/li>\n<li>Zejm\u00e9na u osob s genetickou mutac\u00ed MTHFR, kter\u00e1 m\u00e1 za n\u00e1sledek n\u00edzkou hladinu kyseliny listov\u00e9 a vysokou hladinu homocysteinu.<\/li>\n<li>\u010cist\u00e1 etiketa.<\/li>\n<li>\u017d\u00e1dn\u00e9 zbyte\u010dn\u00e9 p\u0159\u00edsady.<\/li>\n<li>Vhodn\u00e9 pro vegetari\u00e1ny a vegany.<\/li>\n<li>V mal\u00fdch kapsl\u00edch, kter\u00e9 se snadno polykaj\u00ed.<\/li>\n<li>Obaly z BioPET (30% plast\u016f poch\u00e1z\u00ed z cukrov\u00e9 t\u0159tiny).<\/li>\n<\/ul>","protected":false},"excerpt":{"rendered":"<p>Vegansk\u00fd dopln\u011bk stravy obsahuj\u00edc\u00ed vitamin B12 v nej\u010dist\u0161\u00ed form\u011b Osavi MethylFolate &amp; Methyl-B12. \u010cist\u00e9 ozna\u010den\u00ed: bez lepku, bez cukru, bez s\u00f3ji, bez GMO. Balen\u00ed obsahuje: 120 vegansk\u00fdch kapsl\u00ed.<\/p>","protected":false},"featured_media":53457,"comment_status":"closed","ping_status":"closed","template":"","meta":{"advanced_seo_description":"","jetpack_seo_html_title":"","jetpack_seo_noindex":false},"pwb-brand":[379],"product_brand":[4700],"product_cat":[153,152],"product_tag":[860,1155,1094],"class_list":{"0":"post-3764","1":"product","2":"type-product","3":"status-publish","4":"has-post-thumbnail","6":"pwb-brand-osavi","7":"product_brand-osavi","8":"product_cat-vitamins","9":"product_cat-vitamins-and-minerals","10":"product_tag-energy","11":"product_tag-inflammation","12":"product_tag-metabolism","13":"brand_woo-osavi","15":"first","16":"instock","17":"taxable","18":"shipping-taxable","19":"purchasable","20":"product-type-simple"},"jetpack_sharing_enabled":true,"brands":[{"id":379,"name":"Osavi","slug":"osavi"}],"_links":{"self":[{"href":"https:\/\/veganova.eu\/cs\/wp-json\/wp\/v2\/product\/3764","targetHints":{"allow":["GET"]}}],"collection":[{"href":"https:\/\/veganova.eu\/cs\/wp-json\/wp\/v2\/product"}],"about":[{"href":"https:\/\/veganova.eu\/cs\/wp-json\/wp\/v2\/types\/product"}],"replies":[{"embeddable":true,"href":"https:\/\/veganova.eu\/cs\/wp-json\/wp\/v2\/comments?post=3764"}],"version-history":[{"count":1,"href":"https:\/\/veganova.eu\/cs\/wp-json\/wp\/v2\/product\/3764\/revisions"}],"predecessor-version":[{"id":58150,"href":"https:\/\/veganova.eu\/cs\/wp-json\/wp\/v2\/product\/3764\/revisions\/58150"}],"wp:featuredmedia":[{"embeddable":true,"href":"https:\/\/veganova.eu\/cs\/wp-json\/wp\/v2\/media\/53457"}],"wp:attachment":[{"href":"https:\/\/veganova.eu\/cs\/wp-json\/wp\/v2\/media?parent=3764"}],"wp:term":[{"taxonomy":"pwb-brand","embeddable":true,"href":"https:\/\/veganova.eu\/cs\/wp-json\/wp\/v2\/pwb-brand?post=3764"},{"taxonomy":"product_brand","embeddable":true,"href":"https:\/\/veganova.eu\/cs\/wp-json\/wp\/v2\/product_brand?post=3764"},{"taxonomy":"product_cat","embeddable":true,"href":"https:\/\/veganova.eu\/cs\/wp-json\/wp\/v2\/product_cat?post=3764"},{"taxonomy":"product_tag","embeddable":true,"href":"https:\/\/veganova.eu\/cs\/wp-json\/wp\/v2\/product_tag?post=3764"}],"curies":[{"name":"wp","href":"https:\/\/api.w.org\/{rel}","templated":true}]}}