{"id":47687,"date":"2024-09-15T12:27:02","date_gmt":"2024-09-15T10:27:02","guid":{"rendered":"https:\/\/veganova.eu\/?post_type=product&#038;p=47687"},"modified":"2026-04-21T07:25:51","modified_gmt":"2026-04-21T05:25:51","slug":"enzymedica-acid-soothe-30-caps","status":"publish","type":"product","link":"https:\/\/veganova.eu\/cs\/shop\/enzymedica-acid-soothe-30-caps\/","title":{"rendered":"Enzymedica Acid Soothe - 30 kapsl\u00ed"},"content":{"rendered":"<h3>Enzymedica Acid Soothe - 30 kapsl\u00ed<\/h3>\n<p>Nedovolte, aby v\u00e1s ob\u010dasn\u00e9 p\u00e1len\u00ed \u017e\u00e1hy odradilo od va\u0161ich obl\u00edben\u00fdch j\u00eddel.<\/p>\n<p>Proto\u017ee ob\u010dasn\u00e9 p\u00e1len\u00ed \u017e\u00e1hy se net\u00fdk\u00e1 jen \u017ealude\u010dn\u00edch \u0161\u0165\u00e1v, vytvo\u0159ili jsme produkt pro v\u0161echny aspekty - s bylinami na zklidn\u011bn\u00ed tr\u00e1vic\u00edho traktu, karnosinem zinku na obnovu st\u0159evn\u00ed v\u00fdstelky a enzymy na rozklad problematick\u00fdch potravin. Jedin\u00e9, co v\u00e1m zb\u00fdv\u00e1, je znovu si vychutnat j\u00eddlo.<\/p>","protected":false},"excerpt":{"rendered":"<p>Enzymedica Acid Soothe s bylinami pro zklidn\u011bn\u00ed tr\u00e1vic\u00edho traktu, zinkem karnosinem pro obnovu st\u0159evn\u00ed v\u00fdstelky a enzymy pro rozklad problematick\u00fdch potravin. Obsah: Obsah: 30 kapsl\u00ed. Certifikace: vegansk\u00e9, NON GMO.<\/p>","protected":false},"featured_media":51932,"comment_status":"closed","ping_status":"closed","template":"","meta":{"advanced_seo_description":"","jetpack_seo_html_title":"","jetpack_seo_noindex":false},"pwb-brand":[467],"product_brand":[4767],"product_cat":[596,143],"product_tag":[],"class_list":{"0":"post-47687","1":"product","2":"type-product","3":"status-publish","4":"has-post-thumbnail","6":"pwb-brand-enzymedica","7":"product_brand-enzymedica","8":"product_cat-digestion","9":"product_cat-health-issues","10":"brand_woo-enzymedica","12":"first","13":"instock","14":"sale","15":"taxable","16":"shipping-taxable","17":"purchasable","18":"product-type-simple"},"jetpack_sharing_enabled":true,"brands":[{"id":467,"name":"Enzymedica","slug":"enzymedica"}],"_links":{"self":[{"href":"https:\/\/veganova.eu\/cs\/wp-json\/wp\/v2\/product\/47687","targetHints":{"allow":["GET"]}}],"collection":[{"href":"https:\/\/veganova.eu\/cs\/wp-json\/wp\/v2\/product"}],"about":[{"href":"https:\/\/veganova.eu\/cs\/wp-json\/wp\/v2\/types\/product"}],"replies":[{"embeddable":true,"href":"https:\/\/veganova.eu\/cs\/wp-json\/wp\/v2\/comments?post=47687"}],"version-history":[{"count":1,"href":"https:\/\/veganova.eu\/cs\/wp-json\/wp\/v2\/product\/47687\/revisions"}],"predecessor-version":[{"id":59187,"href":"https:\/\/veganova.eu\/cs\/wp-json\/wp\/v2\/product\/47687\/revisions\/59187"}],"wp:featuredmedia":[{"embeddable":true,"href":"https:\/\/veganova.eu\/cs\/wp-json\/wp\/v2\/media\/51932"}],"wp:attachment":[{"href":"https:\/\/veganova.eu\/cs\/wp-json\/wp\/v2\/media?parent=47687"}],"wp:term":[{"taxonomy":"pwb-brand","embeddable":true,"href":"https:\/\/veganova.eu\/cs\/wp-json\/wp\/v2\/pwb-brand?post=47687"},{"taxonomy":"product_brand","embeddable":true,"href":"https:\/\/veganova.eu\/cs\/wp-json\/wp\/v2\/product_brand?post=47687"},{"taxonomy":"product_cat","embeddable":true,"href":"https:\/\/veganova.eu\/cs\/wp-json\/wp\/v2\/product_cat?post=47687"},{"taxonomy":"product_tag","embeddable":true,"href":"https:\/\/veganova.eu\/cs\/wp-json\/wp\/v2\/product_tag?post=47687"}],"curies":[{"name":"wp","href":"https:\/\/api.w.org\/{rel}","templated":true}]}}