{"id":47755,"date":"2024-09-15T12:28:21","date_gmt":"2024-09-15T10:28:21","guid":{"rendered":"https:\/\/veganova.eu\/?post_type=product&#038;p=47755"},"modified":"2026-04-21T07:25:53","modified_gmt":"2026-04-21T05:25:53","slug":"jarrow-formulas-co-q10-200mg-60-vcaps","status":"publish","type":"product","link":"https:\/\/veganova.eu\/cs\/shop\/jarrow-formulas-co-q10-200mg-60-vcaps\/","title":{"rendered":"Jarrow Formulas Co-Q10, 200 mg - 60 vcaps"},"content":{"rendered":"<h3>Jarrow Formulas Co-Q10, 200 mg - 60 vcaps<\/h3>\n<p>Jarrow Formulas Co-Q10 (ubichinon) je antioxidant, kter\u00fd podporuje norm\u00e1ln\u00ed funkci mitochondri\u00ed, energetick\u00fdch tov\u00e1ren v na\u0161ich bu\u0148k\u00e1ch. Nach\u00e1z\u00ed se v bu\u0148k\u00e1ch tk\u00e1n\u00ed bohat\u00fdch na energii, jako je srdce, ale s v\u011bkem se jeho hladina sni\u017euje. Co-Q10 pom\u00e1h\u00e1 podporovat zdrav\u00ed mitochondri\u00ed, produkci bun\u011b\u010dn\u00e9 energie a zdravou funkci kardiovaskul\u00e1rn\u00edho syst\u00e9mu.<\/p>","protected":false},"excerpt":{"rendered":"<p>Jarrow Formulas Co-Q10, 200 mg podporuje tvorbu bun\u011b\u010dn\u00e9 energie a kardiovaskul\u00e1rn\u00ed funkce. Obsah: Obsahuje 60 vegetari\u00e1nsk\u00fdch kapsl\u00ed. Certifikace: vegansk\u00e9, vegetari\u00e1nsk\u00e9, bezlepkov\u00e9, NON GMO.<\/p>","protected":false},"featured_media":51900,"comment_status":"closed","ping_status":"closed","template":"","meta":{"advanced_seo_description":"","jetpack_seo_html_title":"","jetpack_seo_noindex":false},"pwb-brand":[165],"product_brand":[4572],"product_cat":[688,684,143,289],"product_tag":[],"class_list":{"0":"post-47755","1":"product","2":"type-product","3":"status-publish","4":"has-post-thumbnail","6":"pwb-brand-jarrow-formulas","7":"product_brand-jarrow-formulas","8":"product_cat-beauty-supplements","9":"product_cat-clean-beauty","10":"product_cat-health-issues","11":"product_cat-heart-and-blood-vessels","12":"brand_woo-jarrow-formulas","14":"first","15":"instock","16":"taxable","17":"shipping-taxable","18":"purchasable","19":"product-type-simple"},"jetpack_sharing_enabled":true,"brands":[{"id":165,"name":"Jarrow Formulas","slug":"jarrow-formulas"}],"_links":{"self":[{"href":"https:\/\/veganova.eu\/cs\/wp-json\/wp\/v2\/product\/47755","targetHints":{"allow":["GET"]}}],"collection":[{"href":"https:\/\/veganova.eu\/cs\/wp-json\/wp\/v2\/product"}],"about":[{"href":"https:\/\/veganova.eu\/cs\/wp-json\/wp\/v2\/types\/product"}],"replies":[{"embeddable":true,"href":"https:\/\/veganova.eu\/cs\/wp-json\/wp\/v2\/comments?post=47755"}],"version-history":[{"count":1,"href":"https:\/\/veganova.eu\/cs\/wp-json\/wp\/v2\/product\/47755\/revisions"}],"predecessor-version":[{"id":59215,"href":"https:\/\/veganova.eu\/cs\/wp-json\/wp\/v2\/product\/47755\/revisions\/59215"}],"wp:featuredmedia":[{"embeddable":true,"href":"https:\/\/veganova.eu\/cs\/wp-json\/wp\/v2\/media\/51900"}],"wp:attachment":[{"href":"https:\/\/veganova.eu\/cs\/wp-json\/wp\/v2\/media?parent=47755"}],"wp:term":[{"taxonomy":"pwb-brand","embeddable":true,"href":"https:\/\/veganova.eu\/cs\/wp-json\/wp\/v2\/pwb-brand?post=47755"},{"taxonomy":"product_brand","embeddable":true,"href":"https:\/\/veganova.eu\/cs\/wp-json\/wp\/v2\/product_brand?post=47755"},{"taxonomy":"product_cat","embeddable":true,"href":"https:\/\/veganova.eu\/cs\/wp-json\/wp\/v2\/product_cat?post=47755"},{"taxonomy":"product_tag","embeddable":true,"href":"https:\/\/veganova.eu\/cs\/wp-json\/wp\/v2\/product_tag?post=47755"}],"curies":[{"name":"wp","href":"https:\/\/api.w.org\/{rel}","templated":true}]}}