{"id":47789,"date":"2024-09-15T12:28:59","date_gmt":"2024-09-15T10:28:59","guid":{"rendered":"https:\/\/veganova.eu\/?post_type=product&#038;p=47789"},"modified":"2026-04-21T07:25:55","modified_gmt":"2026-04-21T05:25:55","slug":"applied-nutrition-cream-of-rice-golden-syrup-1000g","status":"publish","type":"product","link":"https:\/\/veganova.eu\/cs\/shop\/applied-nutrition-cream-of-rice-golden-syrup-1000g\/","title":{"rendered":"Applied Nutrition R\u00fd\u017eov\u00fd kr\u00e9m, zlat\u00fd sirup - 1000g"},"content":{"rendered":"<h3>Applied Nutrition R\u00fd\u017eov\u00fd kr\u00e9m, zlat\u00fd sirup - 1000g<\/h3>\n<p>IDE\u00c1LN\u00cd SACHARIDOV\u00c1 SVA\u010cINKA!<\/p>\n<p>Na 30g porci<br \/>\n24 g sacharid\u016f | 106 kalori\u00ed<\/p>\n<p>1 kg | 33 porc\u00ed<\/p>\n<p>DOPLN\u011aK STRAVY S VYSOK\u00ddM OBSAHEM SACHARID\u016e A SLADIDLEM<\/p>\n<p>R\u00fd\u017eov\u00fd kr\u00e9m je skv\u011bl\u00fdm zdrojem sacharid\u016f, kter\u00fd je nen\u00e1ro\u010dn\u00fd na \u017ealudek a nav\u00edc chutn\u00fd. Je vhodn\u00fd i pro vegany a je vynikaj\u00edc\u00edm zdrojem energie, kter\u00e1 v\u00e1s zasyt\u00ed a p\u0159iprav\u00ed na cel\u00fd den.<\/p>","protected":false},"excerpt":{"rendered":"<p>Perfect morning fitness meal Applied Nutrition Cream of Rice, flavor: Golden Syrup. Content: 1000g. Certification: Vegan, Halal.<\/p>","protected":false},"featured_media":52288,"comment_status":"closed","ping_status":"closed","template":"","meta":{"advanced_seo_description":"","jetpack_seo_html_title":"","jetpack_seo_noindex":false},"pwb-brand":[202],"product_brand":[4592],"product_cat":[225,132],"product_tag":[],"class_list":{"0":"post-47789","1":"product","2":"type-product","3":"status-publish","4":"has-post-thumbnail","6":"pwb-brand-applied-nutrition","7":"product_brand-applied-nutrition","8":"product_cat-carbohydrates","9":"product_cat-sports-nutrition","10":"brand_woo-applied-nutrition","12":"first","13":"instock","14":"taxable","15":"shipping-taxable","16":"purchasable","17":"product-type-simple"},"jetpack_sharing_enabled":true,"brands":[{"id":202,"name":"Aplikovan\u00e1 v\u00fd\u017eiva","slug":"applied-nutrition"}],"_links":{"self":[{"href":"https:\/\/veganova.eu\/cs\/wp-json\/wp\/v2\/product\/47789","targetHints":{"allow":["GET"]}}],"collection":[{"href":"https:\/\/veganova.eu\/cs\/wp-json\/wp\/v2\/product"}],"about":[{"href":"https:\/\/veganova.eu\/cs\/wp-json\/wp\/v2\/types\/product"}],"replies":[{"embeddable":true,"href":"https:\/\/veganova.eu\/cs\/wp-json\/wp\/v2\/comments?post=47789"}],"version-history":[{"count":1,"href":"https:\/\/veganova.eu\/cs\/wp-json\/wp\/v2\/product\/47789\/revisions"}],"predecessor-version":[{"id":59231,"href":"https:\/\/veganova.eu\/cs\/wp-json\/wp\/v2\/product\/47789\/revisions\/59231"}],"wp:featuredmedia":[{"embeddable":true,"href":"https:\/\/veganova.eu\/cs\/wp-json\/wp\/v2\/media\/52288"}],"wp:attachment":[{"href":"https:\/\/veganova.eu\/cs\/wp-json\/wp\/v2\/media?parent=47789"}],"wp:term":[{"taxonomy":"pwb-brand","embeddable":true,"href":"https:\/\/veganova.eu\/cs\/wp-json\/wp\/v2\/pwb-brand?post=47789"},{"taxonomy":"product_brand","embeddable":true,"href":"https:\/\/veganova.eu\/cs\/wp-json\/wp\/v2\/product_brand?post=47789"},{"taxonomy":"product_cat","embeddable":true,"href":"https:\/\/veganova.eu\/cs\/wp-json\/wp\/v2\/product_cat?post=47789"},{"taxonomy":"product_tag","embeddable":true,"href":"https:\/\/veganova.eu\/cs\/wp-json\/wp\/v2\/product_tag?post=47789"}],"curies":[{"name":"wp","href":"https:\/\/api.w.org\/{rel}","templated":true}]}}