{"id":47793,"date":"2024-09-15T12:29:02","date_gmt":"2024-09-15T10:29:02","guid":{"rendered":"https:\/\/veganova.eu\/?post_type=product&#038;p=47793"},"modified":"2026-04-21T07:25:55","modified_gmt":"2026-04-21T05:25:55","slug":"trained-by-jp-cream-of-rice-maple-syrup-2000g","status":"publish","type":"product","link":"https:\/\/veganova.eu\/cs\/shop\/trained-by-jp-cream-of-rice-maple-syrup-2000g\/","title":{"rendered":"Vy\u0161koleni JP R\u00fd\u017eov\u00fd kr\u00e9m, javorov\u00fd sirup - 2000g"},"content":{"rendered":"<h3>Vy\u0161koleni JP R\u00fd\u017eov\u00fd kr\u00e9m, javorov\u00fd sirup - 2000g<\/h3>\n<p>Pro\u010d pr\u00e1v\u011b r\u00fd\u017eov\u00fd kr\u00e9m?<\/p>\n<p>B\u011bhem p\u0159\u00edpravy, mimo sez\u00f3nu nebo v jak\u00e9koli tr\u00e9ninkov\u00e9 f\u00e1zi v\u00e1m m\u016f\u017ee konzumace chutn\u00fdch ochucen\u00fdch v\u011bc\u00ed nam\u00edsto nudn\u011bj\u0161\u00ed r\u00fd\u017ee pomoci udr\u017eet dietu na spr\u00e1vn\u00e9 cest\u011b, proto\u017ee v\u00e1m \u010dasto bude p\u0159ipadat jako pochoutka, ale snadno se vejde do va\u0161\u00ed denn\u00ed pot\u0159eby sacharid\u016f.<\/p>\n<p>V obdob\u00ed mimo sez\u00f3nu, kdy se j\u00eddlo m\u016f\u017ee dostat v\u00fd\u0161e, m\u016f\u017ee b\u00fdt tr\u00e1ven\u00ed \u010dasto o n\u011bco obt\u00ed\u017en\u011bj\u0161\u00ed a v t\u00e9to f\u00e1zi v\u00e1m pestr\u00e1 nab\u00eddka chut\u00ed, kter\u00e9 se v\u017edy dokonale str\u00e1v\u00ed , umo\u017en\u00ed udr\u017eet si chu\u0165 k j\u00eddlu a postupovat vp\u0159ed.<\/p>\n<p>JP se s\u00e1m hodn\u011b zam\u011b\u0159uje na tr\u00e1ven\u00ed, dosahuje obrovsk\u00fdch t\u011blesn\u00fdch hmotnost\u00ed a kalorick\u00e9ho p\u0159\u00edjmu, a proto v\u0161e, co vyr\u00e1b\u00edme, zkou\u0161\u00ed a testuje, aby se ujistil, \u017ee v n\u011bm nen\u00ed p\u0159\u00edli\u0161 mnoho sladidel, \u017ee p\u0159\u00edchut\u011b nejsou p\u0159\u00edli\u0161 siln\u00e9 - v\u0161echny v\u011bci, kter\u00e9 jsou d\u016fle\u017eit\u00e9, kdy\u017e skute\u010dn\u011b \u017eijete a d\u00fdch\u00e1te kulturistikou.<\/p>\n<p>2 kg COR je k dispozici ve 13 lahodn\u00fdch p\u0159\u00edchut\u00edch, kter\u00e9 pot\u011b\u0161\u00ed va\u0161e chu\u0165ov\u00e9 poh\u00e1rky!<\/p>\n<p>Rychle p\u016fsob\u00edc\u00ed sacharidy<\/p>\n<p>Neuv\u011b\u0159iteln\u00e1 chu\u0165<br \/>\nSnadn\u00e9 m\u00edch\u00e1n\u00ed<br \/>\nDokonale str\u00e1ven\u00e9<br \/>\n2 kg je 80x 25g porce<\/p>","protected":false},"excerpt":{"rendered":"<p>Power fitness sn\u00eddan\u011b Tr\u00e9novan\u00fd JP Cream of Rice, p\u0159\u00edchu\u0165: Javorov\u00fd sirup. Obsah: 2000g. Certifikace: vegansk\u00e1, vegetari\u00e1nsk\u00e1, bezlepkov\u00e1.<\/p>","protected":false},"featured_media":52220,"comment_status":"closed","ping_status":"closed","template":"","meta":{"advanced_seo_description":"","jetpack_seo_html_title":"","jetpack_seo_noindex":false},"pwb-brand":[2217],"product_brand":[4954],"product_cat":[225,132],"product_tag":[],"class_list":{"0":"post-47793","1":"product","2":"type-product","3":"status-publish","4":"has-post-thumbnail","6":"pwb-brand-trained-by-jp","7":"product_brand-trained-by-jp","8":"product_cat-carbohydrates","9":"product_cat-sports-nutrition","10":"brand_woo-trained-by-jp","12":"first","13":"instock","14":"taxable","15":"shipping-taxable","16":"purchasable","17":"product-type-simple"},"jetpack_sharing_enabled":true,"brands":[{"id":2217,"name":"Vy\u0161koleni JP","slug":"trained-by-jp"}],"_links":{"self":[{"href":"https:\/\/veganova.eu\/cs\/wp-json\/wp\/v2\/product\/47793","targetHints":{"allow":["GET"]}}],"collection":[{"href":"https:\/\/veganova.eu\/cs\/wp-json\/wp\/v2\/product"}],"about":[{"href":"https:\/\/veganova.eu\/cs\/wp-json\/wp\/v2\/types\/product"}],"replies":[{"embeddable":true,"href":"https:\/\/veganova.eu\/cs\/wp-json\/wp\/v2\/comments?post=47793"}],"version-history":[{"count":1,"href":"https:\/\/veganova.eu\/cs\/wp-json\/wp\/v2\/product\/47793\/revisions"}],"predecessor-version":[{"id":59233,"href":"https:\/\/veganova.eu\/cs\/wp-json\/wp\/v2\/product\/47793\/revisions\/59233"}],"wp:featuredmedia":[{"embeddable":true,"href":"https:\/\/veganova.eu\/cs\/wp-json\/wp\/v2\/media\/52220"}],"wp:attachment":[{"href":"https:\/\/veganova.eu\/cs\/wp-json\/wp\/v2\/media?parent=47793"}],"wp:term":[{"taxonomy":"pwb-brand","embeddable":true,"href":"https:\/\/veganova.eu\/cs\/wp-json\/wp\/v2\/pwb-brand?post=47793"},{"taxonomy":"product_brand","embeddable":true,"href":"https:\/\/veganova.eu\/cs\/wp-json\/wp\/v2\/product_brand?post=47793"},{"taxonomy":"product_cat","embeddable":true,"href":"https:\/\/veganova.eu\/cs\/wp-json\/wp\/v2\/product_cat?post=47793"},{"taxonomy":"product_tag","embeddable":true,"href":"https:\/\/veganova.eu\/cs\/wp-json\/wp\/v2\/product_tag?post=47793"}],"curies":[{"name":"wp","href":"https:\/\/api.w.org\/{rel}","templated":true}]}}