{"id":47813,"date":"2024-09-15T12:29:20","date_gmt":"2024-09-15T10:29:20","guid":{"rendered":"https:\/\/veganova.eu\/?post_type=product&#038;p=47813"},"modified":"2026-04-28T02:23:33","modified_gmt":"2026-04-28T00:23:33","slug":"applied-nutrition-critical-greens-apple-burst-150g","status":"publish","type":"product","link":"https:\/\/veganova.eu\/cs\/shop\/applied-nutrition-critical-greens-apple-burst-150g\/","title":{"rendered":"Applied Nutrition Critical Greens, Apple Burst - 150g"},"content":{"rendered":"<h3>Applied Nutrition Critical Greens, Apple Burst - 150g<\/h3>\n<p>Critical Greens obsahuje 17 superzelen\u00fdch extrakt\u016f, v\u010detn\u011b brokolice, celeru, \u0161pen\u00e1tu, p\u0161eni\u010dn\u00e9 tr\u00e1vy a kapusty v pr\u00e1\u0161ku, kter\u00e9 v\u00e1m zajist\u00ed sportovn\u00ed zeleninu superpohodln\u00fdm zp\u016fsobem. Na\u0161i kritickou sm\u011bs m\u016f\u017eete jednodu\u0161e p\u0159idat do proteinov\u00e9ho koktejlu, ovocn\u00e9ho smoothie nebo ji m\u016f\u017eete sm\u00edchat s vodou pro sv\u011b\u017e\u00ed p\u0159\u00edrodn\u00ed chu\u0165.<\/p>\n<p>KL\u00cd\u010cOV\u00c9 V\u00ddHODY<\/p>\n<p>Ultim\u00e1tn\u00ed atletick\u00e1 superzelen\u00e1 sm\u011bs<br \/>\nV kombinaci s p\u011bti denn\u00edmi d\u00e1vkami<br \/>\n17 superzelen\u00fdch slo\u017eek<br \/>\nSv\u011b\u017e\u00ed p\u0159\u00edrodn\u00ed chu\u0165<br \/>\nVhodn\u00e9 pro vegany a vegetari\u00e1ny<br \/>\nV\u00fdrobek s certifikac\u00ed Halal<\/p>","protected":false},"excerpt":{"rendered":"<p>Superpotravinov\u00fd n\u00e1poj ve form\u011b pr\u00e1\u0161ku Applied Nutrition Critical Greens, s p\u0159\u00edchut\u00ed: Apple Burst. Obsah: 150g. Certifikace: Obsah: vegansk\u00fd, vegetari\u00e1nsk\u00fd, halal.<\/p>","protected":false},"featured_media":52020,"comment_status":"closed","ping_status":"closed","template":"","meta":{"advanced_seo_description":"","jetpack_seo_html_title":"","jetpack_seo_noindex":false},"pwb-brand":[202],"product_brand":[4592],"product_cat":[149],"product_tag":[],"class_list":{"0":"post-47813","1":"product","2":"type-product","3":"status-publish","4":"has-post-thumbnail","6":"pwb-brand-applied-nutrition","7":"product_brand-applied-nutrition","8":"product_cat-superfoods","9":"brand_woo-applied-nutrition","11":"first","12":"instock","13":"taxable","14":"shipping-taxable","15":"purchasable","16":"product-type-simple"},"jetpack_sharing_enabled":true,"brands":[{"id":202,"name":"Aplikovan\u00e1 v\u00fd\u017eiva","slug":"applied-nutrition"}],"_links":{"self":[{"href":"https:\/\/veganova.eu\/cs\/wp-json\/wp\/v2\/product\/47813","targetHints":{"allow":["GET"]}}],"collection":[{"href":"https:\/\/veganova.eu\/cs\/wp-json\/wp\/v2\/product"}],"about":[{"href":"https:\/\/veganova.eu\/cs\/wp-json\/wp\/v2\/types\/product"}],"replies":[{"embeddable":true,"href":"https:\/\/veganova.eu\/cs\/wp-json\/wp\/v2\/comments?post=47813"}],"version-history":[{"count":1,"href":"https:\/\/veganova.eu\/cs\/wp-json\/wp\/v2\/product\/47813\/revisions"}],"predecessor-version":[{"id":59242,"href":"https:\/\/veganova.eu\/cs\/wp-json\/wp\/v2\/product\/47813\/revisions\/59242"}],"wp:featuredmedia":[{"embeddable":true,"href":"https:\/\/veganova.eu\/cs\/wp-json\/wp\/v2\/media\/52020"}],"wp:attachment":[{"href":"https:\/\/veganova.eu\/cs\/wp-json\/wp\/v2\/media?parent=47813"}],"wp:term":[{"taxonomy":"pwb-brand","embeddable":true,"href":"https:\/\/veganova.eu\/cs\/wp-json\/wp\/v2\/pwb-brand?post=47813"},{"taxonomy":"product_brand","embeddable":true,"href":"https:\/\/veganova.eu\/cs\/wp-json\/wp\/v2\/product_brand?post=47813"},{"taxonomy":"product_cat","embeddable":true,"href":"https:\/\/veganova.eu\/cs\/wp-json\/wp\/v2\/product_cat?post=47813"},{"taxonomy":"product_tag","embeddable":true,"href":"https:\/\/veganova.eu\/cs\/wp-json\/wp\/v2\/product_tag?post=47813"}],"curies":[{"name":"wp","href":"https:\/\/api.w.org\/{rel}","templated":true}]}}