{"id":47827,"date":"2024-09-15T12:29:34","date_gmt":"2024-09-15T10:29:34","guid":{"rendered":"https:\/\/veganova.eu\/?post_type=product&#038;p=47827"},"modified":"2026-04-21T07:25:56","modified_gmt":"2026-04-21T05:25:56","slug":"applied-nutrition-critical-plant-protein-vanilla-1800g","status":"publish","type":"product","link":"https:\/\/veganova.eu\/cs\/shop\/applied-nutrition-critical-plant-protein-vanilla-1800g\/","title":{"rendered":"Applied Nutrition Critical Plant Protein, vanilka - 1800g"},"content":{"rendered":"<h3>Applied Nutrition Critical Plant Protein, vanilka - 1800g<\/h3>\n<p>Pr\u00e1\u0161ek z rostlinn\u00fdch b\u00edlkovin<br \/>\nS\u00f3jov\u00fd protein - hrachov\u00fd protein - protein z hn\u011bd\u00e9 r\u00fd\u017ee<\/p>\n<p>Critical Plant Protein je dokonal\u00e1 sm\u011bs rostlinn\u00fdch b\u00edlkovin, kter\u00e1 kombinuje s\u00f3jov\u00fd proteinov\u00fd izol\u00e1t, hrachov\u00fd proteinov\u00fd izol\u00e1t a protein z hn\u011bd\u00e9 r\u00fd\u017ee a poskytuje tak rostlinn\u00fd proteinov\u00fd pr\u00e1\u0161ek pr\u00e9miov\u00e9 kvality s pln\u00fdm obsahem esenci\u00e1ln\u00edch aminokyselin a v\u00edce ne\u017e 24 g b\u00edlkovin v jedn\u00e9 d\u00e1vce.<\/p>\n<p>Critical Plant Protein je dobrou volbou pro ka\u017ed\u00e9ho, kdo chce zv\u00fd\u0161it p\u0159\u00edjem b\u00edlkovin. Critical Plant Protein obsahuje aminokyseliny s vysok\u00fdm obsahem leucinu, izoleucinu a valinu, kter\u00e9 p\u0159isp\u00edvaj\u00ed k r\u016fstu a udr\u017een\u00ed svalov\u00e9 hmoty.<\/p>","protected":false},"excerpt":{"rendered":"<p>Vegansk\u00fd proteinov\u00fd pr\u00e1\u0161ek Applied Nutrition Critical Plant Protein s p\u0159\u00edchut\u00ed: vanilka. Obsah: 1800g. Certifikace: Vegan, Vegetari\u00e1n, Halal.<\/p>","protected":false},"featured_media":52245,"comment_status":"closed","ping_status":"closed","template":"","meta":{"advanced_seo_description":"","jetpack_seo_html_title":"","jetpack_seo_noindex":false},"pwb-brand":[202],"product_brand":[4592],"product_cat":[132,133],"product_tag":[],"class_list":{"0":"post-47827","1":"product","2":"type-product","3":"status-publish","4":"has-post-thumbnail","6":"pwb-brand-applied-nutrition","7":"product_brand-applied-nutrition","8":"product_cat-sports-nutrition","9":"product_cat-vegan-proteins","10":"brand_woo-applied-nutrition","12":"first","13":"instock","14":"taxable","15":"shipping-taxable","16":"purchasable","17":"product-type-simple"},"jetpack_sharing_enabled":true,"brands":[{"id":202,"name":"Aplikovan\u00e1 v\u00fd\u017eiva","slug":"applied-nutrition"}],"_links":{"self":[{"href":"https:\/\/veganova.eu\/cs\/wp-json\/wp\/v2\/product\/47827","targetHints":{"allow":["GET"]}}],"collection":[{"href":"https:\/\/veganova.eu\/cs\/wp-json\/wp\/v2\/product"}],"about":[{"href":"https:\/\/veganova.eu\/cs\/wp-json\/wp\/v2\/types\/product"}],"replies":[{"embeddable":true,"href":"https:\/\/veganova.eu\/cs\/wp-json\/wp\/v2\/comments?post=47827"}],"version-history":[{"count":1,"href":"https:\/\/veganova.eu\/cs\/wp-json\/wp\/v2\/product\/47827\/revisions"}],"predecessor-version":[{"id":59248,"href":"https:\/\/veganova.eu\/cs\/wp-json\/wp\/v2\/product\/47827\/revisions\/59248"}],"wp:featuredmedia":[{"embeddable":true,"href":"https:\/\/veganova.eu\/cs\/wp-json\/wp\/v2\/media\/52245"}],"wp:attachment":[{"href":"https:\/\/veganova.eu\/cs\/wp-json\/wp\/v2\/media?parent=47827"}],"wp:term":[{"taxonomy":"pwb-brand","embeddable":true,"href":"https:\/\/veganova.eu\/cs\/wp-json\/wp\/v2\/pwb-brand?post=47827"},{"taxonomy":"product_brand","embeddable":true,"href":"https:\/\/veganova.eu\/cs\/wp-json\/wp\/v2\/product_brand?post=47827"},{"taxonomy":"product_cat","embeddable":true,"href":"https:\/\/veganova.eu\/cs\/wp-json\/wp\/v2\/product_cat?post=47827"},{"taxonomy":"product_tag","embeddable":true,"href":"https:\/\/veganova.eu\/cs\/wp-json\/wp\/v2\/product_tag?post=47827"}],"curies":[{"name":"wp","href":"https:\/\/api.w.org\/{rel}","templated":true}]}}