{"id":47899,"date":"2024-09-15T12:30:56","date_gmt":"2024-09-15T10:30:56","guid":{"rendered":"https:\/\/veganova.eu\/?post_type=product&#038;p=47899"},"modified":"2026-04-21T07:25:59","modified_gmt":"2026-04-21T05:25:59","slug":"zenwise-green-coffee-bean-extract-60-caps","status":"publish","type":"product","link":"https:\/\/veganova.eu\/cs\/shop\/zenwise-green-coffee-bean-extract-60-caps\/","title":{"rendered":"Zenwise Green Coffee Bean Extract - 60 kapsl\u00ed"},"content":{"rendered":"<h3>Zenwise Green Coffee Bean Extract - 60 kapsl\u00ed<\/h3>\n<p>Extrakt ze zelen\u00fdch k\u00e1vov\u00fdch zrn se zelen\u00fdm \u010dajem je rostlinn\u00fd dopln\u011bk stravy, kter\u00fd pom\u00e1h\u00e1 zvy\u0161ovat metabolismus, podporuje regulaci hmotnosti a dod\u00e1v\u00e1 zdravou energii.<\/p>\n<p>Tento vegansk\u00fd p\u0159\u00edpravek bez GMO s certifik\u00e1tem AVA obsahuje 500 mg zelen\u00fdch k\u00e1vov\u00fdch zrn + 256 mg zelen\u00e9ho \u010daje. Spolu s dietou a cvi\u010den\u00edm m\u016f\u017ee extrakt ze zelen\u00fdch k\u00e1vov\u00fdch zrn se zelen\u00fdm \u010dajem pomoci p\u0159i hubnut\u00ed t\u00edm, \u017ee podporuje metabolismus a sni\u017euje vst\u0159eb\u00e1v\u00e1n\u00ed sacharid\u016f. Tento vzorec tak\u00e9 podporuje zdrav\u00ed srdce a kognitivn\u00ed funkce pro ka\u017edodenn\u00ed pohodu.<\/p>\n<p>V\u00fdzkum nazna\u010duje, \u017ee Green Coffee Bean m\u016f\u017ee pomoci regulovat hladinu cukru v krvi, zlep\u0161it kardiovaskul\u00e1rn\u00ed zdrav\u00ed a podpo\u0159it zdravou hladinu cholesterolu, kter\u00e1 je ji\u017e v norm\u011b.<\/p>\n<p>Extrakt ze zelen\u00e9ho \u010daje je p\u0159\u00edrodn\u00edm zdrojem antioxidantu EGCG, kter\u00fd chr\u00e1n\u00ed p\u0159ed po\u0161kozen\u00edm voln\u00fdmi radik\u00e1ly. Podporuje tak\u00e9 regulaci t\u011blesn\u00e9 hmotnosti, zdrav\u00ed srdce a cholesterolu, pozn\u00e1vac\u00ed schopnosti, du\u0161evn\u00ed soust\u0159ed\u011bn\u00ed a zdravou hladinu energie.<\/p>\n<p>Extrakt ze zelen\u00fdch k\u00e1vov\u00fdch zrn se zelen\u00fdm \u010dajem je certifikov\u00e1n jako vegansk\u00fd. Chlazen\u00ed nen\u00ed nutn\u00e9. Doporu\u010dujeme u\u017e\u00edvat 1 kapsli a\u017e dvakr\u00e1t denn\u011b.<\/p>\n<p>Tento v\u00fdrobek nen\u00ed ur\u010den k pou\u017eit\u00ed jako dopln\u011bk \"Hubnut\u00ed\" a nem\u011bl by b\u00fdt konzumov\u00e1n osobami mlad\u0161\u00edmi 18 let.<\/p>\n<p>Poskytuje 500 mg extraktu ze zelen\u00fdch k\u00e1vov\u00fdch zrn<br \/>\nPoskytuje 256 mg extraktu ze zelen\u00e9ho \u010daje<br \/>\nPodporuje regulaci hmotnosti<br \/>\nPom\u00e1h\u00e1 zv\u00fd\u0161it metabolismus<br \/>\nPodporuje kognitivn\u00ed zdrav\u00ed a du\u0161evn\u00ed soust\u0159ed\u011bn\u00ed<br \/>\nPodpora kardiovaskul\u00e1rn\u00edho zdrav\u00ed<br \/>\nPodporuje zdrav\u00fd cholesterol<br \/>\nPoskytuje antioxida\u010dn\u00ed ochranu<\/p>","protected":false},"excerpt":{"rendered":"<p>Zenwise Green Coffee Bean Extract je vytvo\u0159en tak, aby pom\u00e1hal zvy\u0161ovat metabolismus, podporoval regulaci hmotnosti a dod\u00e1val zdravou energii. Obsah: Obsah: 60 kapsl\u00ed. Certifikace: vegansk\u00e9.<\/p>","protected":false},"featured_media":52331,"comment_status":"closed","ping_status":"closed","template":"","meta":{"advanced_seo_description":"","jetpack_seo_html_title":"","jetpack_seo_noindex":false},"pwb-brand":[2300],"product_brand":[4959],"product_cat":[2593,2599,2592,289,597,152,177],"product_tag":[],"class_list":{"0":"post-47899","1":"product","2":"type-product","3":"status-publish","4":"has-post-thumbnail","6":"pwb-brand-zenwise","7":"product_brand-zenwise","8":"product_cat-antioxidants","9":"product_cat-brain-and-memory","10":"product_cat-detox","11":"product_cat-heart-and-blood-vessels","12":"product_cat-body-immunity","13":"product_cat-vitamins-and-minerals","14":"product_cat-weight-loss","15":"brand_woo-zenwise","17":"first","18":"outofstock","19":"taxable","20":"shipping-taxable","21":"purchasable","22":"product-type-simple"},"jetpack_sharing_enabled":true,"brands":[{"id":2300,"name":"Zenwise","slug":"zenwise"}],"_links":{"self":[{"href":"https:\/\/veganova.eu\/cs\/wp-json\/wp\/v2\/product\/47899","targetHints":{"allow":["GET"]}}],"collection":[{"href":"https:\/\/veganova.eu\/cs\/wp-json\/wp\/v2\/product"}],"about":[{"href":"https:\/\/veganova.eu\/cs\/wp-json\/wp\/v2\/types\/product"}],"replies":[{"embeddable":true,"href":"https:\/\/veganova.eu\/cs\/wp-json\/wp\/v2\/comments?post=47899"}],"version-history":[{"count":1,"href":"https:\/\/veganova.eu\/cs\/wp-json\/wp\/v2\/product\/47899\/revisions"}],"predecessor-version":[{"id":59280,"href":"https:\/\/veganova.eu\/cs\/wp-json\/wp\/v2\/product\/47899\/revisions\/59280"}],"wp:featuredmedia":[{"embeddable":true,"href":"https:\/\/veganova.eu\/cs\/wp-json\/wp\/v2\/media\/52331"}],"wp:attachment":[{"href":"https:\/\/veganova.eu\/cs\/wp-json\/wp\/v2\/media?parent=47899"}],"wp:term":[{"taxonomy":"pwb-brand","embeddable":true,"href":"https:\/\/veganova.eu\/cs\/wp-json\/wp\/v2\/pwb-brand?post=47899"},{"taxonomy":"product_brand","embeddable":true,"href":"https:\/\/veganova.eu\/cs\/wp-json\/wp\/v2\/product_brand?post=47899"},{"taxonomy":"product_cat","embeddable":true,"href":"https:\/\/veganova.eu\/cs\/wp-json\/wp\/v2\/product_cat?post=47899"},{"taxonomy":"product_tag","embeddable":true,"href":"https:\/\/veganova.eu\/cs\/wp-json\/wp\/v2\/product_tag?post=47899"}],"curies":[{"name":"wp","href":"https:\/\/api.w.org\/{rel}","templated":true}]}}