{"id":47921,"date":"2024-09-15T12:31:18","date_gmt":"2024-09-15T10:31:18","guid":{"rendered":"https:\/\/veganova.eu\/?post_type=product&#038;p=47921"},"modified":"2026-04-21T07:26:00","modified_gmt":"2026-04-21T05:26:00","slug":"kiki-health-himalayan-shilajit-30g","status":"publish","type":"product","link":"https:\/\/veganova.eu\/cs\/shop\/kiki-health-himalayan-shilajit-30g\/","title":{"rendered":"KIKI Health Himalayan Shilajit - 30g"},"content":{"rendered":"<h3>KIKI Health Himalayan Shilajit - 30g<\/h3>\n<p>Etick\u00fd p\u016fvod z nedot\u010den\u00fdch him\u00e1lajsk\u00fdch oblast\u00ed ve v\u00fd\u0161ce nad 17 500 stop.<br \/>\nUdr\u017eiteln\u00e9 postupy t\u011b\u017eby zaji\u0161\u0165uj\u00ed integritu \u017eivotn\u00edho prost\u0159ed\u00ed<br \/>\nPurifikov\u00e1no k dokonalosti pro optim\u00e1ln\u00ed kvalitu a \u00fa\u010dinnost<br \/>\nP\u0159irozen\u011b obsahuje bohatou sm\u011bs v\u00edce ne\u017e 85 stopov\u00fdch miner\u00e1l\u016f, huminov\u00fdch a fulvov\u00fdch kyselin.<br \/>\nProslul\u00fd pro zv\u00fd\u0161en\u00ed hladiny energie a podporu imunitn\u00edch funkc\u00ed.<br \/>\nPohodln\u00e1 forma prysky\u0159ice pro snadn\u00e9 za\u010dlen\u011bn\u00ed do ka\u017edodenn\u00ed rutiny<\/p>\n<p>N\u00e1\u0161 shilajit, poch\u00e1zej\u00edc\u00ed z nedot\u010den\u00fdch him\u00e1lajsk\u00fdch oblast\u00ed, kde nadmo\u0159sk\u00e1 v\u00fd\u0161ka p\u0159esahuje 17 500 metr\u016f, dosahuje zlat\u00e9ho standardu. Dodr\u017eujeme ekologickou integritu a z\u00e1rove\u0148 zaji\u0161\u0165ujeme prvot\u0159\u00eddn\u00ed kvalitu.<\/p>\n<p>Na\u0161e \u0161ilajitov\u00e1 prysky\u0159ice, vy\u010di\u0161t\u011bn\u00e1 k dokonalosti, zt\u011bles\u0148uje podstatu starov\u011bk\u00e9 moudrosti a modern\u00ed v\u011bdy a nab\u00edz\u00ed siln\u00fd elix\u00edr pro vitalitu a s\u00edlu.<\/p>\n<p>P\u0159irozen\u011b obsahuje v\u00edce ne\u017e 85 stopov\u00fdch miner\u00e1l\u016f a kyselinu fulvinovou. Vyzkou\u0161ejte komplexn\u00ed v\u00fdhody t\u00e9to uzn\u00e1van\u00e9 superpotraviny, kter\u00e1 je zn\u00e1m\u00e1 pro zvy\u0161ov\u00e1n\u00ed hladiny energie, podporu imunitn\u00edch funkc\u00ed a celkovou vitalitu.<\/p>\n<p>Na\u0161e praktick\u00e1 forma prysky\u0159ice umo\u017e\u0148uje snadn\u00e9 za\u010dlen\u011bn\u00ed do ka\u017edodenn\u00ed rutiny; sta\u010d\u00ed rozpustit mal\u00e9 mno\u017estv\u00ed v tepl\u00e9 nebo hork\u00e9 vod\u011b a za\u017e\u00edt revitaliza\u010dn\u00ed s\u00edlu p\u0159\u00edrody.<\/p>","protected":false},"excerpt":{"rendered":"<p>KIKI Health Himalayan Shilajit je pln\u00fd miner\u00e1l\u016f, fulvokyselin a huminov\u00fdch kyselin. Obsah: 30g. Certifik\u00e1t: vegansk\u00fd, vegetari\u00e1nsk\u00fd, bezlepkov\u00fd.<\/p>","protected":false},"featured_media":52272,"comment_status":"closed","ping_status":"closed","template":"","meta":{"advanced_seo_description":"","jetpack_seo_html_title":"","jetpack_seo_noindex":false},"pwb-brand":[166],"product_brand":[4573],"product_cat":[2592,143,2598,132],"product_tag":[],"class_list":{"0":"post-47921","1":"product","2":"type-product","3":"status-publish","4":"has-post-thumbnail","6":"pwb-brand-kiki-health","7":"product_brand-kiki-health","8":"product_cat-detox","9":"product_cat-health-issues","10":"product_cat-recovery","11":"product_cat-sports-nutrition","12":"brand_woo-kiki-health","14":"first","15":"outofstock","16":"taxable","17":"shipping-taxable","18":"purchasable","19":"product-type-simple"},"jetpack_sharing_enabled":true,"brands":[{"id":166,"name":"KIKI Health","slug":"kiki-health"}],"_links":{"self":[{"href":"https:\/\/veganova.eu\/cs\/wp-json\/wp\/v2\/product\/47921","targetHints":{"allow":["GET"]}}],"collection":[{"href":"https:\/\/veganova.eu\/cs\/wp-json\/wp\/v2\/product"}],"about":[{"href":"https:\/\/veganova.eu\/cs\/wp-json\/wp\/v2\/types\/product"}],"replies":[{"embeddable":true,"href":"https:\/\/veganova.eu\/cs\/wp-json\/wp\/v2\/comments?post=47921"}],"version-history":[{"count":1,"href":"https:\/\/veganova.eu\/cs\/wp-json\/wp\/v2\/product\/47921\/revisions"}],"predecessor-version":[{"id":59285,"href":"https:\/\/veganova.eu\/cs\/wp-json\/wp\/v2\/product\/47921\/revisions\/59285"}],"wp:featuredmedia":[{"embeddable":true,"href":"https:\/\/veganova.eu\/cs\/wp-json\/wp\/v2\/media\/52272"}],"wp:attachment":[{"href":"https:\/\/veganova.eu\/cs\/wp-json\/wp\/v2\/media?parent=47921"}],"wp:term":[{"taxonomy":"pwb-brand","embeddable":true,"href":"https:\/\/veganova.eu\/cs\/wp-json\/wp\/v2\/pwb-brand?post=47921"},{"taxonomy":"product_brand","embeddable":true,"href":"https:\/\/veganova.eu\/cs\/wp-json\/wp\/v2\/product_brand?post=47921"},{"taxonomy":"product_cat","embeddable":true,"href":"https:\/\/veganova.eu\/cs\/wp-json\/wp\/v2\/product_cat?post=47921"},{"taxonomy":"product_tag","embeddable":true,"href":"https:\/\/veganova.eu\/cs\/wp-json\/wp\/v2\/product_tag?post=47921"}],"curies":[{"name":"wp","href":"https:\/\/api.w.org\/{rel}","templated":true}]}}