{"id":47989,"date":"2024-09-15T12:32:45","date_gmt":"2024-09-15T10:32:45","guid":{"rendered":"https:\/\/veganova.eu\/?post_type=product&#038;p=47989"},"modified":"2026-04-27T02:22:34","modified_gmt":"2026-04-27T00:22:34","slug":"enzymedica-magnesium-motion-60-caps","status":"publish","type":"product","link":"https:\/\/veganova.eu\/cs\/shop\/enzymedica-magnesium-motion-60-caps\/","title":{"rendered":"Enzymedica Magnesium Motion - 60 kapsl\u00ed"},"content":{"rendered":"<h3>Enzymedica Magnesium Motion - 60 kapsl\u00ed<\/h3>\n<p>V\u0161echna bolest a \u017e\u00e1dn\u00e1 hra nen\u00ed va\u0161e cesta! Postavte se ob\u010dasn\u00fdm bolestem a nep\u0159\u00edjemn\u00fdm pocit\u016fm d\u00edky t\u0159em form\u00e1m ho\u0159\u010d\u00edku, kter\u00e9 v\u00e1m dodaj\u00ed dodate\u010dnou bun\u011b\u010dnou podporu pot\u0159ebnou k tomu, abyste byli v nejlep\u0161\u00ed kondici.<\/p>\n<p>ATA Mg ve spojen\u00ed s mal\u00e1tem ho\u0159e\u010dnat\u00fdm a glycin\u00e1tem ho\u0159e\u010dnat\u00fdm podporuje t\u011blo i mysl. Toto synergick\u00e9 trio zm\u00edr\u0148uje ka\u017edodenn\u00ed bolesti, podporuje zdravou funkci sval\u016f a regeneraci a z\u00e1rove\u0148 podporuje zdrav\u00e9 kosti a kardiovaskul\u00e1rn\u00ed funkce.<\/p>\n<p>Glycin\u00e1t ho\u0159e\u010dnat\u00fd je zn\u00e1m\u00fd t\u00edm, \u017ee podporuje klidn\u00fd sp\u00e1nek, nervov\u00fd syst\u00e9m, zdrav\u00e9 kosti a srde\u010dn\u00ed \u010dinnost. Mal\u00e1t ho\u0159e\u010dnat\u00fd zm\u00edr\u0148uje ka\u017edodenn\u00ed bolesti a podporuje zdravou funkci sval\u016f a regeneraci.<\/p>","protected":false},"excerpt":{"rendered":"<p>Enzymedica Magnesium Motion promotes healthy muscle function and recovery while also supporting healthy bones and cardiovascular function. Content: 60 capsules. Certification: vegan.<\/p>","protected":false},"featured_media":52316,"comment_status":"closed","ping_status":"closed","template":"","meta":{"advanced_seo_description":"","jetpack_seo_html_title":"","jetpack_seo_noindex":false},"pwb-brand":[467],"product_brand":[4767],"product_cat":[172,2598,132,152],"product_tag":[],"class_list":{"0":"post-47989","1":"product","2":"type-product","3":"status-publish","4":"has-post-thumbnail","6":"pwb-brand-enzymedica","7":"product_brand-enzymedica","8":"product_cat-minerals","9":"product_cat-recovery","10":"product_cat-sports-nutrition","11":"product_cat-vitamins-and-minerals","12":"brand_woo-enzymedica","14":"first","15":"instock","16":"taxable","17":"shipping-taxable","18":"purchasable","19":"product-type-simple"},"jetpack_sharing_enabled":true,"brands":[{"id":467,"name":"Enzymedica","slug":"enzymedica"}],"_links":{"self":[{"href":"https:\/\/veganova.eu\/cs\/wp-json\/wp\/v2\/product\/47989","targetHints":{"allow":["GET"]}}],"collection":[{"href":"https:\/\/veganova.eu\/cs\/wp-json\/wp\/v2\/product"}],"about":[{"href":"https:\/\/veganova.eu\/cs\/wp-json\/wp\/v2\/types\/product"}],"replies":[{"embeddable":true,"href":"https:\/\/veganova.eu\/cs\/wp-json\/wp\/v2\/comments?post=47989"}],"version-history":[{"count":1,"href":"https:\/\/veganova.eu\/cs\/wp-json\/wp\/v2\/product\/47989\/revisions"}],"predecessor-version":[{"id":59315,"href":"https:\/\/veganova.eu\/cs\/wp-json\/wp\/v2\/product\/47989\/revisions\/59315"}],"wp:featuredmedia":[{"embeddable":true,"href":"https:\/\/veganova.eu\/cs\/wp-json\/wp\/v2\/media\/52316"}],"wp:attachment":[{"href":"https:\/\/veganova.eu\/cs\/wp-json\/wp\/v2\/media?parent=47989"}],"wp:term":[{"taxonomy":"pwb-brand","embeddable":true,"href":"https:\/\/veganova.eu\/cs\/wp-json\/wp\/v2\/pwb-brand?post=47989"},{"taxonomy":"product_brand","embeddable":true,"href":"https:\/\/veganova.eu\/cs\/wp-json\/wp\/v2\/product_brand?post=47989"},{"taxonomy":"product_cat","embeddable":true,"href":"https:\/\/veganova.eu\/cs\/wp-json\/wp\/v2\/product_cat?post=47989"},{"taxonomy":"product_tag","embeddable":true,"href":"https:\/\/veganova.eu\/cs\/wp-json\/wp\/v2\/product_tag?post=47989"}],"curies":[{"name":"wp","href":"https:\/\/api.w.org\/{rel}","templated":true}]}}