{"id":48057,"date":"2024-09-15T12:33:57","date_gmt":"2024-09-15T10:33:57","guid":{"rendered":"https:\/\/veganova.eu\/?post_type=product&#038;p=48057"},"modified":"2026-04-21T07:26:05","modified_gmt":"2026-04-21T05:26:05","slug":"kaged-muscle-outlive-100-apple-cinnamon-510g","status":"publish","type":"product","link":"https:\/\/veganova.eu\/cs\/shop\/kaged-muscle-outlive-100-apple-cinnamon-510g\/","title":{"rendered":"Kaged Muscle Outlive 100, Jable\u010dn\u00e1 sko\u0159ice - 510g"},"content":{"rendered":"<h3>Kaged Muscle Outlive 100, Jable\u010dn\u00e1 sko\u0159ice - 510g<\/h3>\n<p>Outlive 100 is a superfood drink that actually tastes good. It\u2019s made from 26 fruits, vegetables, and herbals to support your immune system and digestion, and help you manage stress. It will help you feel better, live healthier, and cover your nutritional bases.<\/p>","protected":false},"excerpt":{"rendered":"<p>Kaged Muscle Outlive 100 is made from 26 fruits, vegetables, and herbals to support your immune system and digestion. Content: 501g. Flavor: Apple Cinnamon.<\/p>","protected":false},"featured_media":51947,"comment_status":"closed","ping_status":"closed","template":"","meta":{"advanced_seo_description":"","jetpack_seo_html_title":"","jetpack_seo_noindex":false},"pwb-brand":[331],"product_brand":[4658],"product_cat":[149],"product_tag":[],"class_list":{"0":"post-48057","1":"product","2":"type-product","3":"status-publish","4":"has-post-thumbnail","6":"pwb-brand-kaged-muscle","7":"product_brand-kaged-muscle","8":"product_cat-superfoods","9":"brand_woo-kaged-muscle","11":"first","12":"instock","13":"sale","14":"taxable","15":"shipping-taxable","16":"purchasable","17":"product-type-simple"},"jetpack_sharing_enabled":true,"brands":[{"id":331,"name":"Kaged Muscle","slug":"kaged-muscle"}],"_links":{"self":[{"href":"https:\/\/veganova.eu\/cs\/wp-json\/wp\/v2\/product\/48057","targetHints":{"allow":["GET"]}}],"collection":[{"href":"https:\/\/veganova.eu\/cs\/wp-json\/wp\/v2\/product"}],"about":[{"href":"https:\/\/veganova.eu\/cs\/wp-json\/wp\/v2\/types\/product"}],"replies":[{"embeddable":true,"href":"https:\/\/veganova.eu\/cs\/wp-json\/wp\/v2\/comments?post=48057"}],"version-history":[{"count":1,"href":"https:\/\/veganova.eu\/cs\/wp-json\/wp\/v2\/product\/48057\/revisions"}],"predecessor-version":[{"id":59335,"href":"https:\/\/veganova.eu\/cs\/wp-json\/wp\/v2\/product\/48057\/revisions\/59335"}],"wp:featuredmedia":[{"embeddable":true,"href":"https:\/\/veganova.eu\/cs\/wp-json\/wp\/v2\/media\/51947"}],"wp:attachment":[{"href":"https:\/\/veganova.eu\/cs\/wp-json\/wp\/v2\/media?parent=48057"}],"wp:term":[{"taxonomy":"pwb-brand","embeddable":true,"href":"https:\/\/veganova.eu\/cs\/wp-json\/wp\/v2\/pwb-brand?post=48057"},{"taxonomy":"product_brand","embeddable":true,"href":"https:\/\/veganova.eu\/cs\/wp-json\/wp\/v2\/product_brand?post=48057"},{"taxonomy":"product_cat","embeddable":true,"href":"https:\/\/veganova.eu\/cs\/wp-json\/wp\/v2\/product_cat?post=48057"},{"taxonomy":"product_tag","embeddable":true,"href":"https:\/\/veganova.eu\/cs\/wp-json\/wp\/v2\/product_tag?post=48057"}],"curies":[{"name":"wp","href":"https:\/\/api.w.org\/{rel}","templated":true}]}}