{"id":48073,"date":"2024-09-15T12:34:14","date_gmt":"2024-09-15T10:34:14","guid":{"rendered":"https:\/\/veganova.eu\/?post_type=product&#038;p=48073"},"modified":"2026-04-21T07:26:07","modified_gmt":"2026-04-21T05:26:07","slug":"rule-one-plant-protein-chocolate-670g","status":"publish","type":"product","link":"https:\/\/veganova.eu\/cs\/shop\/rule-one-plant-protein-chocolate-670g\/","title":{"rendered":"Rule One Plant Protein, \u010dokol\u00e1da - 670g"},"content":{"rendered":"<h3>Rule One Plant Protein, \u010dokol\u00e1da - 670g<\/h3>\n<p>R1 Plant Protein je ur\u010den pro lidi, kte\u0159\u00ed cht\u011bj\u00ed extra b\u00edlkoviny, ale sna\u017e\u00ed se omezit \u017eivo\u010di\u0161n\u00e9 produkty nebo se jim zcela vyhnout, a poskytuje 20 g vegansk\u00fdch a paleo b\u00edlkovin se v\u0161emi 9 esenci\u00e1ln\u00edmi aminokyselinami (EAA).<\/p>","protected":false},"excerpt":{"rendered":"<p>Rule One Plant Protein poskytuje 20 g vegansk\u00fdch a paleo b\u00edlkovin, kter\u00e9 obsahuj\u00ed v\u0161ech 9 esenci\u00e1ln\u00edch aminokyselin (EAA). P\u0159\u00edchu\u0165: P\u0159\u00edchu\u0165: \u010dokol\u00e1da. Slo\u017een\u00ed: 620g. Certifikace: vegansk\u00e9, bezlepkov\u00e9.<\/p>","protected":false},"featured_media":52133,"comment_status":"closed","ping_status":"closed","template":"","meta":{"advanced_seo_description":"","jetpack_seo_html_title":"","jetpack_seo_noindex":false},"pwb-brand":[411],"product_brand":[4723],"product_cat":[132,133],"product_tag":[],"class_list":{"0":"post-48073","1":"product","2":"type-product","3":"status-publish","4":"has-post-thumbnail","6":"pwb-brand-rule-one","7":"product_brand-rule-one","8":"product_cat-sports-nutrition","9":"product_cat-vegan-proteins","10":"brand_woo-rule-one","12":"first","13":"instock","14":"sale","15":"taxable","16":"shipping-taxable","17":"purchasable","18":"product-type-simple"},"jetpack_sharing_enabled":true,"brands":[{"id":411,"name":"Pravidlo jedna","slug":"rule-one"}],"_links":{"self":[{"href":"https:\/\/veganova.eu\/cs\/wp-json\/wp\/v2\/product\/48073","targetHints":{"allow":["GET"]}}],"collection":[{"href":"https:\/\/veganova.eu\/cs\/wp-json\/wp\/v2\/product"}],"about":[{"href":"https:\/\/veganova.eu\/cs\/wp-json\/wp\/v2\/types\/product"}],"replies":[{"embeddable":true,"href":"https:\/\/veganova.eu\/cs\/wp-json\/wp\/v2\/comments?post=48073"}],"version-history":[{"count":1,"href":"https:\/\/veganova.eu\/cs\/wp-json\/wp\/v2\/product\/48073\/revisions"}],"predecessor-version":[{"id":59341,"href":"https:\/\/veganova.eu\/cs\/wp-json\/wp\/v2\/product\/48073\/revisions\/59341"}],"wp:featuredmedia":[{"embeddable":true,"href":"https:\/\/veganova.eu\/cs\/wp-json\/wp\/v2\/media\/52133"}],"wp:attachment":[{"href":"https:\/\/veganova.eu\/cs\/wp-json\/wp\/v2\/media?parent=48073"}],"wp:term":[{"taxonomy":"pwb-brand","embeddable":true,"href":"https:\/\/veganova.eu\/cs\/wp-json\/wp\/v2\/pwb-brand?post=48073"},{"taxonomy":"product_brand","embeddable":true,"href":"https:\/\/veganova.eu\/cs\/wp-json\/wp\/v2\/product_brand?post=48073"},{"taxonomy":"product_cat","embeddable":true,"href":"https:\/\/veganova.eu\/cs\/wp-json\/wp\/v2\/product_cat?post=48073"},{"taxonomy":"product_tag","embeddable":true,"href":"https:\/\/veganova.eu\/cs\/wp-json\/wp\/v2\/product_tag?post=48073"}],"curies":[{"name":"wp","href":"https:\/\/api.w.org\/{rel}","templated":true}]}}