{"id":48121,"date":"2024-09-15T12:35:04","date_gmt":"2024-09-15T10:35:04","guid":{"rendered":"https:\/\/veganova.eu\/?post_type=product&#038;p=48121"},"modified":"2026-04-21T07:26:08","modified_gmt":"2026-04-21T05:26:08","slug":"jarrow-formulas-same-200-20-tabs","status":"publish","type":"product","link":"https:\/\/veganova.eu\/cs\/shop\/jarrow-formulas-same-200-20-tabs\/","title":{"rendered":"Jarrow Formulas SAMe 200 - 20 tabs"},"content":{"rendered":"<h3>Jarrow Formulas SAMe 200 - 20 tabs<\/h3>\n<p>Jarrow Formulas SAMe 200 poskytuje pln\u00fdch 200 mg SAMe (\u010dist\u00fd v\u00fdt\u011b\u017eek) ze 400 mg disulf\u00e1tu SAMe tosyl\u00e1tu. SAMe 200 se vyr\u00e1b\u00ed p\u0159i n\u00edzk\u00e9 teplot\u011b a n\u00edzk\u00e9 vlhkosti a je pota\u017een enterickou vrstvou, aby byl zaji\u0161t\u011bn biologicky aktivn\u00ed produkt.<\/p>\n<p>S v\u011bt\u0161\u00edm mno\u017estv\u00edm biologicky aktivn\u00ed formy S,S ne\u017e R,S<br \/>\nSAMe se nach\u00e1z\u00ed ve v\u0161ech \u017eiv\u00fdch bu\u0148k\u00e1ch a je metabolitem methioninu (esenci\u00e1ln\u00ed aminokyseliny). SAMe je chir\u00e1ln\u00ed molekula skl\u00e1daj\u00edc\u00ed se ze dvou forem: (S,S) SAMe a (R,S) SAMe. Biologicky aktivn\u00ed formou je struktura (S,S), zat\u00edmco struktura (R,S) je biologicky neaktivn\u00ed. Jarrow Formulas SAMe se vyr\u00e1b\u00ed mikrobiologickou fermentac\u00ed a pot\u00e9 se zpracov\u00e1v\u00e1 bez pou\u017eit\u00ed chemick\u00fdch rozpou\u0161t\u011bdel, aby se zachoval 68-80% (S,S) SAMe.<\/p>\n<p>SAMe podporuje:<\/p>\n<p>Metabolismus mozku a n\u00e1lada*<br \/>\nMetyla\u010dn\u00ed reakce SAMe se pod\u00edlej\u00ed na synt\u00e9ze fosfatidylcholinu, kter\u00fd je podstatnou sou\u010d\u00e1st\u00ed \u0161ed\u00e9 hmoty mozkov\u00e9 a bun\u011b\u010dn\u00fdch membr\u00e1n.* Bylo tak\u00e9 navr\u017eeno, \u017ee se pod\u00edl\u00ed na synt\u00e9ze fosfatidylcholinu.<br \/>\np\u0159i tvorb\u011b nebo metabolismu neurotransmiter\u016f, co\u017e p\u0159isp\u00edv\u00e1 k<br \/>\npodporovat vyrovnanou n\u00e1ladu.*<\/p>\n<p>Zdrav\u00ed kloub\u016f*<br \/>\nSAMe podporuje tvorbu zdrav\u00e9 pojivov\u00e9 tk\u00e1n\u011b prost\u0159ednictv\u00edm transsulfurace.* P\u0159i tomto procesu transsulfurace jsou kritick\u00e9 slo\u017eky pojivov\u00e9 tk\u00e1n\u011b zn\u00e1m\u00e9 jako glykosaminoglykany (GAG), v\u010detn\u011b glukosaminu a chondroitinu, sulf\u00e1tov\u00e1ny metabolity SAMe za vzniku sulf\u00e1tovan\u00fdch GAG, jako je glukosamin sulf\u00e1t a chondroitin sulf\u00e1t, stavebn\u00ed kameny chrupavky.*<\/p>\n<p>Funkce jater*<br \/>\nSAMe podporuje synt\u00e9zu glutathionu (GSH), kter\u00fd m\u00e1 z\u00e1sadn\u00ed v\u00fdznam pro antioxida\u010dn\u00ed obranu a funkce jater v\u010detn\u011b detoxikace ve f\u00e1zi II.*.<\/p>\n<p>Jarrow Formulas SAMe 200 je balen ve f\u00f3lii, aby se maximalizovala jeho stabilita, a poskytuje 200 mg S-denosylmethioninu odvozen\u00e9ho ze 400 mg disulf\u00e1tu tozyl\u00e1tu SAMe.<\/p>","protected":false},"excerpt":{"rendered":"<p>Jarrow Formulas SAMe 200 supports healthy liver, joints and is mood enhancer. Content: 20 tablets. Certifitation: gluten free, vegan.<\/p>","protected":false},"featured_media":51903,"comment_status":"closed","ping_status":"closed","template":"","meta":{"advanced_seo_description":"","jetpack_seo_html_title":"","jetpack_seo_noindex":false},"pwb-brand":[165],"product_brand":[4572],"product_cat":[2593,286,143,2591,152],"product_tag":[],"class_list":{"0":"post-48121","1":"product","2":"type-product","3":"status-publish","4":"has-post-thumbnail","6":"pwb-brand-jarrow-formulas","7":"product_brand-jarrow-formulas","8":"product_cat-antioxidants","9":"product_cat-for-a-better-mood","10":"product_cat-health-issues","11":"product_cat-liver","12":"product_cat-vitamins-and-minerals","13":"brand_woo-jarrow-formulas","15":"first","16":"outofstock","17":"taxable","18":"shipping-taxable","19":"purchasable","20":"product-type-simple"},"jetpack_sharing_enabled":true,"brands":[{"id":165,"name":"Jarrow Formulas","slug":"jarrow-formulas"}],"_links":{"self":[{"href":"https:\/\/veganova.eu\/cs\/wp-json\/wp\/v2\/product\/48121","targetHints":{"allow":["GET"]}}],"collection":[{"href":"https:\/\/veganova.eu\/cs\/wp-json\/wp\/v2\/product"}],"about":[{"href":"https:\/\/veganova.eu\/cs\/wp-json\/wp\/v2\/types\/product"}],"replies":[{"embeddable":true,"href":"https:\/\/veganova.eu\/cs\/wp-json\/wp\/v2\/comments?post=48121"}],"version-history":[{"count":1,"href":"https:\/\/veganova.eu\/cs\/wp-json\/wp\/v2\/product\/48121\/revisions"}],"predecessor-version":[{"id":59357,"href":"https:\/\/veganova.eu\/cs\/wp-json\/wp\/v2\/product\/48121\/revisions\/59357"}],"wp:featuredmedia":[{"embeddable":true,"href":"https:\/\/veganova.eu\/cs\/wp-json\/wp\/v2\/media\/51903"}],"wp:attachment":[{"href":"https:\/\/veganova.eu\/cs\/wp-json\/wp\/v2\/media?parent=48121"}],"wp:term":[{"taxonomy":"pwb-brand","embeddable":true,"href":"https:\/\/veganova.eu\/cs\/wp-json\/wp\/v2\/pwb-brand?post=48121"},{"taxonomy":"product_brand","embeddable":true,"href":"https:\/\/veganova.eu\/cs\/wp-json\/wp\/v2\/product_brand?post=48121"},{"taxonomy":"product_cat","embeddable":true,"href":"https:\/\/veganova.eu\/cs\/wp-json\/wp\/v2\/product_cat?post=48121"},{"taxonomy":"product_tag","embeddable":true,"href":"https:\/\/veganova.eu\/cs\/wp-json\/wp\/v2\/product_tag?post=48121"}],"curies":[{"name":"wp","href":"https:\/\/api.w.org\/{rel}","templated":true}]}}