{"id":48189,"date":"2024-09-15T12:36:23","date_gmt":"2024-09-15T10:36:23","guid":{"rendered":"https:\/\/veganova.eu\/?post_type=product&#038;p=48189"},"modified":"2026-04-21T07:26:11","modified_gmt":"2026-04-21T05:26:11","slug":"himalaya-turmeric-95-with-curcumin-60-caps","status":"publish","type":"product","link":"https:\/\/veganova.eu\/cs\/shop\/himalaya-turmeric-95-with-curcumin-60-caps\/","title":{"rendered":"Himalaya Kurkuma 95 s kurkuminem - 60 kapsl\u00ed"},"content":{"rendered":"<h3>Himalaya Kurkuma 95 s kurkuminem - 60 kapsl\u00ed<\/h3>\n<p>\u00c1jurv\u00e9da m\u00e1 pro kurkumu mnoho n\u00e1zv\u016f, mimo jin\u00e9 \"dod\u00e1v\u00e1 pot\u011b\u0161en\u00ed srdci\". V\u011bdci tuto rostlinu popisuj\u00ed jako dar p\u0159\u00edrody, kter\u00fd podporuje j\u00e1tra, imunitn\u00ed syst\u00e9m, srdce a tr\u00e1vic\u00ed trakt. Kurkuma 95, kter\u00e1 nab\u00edz\u00ed dobroty z kurkumov\u00e9ho pr\u00e1\u0161ku a extraktu (s 95% kurkuminoid\u016f), p\u016fsob\u00ed jako cenn\u00fd antioxidant, kter\u00fd podporuje zvl\u00e1d\u00e1n\u00ed z\u00e1n\u011bt\u016f zp\u016fsoben\u00fdch n\u00e1mahou.<\/p>","protected":false},"excerpt":{"rendered":"<p>Himalaya Kurkuma 95 s kurkuminem podporuje j\u00e1tra, imunitn\u00ed syst\u00e9m, srdce a tr\u00e1vic\u00ed trakt. Obsah: Obsah: 60 kapsl\u00ed.<\/p>","protected":false},"featured_media":52282,"comment_status":"closed","ping_status":"closed","template":"","meta":{"advanced_seo_description":"","jetpack_seo_html_title":"","jetpack_seo_noindex":false},"pwb-brand":[690],"product_brand":[4859],"product_cat":[2593,596,143,597,2600,149,152],"product_tag":[],"class_list":{"0":"post-48189","1":"product","2":"type-product","3":"status-publish","4":"has-post-thumbnail","6":"pwb-brand-himalaya","7":"product_brand-himalaya","8":"product_cat-antioxidants","9":"product_cat-digestion","10":"product_cat-health-issues","11":"product_cat-body-immunity","12":"product_cat-inflammation","13":"product_cat-superfoods","14":"product_cat-vitamins-and-minerals","15":"brand_woo-himalaya","17":"first","18":"instock","19":"taxable","20":"shipping-taxable","21":"purchasable","22":"product-type-simple"},"jetpack_sharing_enabled":true,"brands":[{"id":690,"name":"Himalaya","slug":"himalaya"}],"_links":{"self":[{"href":"https:\/\/veganova.eu\/cs\/wp-json\/wp\/v2\/product\/48189","targetHints":{"allow":["GET"]}}],"collection":[{"href":"https:\/\/veganova.eu\/cs\/wp-json\/wp\/v2\/product"}],"about":[{"href":"https:\/\/veganova.eu\/cs\/wp-json\/wp\/v2\/types\/product"}],"replies":[{"embeddable":true,"href":"https:\/\/veganova.eu\/cs\/wp-json\/wp\/v2\/comments?post=48189"}],"version-history":[{"count":1,"href":"https:\/\/veganova.eu\/cs\/wp-json\/wp\/v2\/product\/48189\/revisions"}],"predecessor-version":[{"id":59387,"href":"https:\/\/veganova.eu\/cs\/wp-json\/wp\/v2\/product\/48189\/revisions\/59387"}],"wp:featuredmedia":[{"embeddable":true,"href":"https:\/\/veganova.eu\/cs\/wp-json\/wp\/v2\/media\/52282"}],"wp:attachment":[{"href":"https:\/\/veganova.eu\/cs\/wp-json\/wp\/v2\/media?parent=48189"}],"wp:term":[{"taxonomy":"pwb-brand","embeddable":true,"href":"https:\/\/veganova.eu\/cs\/wp-json\/wp\/v2\/pwb-brand?post=48189"},{"taxonomy":"product_brand","embeddable":true,"href":"https:\/\/veganova.eu\/cs\/wp-json\/wp\/v2\/product_brand?post=48189"},{"taxonomy":"product_cat","embeddable":true,"href":"https:\/\/veganova.eu\/cs\/wp-json\/wp\/v2\/product_cat?post=48189"},{"taxonomy":"product_tag","embeddable":true,"href":"https:\/\/veganova.eu\/cs\/wp-json\/wp\/v2\/product_tag?post=48189"}],"curies":[{"name":"wp","href":"https:\/\/api.w.org\/{rel}","templated":true}]}}