{"id":5131,"date":"2023-10-01T17:08:52","date_gmt":"2023-10-01T15:08:52","guid":{"rendered":"https:\/\/veganova.eu\/?post_type=product&#038;p=5131"},"modified":"2026-04-21T07:24:34","modified_gmt":"2026-04-21T05:24:34","slug":"doctors-best-pure-vitamin-c-powder-with-quali-c-250g","status":"publish","type":"product","link":"https:\/\/veganova.eu\/cs\/shop\/doctors-best-pure-vitamin-c-powder-with-quali-c-250g\/","title":{"rendered":"Doctor's Best \u010cist\u00fd vitamin C v pr\u00e1\u0161ku s Quali-C (250g)"},"content":{"rendered":"<h3>Doctor&#8217;s Best Pure Vitamin C Powder with Quali-C<\/h3>\n<ul>\n<li>Doctor&#8217;s Best Vitamin C with Quali-C supports immunity, the cardiovascular system and is essential for joints and other connective tissues.<\/li>\n<li>Doctor&#8217;s Best uses Quali-C, a brand of ascorbic acid made in Scotland that is valued for its quality and reliability.<\/li>\n<li>Ascorbic acid is invaluable to the body for its role as an electron donor that supports a number of metabolic enzymes and in addition increases the body&#8217;s overall antioxidant potential.<\/li>\n<li>It is essential for the synthesis of collagen, carnitine and certain brain chemical transmitters.<\/li>\n<li>Clinical research confirms the essential support of vitamin C for brain, eyes, heart and blood circulation, immune system and all other organs of the body.<\/li>\n<\/ul>","protected":false},"excerpt":{"rendered":"<p>The vegan nutritional supplement Doctor&#8217;s Best Pure Vitamin C Powder with Quali-C will provide you with a high-quality dose of pure vitamin C to support immunity and reduce inflammation. The package contains: 250g (powder). Gluten-free, GMO-free.<\/p>","protected":false},"featured_media":53367,"comment_status":"closed","ping_status":"closed","template":"","meta":{"advanced_seo_description":"","jetpack_seo_html_title":"","jetpack_seo_noindex":false},"pwb-brand":[147],"product_brand":[4565],"product_cat":[597,2600,153,152],"product_tag":[1167,854,860,1117,1155],"class_list":{"0":"post-5131","1":"product","2":"type-product","3":"status-publish","4":"has-post-thumbnail","6":"pwb-brand-doctors-best","7":"product_brand-doctors-best","8":"product_cat-body-immunity","9":"product_cat-inflammation","10":"product_cat-vitamins","11":"product_cat-vitamins-and-minerals","12":"product_tag-blood-vessels","13":"product_tag-collagen-booster","14":"product_tag-energy","15":"product_tag-immunity","16":"product_tag-inflammation","17":"brand_woo-doctors-best","19":"first","20":"instock","21":"taxable","22":"shipping-taxable","23":"purchasable","24":"product-type-simple"},"jetpack_sharing_enabled":true,"brands":[{"id":147,"name":"Doctor's Best","slug":"doctors-best"}],"_links":{"self":[{"href":"https:\/\/veganova.eu\/cs\/wp-json\/wp\/v2\/product\/5131","targetHints":{"allow":["GET"]}}],"collection":[{"href":"https:\/\/veganova.eu\/cs\/wp-json\/wp\/v2\/product"}],"about":[{"href":"https:\/\/veganova.eu\/cs\/wp-json\/wp\/v2\/types\/product"}],"replies":[{"embeddable":true,"href":"https:\/\/veganova.eu\/cs\/wp-json\/wp\/v2\/comments?post=5131"}],"version-history":[{"count":1,"href":"https:\/\/veganova.eu\/cs\/wp-json\/wp\/v2\/product\/5131\/revisions"}],"predecessor-version":[{"id":58244,"href":"https:\/\/veganova.eu\/cs\/wp-json\/wp\/v2\/product\/5131\/revisions\/58244"}],"wp:featuredmedia":[{"embeddable":true,"href":"https:\/\/veganova.eu\/cs\/wp-json\/wp\/v2\/media\/53367"}],"wp:attachment":[{"href":"https:\/\/veganova.eu\/cs\/wp-json\/wp\/v2\/media?parent=5131"}],"wp:term":[{"taxonomy":"pwb-brand","embeddable":true,"href":"https:\/\/veganova.eu\/cs\/wp-json\/wp\/v2\/pwb-brand?post=5131"},{"taxonomy":"product_brand","embeddable":true,"href":"https:\/\/veganova.eu\/cs\/wp-json\/wp\/v2\/product_brand?post=5131"},{"taxonomy":"product_cat","embeddable":true,"href":"https:\/\/veganova.eu\/cs\/wp-json\/wp\/v2\/product_cat?post=5131"},{"taxonomy":"product_tag","embeddable":true,"href":"https:\/\/veganova.eu\/cs\/wp-json\/wp\/v2\/product_tag?post=5131"}],"curies":[{"name":"wp","href":"https:\/\/api.w.org\/{rel}","templated":true}]}}