{"id":5157,"date":"2023-10-01T17:09:03","date_gmt":"2023-10-01T15:09:03","guid":{"rendered":"https:\/\/veganova.eu\/?post_type=product&#038;p=5157"},"modified":"2026-04-21T07:24:36","modified_gmt":"2026-04-21T05:24:36","slug":"kiki-health-reishi-extract-organic-400mg-60-kaps","status":"publish","type":"product","link":"https:\/\/veganova.eu\/cs\/shop\/kiki-health-reishi-extract-organic-400mg-60-kaps\/","title":{"rendered":"KIKI Health Reishi Extract Organic, 400 mg (60 kapsl\u00ed)"},"content":{"rendered":"<h3>KIKI Health Reishi Extract Organic, 400 mg (60 kapsl\u00ed)<\/h3>\n<p>Na\u0161e \u010derven\u00e9 houby Reishi (Ganoderma lucidum) p\u011bstujeme na substr\u00e1tu bohat\u00e9m na d\u0159evo Duanwood (p\u016fvodn\u00ed d\u0159ev\u011bn\u00e9 kmeny), kde Reishi p\u0159irozen\u011b roste, a v\u00fdsledkem je siln\u00fd a vysoce kvalitn\u00ed extrakt z Reishi s nejv\u011bt\u0161\u00edm mno\u017estv\u00edm dostupn\u00fdch bioaktivn\u00edch slo\u017eek. V Reishi jsou 2 typy bioaktivn\u00edch l\u00e1tek: beta-D-glukany (typ polysacharid\u016f) a triterpeny (triterpenoidy). Glukany se tak\u00e9 mohou li\u0161it v z\u00e1vislosti na sv\u00e9 struktu\u0159e. Houby p\u011bstovan\u00e9 p\u0159ev\u00e1\u017en\u011b na obiln\u00e9m substr\u00e1tu jsou bohat\u00e9 na alfa-glukany, ale houby p\u011bstovan\u00e9 p\u0159ev\u00e1\u017en\u011b na d\u0159ev\u011bn\u00e9m substr\u00e1tu jsou bohat\u00e9 na beta-glukany. Triterpeny v Ganoderma lucidum poch\u00e1zej\u00ed z pou\u017eit\u00ed d\u0159eva jako substr\u00e1tu. Pokud tedy byla houba Reishi p\u011bstov\u00e1na na obilovin\u00e1ch, bude m\u00edt m\u00e1lo triterpen\u016f nebo \u017e\u00e1dn\u00e9. N\u00e1\u0161 pr\u00e1\u0161kov\u00fd extrakt z Reishi se z\u00edsk\u00e1v\u00e1 extrakc\u00ed plodnic, kter\u00e9 jsou prokazateln\u011b mnohem bohat\u0161\u00ed na \u00fa\u010dinn\u00e9 l\u00e1tky a bohat\u0161\u00ed na polysacharidy bohat\u00e9 na beta-D-glukany ne\u017e houby extrahovan\u00e9 z mycelia. K z\u00edsk\u00e1n\u00ed cenn\u00fdch funk\u010dn\u00edch slo\u017eek, kter\u00e9 se nach\u00e1zej\u00ed uvnit\u0159 bun\u011bk hub, se pou\u017e\u00edv\u00e1 technologie du\u00e1ln\u00edho extraktu s \u0159\u00edzenou teplotou; pokro\u010dil\u00e1 v\u00fdrobn\u00ed metoda podporuje zachycen\u00ed nejvy\u0161\u0161\u00edho mno\u017estv\u00ed \u00fa\u010dinn\u00fdch \u017eivin. N\u00e1\u0161 pr\u00e1\u0161kov\u00fd extrakt z Reishi je odborn\u011b standardizov\u00e1n na p\u016fsobiv\u00fd obsah polysacharid\u016f 50% a obsahuje v\u00fdznamn\u00e9 mno\u017estv\u00ed triterpen\u016f a polyfenol\u016f. N\u00e1\u0161 Reishi Extract Powder se vyr\u00e1b\u00ed z 100% Reishi za pou\u017eit\u00ed enzymatick\u00e9ho, teplotn\u011b \u0159\u00edzen\u00e9ho du\u00e1ln\u00edho extrak\u010dn\u00edho procesu k z\u00edsk\u00e1n\u00ed \u00fa\u010dinn\u00fdch bioaktivn\u00edch slo\u017eek, kter\u00e9 se nach\u00e1zej\u00ed uvnit\u0159 bun\u011bk houby. Tato pokro\u010dil\u00e1 v\u00fdrobn\u00ed metoda podporuje zachycen\u00ed nejvy\u0161\u0161\u00edho mno\u017estv\u00ed aktivn\u00edch \u017eivin. N\u00e1\u0161 extrakt neobsahuje plnidla, jako je \u0161krob a obil\u00ed, ani \u017e\u00e1dn\u00e9 p\u0159\u00eddatn\u00e9 l\u00e1tky. Z na\u0161eho extraktu z hub Reishi z\u00edsk\u00e1te 100% \u010dist\u00e9ho houbov\u00e9ho extraktu. Vhodn\u00e9 pro vegetari\u00e1ny a vegany. \u017d\u00e1dn\u00e9 p\u0159\u00eddatn\u00e9 l\u00e1tky, mycelium, zrna ani co by se za nehet ve\u0161lo. \u010cist\u00fd a koncentrovan\u00fd<\/p>","protected":false},"excerpt":{"rendered":"<p>Vegansk\u00fd dopln\u011bk stravy KIKI Health Reishi Extract Organic, 400 mg, \u010dist\u00e1 a koncentrovan\u00e1 forma. Balen\u00ed obsahuje: 60 kapsl\u00ed. Bez lepku, bez GMO.<\/p>","protected":false},"featured_media":52979,"comment_status":"closed","ping_status":"closed","template":"","meta":{"advanced_seo_description":"","jetpack_seo_html_title":"","jetpack_seo_noindex":false},"pwb-brand":[166],"product_brand":[4573],"product_cat":[2597,149],"product_tag":[1159,1164,860,1117,1063,1166],"class_list":{"0":"post-5157","1":"product","2":"type-product","3":"status-publish","4":"has-post-thumbnail","6":"pwb-brand-kiki-health","7":"product_brand-kiki-health","8":"product_cat-mushrooms","9":"product_cat-superfoods","10":"product_tag-aging","11":"product_tag-bacteria","12":"product_tag-energy","13":"product_tag-immunity","14":"product_tag-medicinal-mushrooms","15":"product_tag-viruses","16":"brand_woo-kiki-health","18":"first","19":"outofstock","20":"taxable","21":"shipping-taxable","22":"purchasable","23":"product-type-simple"},"jetpack_sharing_enabled":true,"brands":[{"id":166,"name":"KIKI Health","slug":"kiki-health"}],"_links":{"self":[{"href":"https:\/\/veganova.eu\/cs\/wp-json\/wp\/v2\/product\/5157","targetHints":{"allow":["GET"]}}],"collection":[{"href":"https:\/\/veganova.eu\/cs\/wp-json\/wp\/v2\/product"}],"about":[{"href":"https:\/\/veganova.eu\/cs\/wp-json\/wp\/v2\/types\/product"}],"replies":[{"embeddable":true,"href":"https:\/\/veganova.eu\/cs\/wp-json\/wp\/v2\/comments?post=5157"}],"version-history":[{"count":1,"href":"https:\/\/veganova.eu\/cs\/wp-json\/wp\/v2\/product\/5157\/revisions"}],"predecessor-version":[{"id":58267,"href":"https:\/\/veganova.eu\/cs\/wp-json\/wp\/v2\/product\/5157\/revisions\/58267"}],"wp:featuredmedia":[{"embeddable":true,"href":"https:\/\/veganova.eu\/cs\/wp-json\/wp\/v2\/media\/52979"}],"wp:attachment":[{"href":"https:\/\/veganova.eu\/cs\/wp-json\/wp\/v2\/media?parent=5157"}],"wp:term":[{"taxonomy":"pwb-brand","embeddable":true,"href":"https:\/\/veganova.eu\/cs\/wp-json\/wp\/v2\/pwb-brand?post=5157"},{"taxonomy":"product_brand","embeddable":true,"href":"https:\/\/veganova.eu\/cs\/wp-json\/wp\/v2\/product_brand?post=5157"},{"taxonomy":"product_cat","embeddable":true,"href":"https:\/\/veganova.eu\/cs\/wp-json\/wp\/v2\/product_cat?post=5157"},{"taxonomy":"product_tag","embeddable":true,"href":"https:\/\/veganova.eu\/cs\/wp-json\/wp\/v2\/product_tag?post=5157"}],"curies":[{"name":"wp","href":"https:\/\/api.w.org\/{rel}","templated":true}]}}