{"id":5162,"date":"2023-10-01T17:09:05","date_gmt":"2023-10-01T15:09:05","guid":{"rendered":"https:\/\/veganova.eu\/?post_type=product&#038;p=5162"},"modified":"2026-04-21T07:24:37","modified_gmt":"2026-04-21T05:24:37","slug":"kiki-health-zeolite-with-activated-charcoal-powder-60g","status":"publish","type":"product","link":"https:\/\/veganova.eu\/cs\/shop\/kiki-health-zeolite-with-activated-charcoal-powder-60g\/","title":{"rendered":"KIKI Health Zeolit s aktivn\u00edm uhl\u00edm v pr\u00e1\u0161ku (60g)"},"content":{"rendered":"<h3>KIKI Health Zeolit s aktivn\u00edm uhl\u00edm v pr\u00e1\u0161ku (60g)<\/h3>\n<p>Zeolite Clinoptilolite is a naturally occurring mineral of volcanic origin from the South Aegean volcanic arc region of Turkey. It was formed millions of years ago and has been used since ancient times for both internal and external use.Our Activated Charcoal is produced from coconuts which have been highly purified with steam to remove any contaminants for use as a pharmaceutically active ingredient. They are then blended together to form 1\/3rd Activated Charcoal to 2\/3rds Zeolite Powder.<\/p>","protected":false},"excerpt":{"rendered":"<p>Vegan nutritional supplement KIKI Health Zeolite With Activated Charcoal Powder binds toxins in the digestive tract. Suitable for intestinal problems, excessive flatulence and digestion problems. The package contains: 60g. Gluten-free.<\/p>","protected":false},"featured_media":52967,"comment_status":"closed","ping_status":"closed","template":"","meta":{"advanced_seo_description":"","jetpack_seo_html_title":"","jetpack_seo_noindex":false},"pwb-brand":[166],"product_brand":[4573],"product_cat":[2592,596,149],"product_tag":[1067,1278,1277,1090],"class_list":{"0":"post-5162","1":"product","2":"type-product","3":"status-publish","4":"has-post-thumbnail","6":"pwb-brand-kiki-health","7":"product_brand-kiki-health","8":"product_cat-detox","9":"product_cat-digestion","10":"product_cat-superfoods","11":"product_tag-digestion","12":"product_tag-gas","13":"product_tag-intestinal-problems","14":"product_tag-toxins","15":"brand_woo-kiki-health","17":"first","18":"instock","19":"taxable","20":"shipping-taxable","21":"purchasable","22":"product-type-simple"},"jetpack_sharing_enabled":true,"brands":[{"id":166,"name":"KIKI Health","slug":"kiki-health"}],"_links":{"self":[{"href":"https:\/\/veganova.eu\/cs\/wp-json\/wp\/v2\/product\/5162","targetHints":{"allow":["GET"]}}],"collection":[{"href":"https:\/\/veganova.eu\/cs\/wp-json\/wp\/v2\/product"}],"about":[{"href":"https:\/\/veganova.eu\/cs\/wp-json\/wp\/v2\/types\/product"}],"replies":[{"embeddable":true,"href":"https:\/\/veganova.eu\/cs\/wp-json\/wp\/v2\/comments?post=5162"}],"version-history":[{"count":1,"href":"https:\/\/veganova.eu\/cs\/wp-json\/wp\/v2\/product\/5162\/revisions"}],"predecessor-version":[{"id":58272,"href":"https:\/\/veganova.eu\/cs\/wp-json\/wp\/v2\/product\/5162\/revisions\/58272"}],"wp:featuredmedia":[{"embeddable":true,"href":"https:\/\/veganova.eu\/cs\/wp-json\/wp\/v2\/media\/52967"}],"wp:attachment":[{"href":"https:\/\/veganova.eu\/cs\/wp-json\/wp\/v2\/media?parent=5162"}],"wp:term":[{"taxonomy":"pwb-brand","embeddable":true,"href":"https:\/\/veganova.eu\/cs\/wp-json\/wp\/v2\/pwb-brand?post=5162"},{"taxonomy":"product_brand","embeddable":true,"href":"https:\/\/veganova.eu\/cs\/wp-json\/wp\/v2\/product_brand?post=5162"},{"taxonomy":"product_cat","embeddable":true,"href":"https:\/\/veganova.eu\/cs\/wp-json\/wp\/v2\/product_cat?post=5162"},{"taxonomy":"product_tag","embeddable":true,"href":"https:\/\/veganova.eu\/cs\/wp-json\/wp\/v2\/product_tag?post=5162"}],"curies":[{"name":"wp","href":"https:\/\/api.w.org\/{rel}","templated":true}]}}