{"id":5208,"date":"2023-10-01T17:09:27","date_gmt":"2023-10-01T15:09:27","guid":{"rendered":"https:\/\/veganova.eu\/?post_type=product&#038;p=5208"},"modified":"2026-04-21T07:24:39","modified_gmt":"2026-04-21T05:24:39","slug":"now-foods-ginkgo-biloba-double-strength-120mg-50-kaps","status":"publish","type":"product","link":"https:\/\/veganova.eu\/cs\/shop\/now-foods-ginkgo-biloba-double-strength-120mg-50-kaps\/","title":{"rendered":"NOW Foods Ginkgo Biloba Double Strength, 120 mg (50 kapsl\u00ed)"},"content":{"rendered":"<h3>NOW Foods Ginkgo Biloba dvojit\u00e1 s\u00edla<\/h3>\n<ul>\n<li>24% standardizovan\u00fd extrakt<\/li>\n<li>Nyn\u00ed je extrakt z Ginkgo Biloba nejkvalitn\u011bj\u0161\u00ed dostupn\u00fd na cel\u00e9m sv\u011bt\u011b.<\/li>\n<li>V\u011bdeck\u00fd v\u00fdzkum ve studi\u00edch in vitro prok\u00e1zal, \u017ee extrakt z ginkgo biloby m\u00e1 silnou aktivitu p\u0159i odstra\u0148ov\u00e1n\u00ed voln\u00fdch radik\u00e1l\u016f.<\/li>\n<\/ul>","protected":false},"excerpt":{"rendered":"<p>Vegan nutritional supplement NOW Foods Ginkgo Biloba 120mg, with double strength, to support brain function, memory and blood circulation. The package contains: 50 capsules. Gluten-free, GMO-free.<\/p>","protected":false},"featured_media":11190,"comment_status":"closed","ping_status":"closed","template":"","meta":{"advanced_seo_description":"","jetpack_seo_html_title":"","jetpack_seo_noindex":false},"pwb-brand":[173],"product_brand":[4580],"product_cat":[149],"product_tag":[1159,1200,1221,1235],"class_list":{"0":"post-5208","1":"product","2":"type-product","3":"status-publish","4":"has-post-thumbnail","6":"pwb-brand-now-foods","7":"product_brand-now-foods","8":"product_cat-superfoods","9":"product_tag-aging","10":"product_tag-blood-circulation","11":"product_tag-brain","12":"product_tag-free-radical-scavenger","13":"brand_woo-now-foods","15":"first","16":"instock","17":"taxable","18":"shipping-taxable","19":"purchasable","20":"product-type-simple"},"jetpack_sharing_enabled":true,"brands":[{"id":173,"name":"NOW Foods","slug":"now-foods"}],"_links":{"self":[{"href":"https:\/\/veganova.eu\/cs\/wp-json\/wp\/v2\/product\/5208","targetHints":{"allow":["GET"]}}],"collection":[{"href":"https:\/\/veganova.eu\/cs\/wp-json\/wp\/v2\/product"}],"about":[{"href":"https:\/\/veganova.eu\/cs\/wp-json\/wp\/v2\/types\/product"}],"replies":[{"embeddable":true,"href":"https:\/\/veganova.eu\/cs\/wp-json\/wp\/v2\/comments?post=5208"}],"version-history":[{"count":1,"href":"https:\/\/veganova.eu\/cs\/wp-json\/wp\/v2\/product\/5208\/revisions"}],"predecessor-version":[{"id":58316,"href":"https:\/\/veganova.eu\/cs\/wp-json\/wp\/v2\/product\/5208\/revisions\/58316"}],"wp:featuredmedia":[{"embeddable":true,"href":"https:\/\/veganova.eu\/cs\/wp-json\/wp\/v2\/media\/11190"}],"wp:attachment":[{"href":"https:\/\/veganova.eu\/cs\/wp-json\/wp\/v2\/media?parent=5208"}],"wp:term":[{"taxonomy":"pwb-brand","embeddable":true,"href":"https:\/\/veganova.eu\/cs\/wp-json\/wp\/v2\/pwb-brand?post=5208"},{"taxonomy":"product_brand","embeddable":true,"href":"https:\/\/veganova.eu\/cs\/wp-json\/wp\/v2\/product_brand?post=5208"},{"taxonomy":"product_cat","embeddable":true,"href":"https:\/\/veganova.eu\/cs\/wp-json\/wp\/v2\/product_cat?post=5208"},{"taxonomy":"product_tag","embeddable":true,"href":"https:\/\/veganova.eu\/cs\/wp-json\/wp\/v2\/product_tag?post=5208"}],"curies":[{"name":"wp","href":"https:\/\/api.w.org\/{rel}","templated":true}]}}