{"id":5218,"date":"2023-10-01T17:09:33","date_gmt":"2023-10-01T15:09:33","guid":{"rendered":"https:\/\/veganova.eu\/?post_type=product&#038;p=5218"},"modified":"2026-04-26T02:21:35","modified_gmt":"2026-04-26T00:21:35","slug":"now-foods-mct-oil-1000mg-150-softgels","status":"publish","type":"product","link":"https:\/\/veganova.eu\/cs\/shop\/now-foods-mct-oil-1000mg-150-softgels\/","title":{"rendered":"NOW Foods MCT olej, 1000 mg (150 m\u011bkk\u00fdch gel\u016f)"},"content":{"rendered":"<h3>NOW Foods MCT Oil<\/h3>\n<ul>\n<li>Pure, flavorless<\/li>\n<li>Ideal for weight control<\/li>\n<li>Thermogenic effect<\/li>\n<li>Supports healthy body structure<\/li>\n<li>Medium-chain triglycerides (MCTs) are fats found naturally in coconut and palm kernel oils.<\/li>\n<li>They are easier and faster to digest than other types of fat.<\/li>\n<li>MCT oil is easily absorbed from the digestive tract and is very quickly metabolized in the liver, where it is reported to promote the use of fat for energy rather than storage. Numerous studies suggest that substituting MCT oil for other fats in a healthy diet can help promote healthy weight and body composition.<\/li>\n<\/ul>","protected":false},"excerpt":{"rendered":"<p>Nutritional supplement NOW Foods MCT Oil, 1000 mg, MCT oil in tablet form, package contains: 150 soft tablets. Gluten-free, GMO-free.<\/p>","protected":false},"featured_media":51593,"comment_status":"closed","ping_status":"closed","template":"","meta":{"advanced_seo_description":"","jetpack_seo_html_title":"","jetpack_seo_noindex":false},"pwb-brand":[173],"product_brand":[4580],"product_cat":[2599,155,2600,149,177],"product_tag":[860,1267,1268,1266,1094,1153],"class_list":{"0":"post-5218","1":"product","2":"type-product","3":"status-publish","4":"has-post-thumbnail","6":"pwb-brand-now-foods","7":"product_brand-now-foods","8":"product_cat-brain-and-memory","9":"product_cat-fat-burners","10":"product_cat-inflammation","11":"product_cat-superfoods","12":"product_cat-weight-loss","13":"product_tag-energy","14":"product_tag-fat-burning","15":"product_tag-healthy-fats","16":"product_tag-keto","17":"product_tag-metabolism","18":"product_tag-vessels","19":"brand_woo-now-foods","21":"first","22":"instock","23":"taxable","24":"shipping-taxable","25":"purchasable","26":"product-type-simple"},"jetpack_sharing_enabled":true,"brands":[{"id":173,"name":"NOW Foods","slug":"now-foods"}],"_links":{"self":[{"href":"https:\/\/veganova.eu\/cs\/wp-json\/wp\/v2\/product\/5218","targetHints":{"allow":["GET"]}}],"collection":[{"href":"https:\/\/veganova.eu\/cs\/wp-json\/wp\/v2\/product"}],"about":[{"href":"https:\/\/veganova.eu\/cs\/wp-json\/wp\/v2\/types\/product"}],"replies":[{"embeddable":true,"href":"https:\/\/veganova.eu\/cs\/wp-json\/wp\/v2\/comments?post=5218"}],"version-history":[{"count":1,"href":"https:\/\/veganova.eu\/cs\/wp-json\/wp\/v2\/product\/5218\/revisions"}],"predecessor-version":[{"id":58326,"href":"https:\/\/veganova.eu\/cs\/wp-json\/wp\/v2\/product\/5218\/revisions\/58326"}],"wp:featuredmedia":[{"embeddable":true,"href":"https:\/\/veganova.eu\/cs\/wp-json\/wp\/v2\/media\/51593"}],"wp:attachment":[{"href":"https:\/\/veganova.eu\/cs\/wp-json\/wp\/v2\/media?parent=5218"}],"wp:term":[{"taxonomy":"pwb-brand","embeddable":true,"href":"https:\/\/veganova.eu\/cs\/wp-json\/wp\/v2\/pwb-brand?post=5218"},{"taxonomy":"product_brand","embeddable":true,"href":"https:\/\/veganova.eu\/cs\/wp-json\/wp\/v2\/product_brand?post=5218"},{"taxonomy":"product_cat","embeddable":true,"href":"https:\/\/veganova.eu\/cs\/wp-json\/wp\/v2\/product_cat?post=5218"},{"taxonomy":"product_tag","embeddable":true,"href":"https:\/\/veganova.eu\/cs\/wp-json\/wp\/v2\/product_tag?post=5218"}],"curies":[{"name":"wp","href":"https:\/\/api.w.org\/{rel}","templated":true}]}}