{"id":5245,"date":"2023-10-01T17:09:46","date_gmt":"2023-10-01T15:09:46","guid":{"rendered":"https:\/\/veganova.eu\/?post_type=product&#038;p=5245"},"modified":"2026-04-27T02:22:34","modified_gmt":"2026-04-27T00:22:34","slug":"san-rawfusion-natural-chocolate-931g","status":"publish","type":"product","link":"https:\/\/veganova.eu\/cs\/shop\/san-rawfusion-natural-chocolate-931g\/","title":{"rendered":"SAN RawFusion, p\u0159\u00edrodn\u00ed \u010dokol\u00e1da (931g)"},"content":{"rendered":"<h3>SAN RawFusion<\/h3>\n<ul>\n<li>Nov\u00e1 generace rostlinn\u00fdch b\u00edlkovin<\/li>\n<li>V\u00edce ne\u017e rok intenzivn\u00edho v\u00fdzkumu a v\u00fdvoje technologi\u00ed vytla\u010dov\u00e1n\u00ed za studena vy\u00fastil v bezkonkuren\u010dn\u00ed, veganskou schv\u00e1lenou proteinovou recepturu spole\u010dnosti SAN.<\/li>\n<li>Nejen\u017ee je RAWFUSION ov\u011b\u0159en\u00fd projektem non-GMO, zcela p\u0159\u00edrodn\u00ed a bez alergen\u016f, ale tak\u00e9 nab\u00edz\u00ed neuv\u011b\u0159iteln\u00fdch 21 gram\u016f na\u0161ich vlastn\u00edch biofermentovan\u00fdch b\u00edlkovin v jedn\u00e9 porci, tak\u017ee je ide\u00e1ln\u00ed pro ka\u017ed\u00e9ho.<\/li>\n<li>Exkluzivn\u00ed sm\u011bs hrachov\u00e9ho proteinov\u00e9ho izol\u00e1tu, koncentr\u00e1tu nakl\u00ed\u010den\u00e9 hn\u011bd\u00e9 r\u00fd\u017ee, koncentr\u00e1tu arty\u010dokov\u00e9ho proteinu a matrice slune\u010dnicov\u00e9ho oleje bohat\u00e9 na EFA poskytuje tuto patentovanou recepturu, kter\u00e1 je ide\u00e1ln\u00ed pro vegany a p\u0159edstavuje vysoce proteinovou a rozumnou volbu i pro nevegany.<\/li>\n<li>S v\u00edce ne\u017e 4,5 gramy BCAA na porci se aminokyselinov\u00fd profil RAWFUSION vyrovn\u00e1 ml\u00e9\u010dn\u00e9mu proteinu, ale bez nev\u00fdhod ml\u00e9\u010dn\u00fdch nebo \u017eivo\u010di\u0161n\u00fdch b\u00edlkovin.<\/li>\n<\/ul>","protected":false},"excerpt":{"rendered":"<p>Vegan nutritional supplement containing vegetable protein and amino acids SAN RawFusion is a mixture of peas, brown rice, artichokes and sunflower oil. Contains 21g of protein and 4.5g of BCAA per serving. Flavor: Natural Chocolate, package contains: 931g. Gluten-free, GMO-free.<\/p>","protected":false},"featured_media":51542,"comment_status":"closed","ping_status":"closed","template":"","meta":{"advanced_seo_description":"","jetpack_seo_html_title":"","jetpack_seo_noindex":false},"pwb-brand":[431],"product_brand":[4740],"product_cat":[132,133],"product_tag":[1445,1378,1443],"class_list":{"0":"post-5245","1":"product","2":"type-product","3":"status-publish","4":"has-post-thumbnail","6":"pwb-brand-san","7":"product_brand-san","8":"product_cat-sports-nutrition","9":"product_cat-vegan-proteins","10":"product_tag-protein-for-men","11":"product_tag-protein-with-amino-acids","12":"product_tag-vegetable-protein","13":"brand_woo-san","15":"first","16":"instock","17":"featured","18":"taxable","19":"shipping-taxable","20":"purchasable","21":"product-type-simple"},"jetpack_sharing_enabled":true,"brands":[{"id":431,"name":"SAN","slug":"san"}],"_links":{"self":[{"href":"https:\/\/veganova.eu\/cs\/wp-json\/wp\/v2\/product\/5245","targetHints":{"allow":["GET"]}}],"collection":[{"href":"https:\/\/veganova.eu\/cs\/wp-json\/wp\/v2\/product"}],"about":[{"href":"https:\/\/veganova.eu\/cs\/wp-json\/wp\/v2\/types\/product"}],"replies":[{"embeddable":true,"href":"https:\/\/veganova.eu\/cs\/wp-json\/wp\/v2\/comments?post=5245"}],"version-history":[{"count":1,"href":"https:\/\/veganova.eu\/cs\/wp-json\/wp\/v2\/product\/5245\/revisions"}],"predecessor-version":[{"id":58349,"href":"https:\/\/veganova.eu\/cs\/wp-json\/wp\/v2\/product\/5245\/revisions\/58349"}],"wp:featuredmedia":[{"embeddable":true,"href":"https:\/\/veganova.eu\/cs\/wp-json\/wp\/v2\/media\/51542"}],"wp:attachment":[{"href":"https:\/\/veganova.eu\/cs\/wp-json\/wp\/v2\/media?parent=5245"}],"wp:term":[{"taxonomy":"pwb-brand","embeddable":true,"href":"https:\/\/veganova.eu\/cs\/wp-json\/wp\/v2\/pwb-brand?post=5245"},{"taxonomy":"product_brand","embeddable":true,"href":"https:\/\/veganova.eu\/cs\/wp-json\/wp\/v2\/product_brand?post=5245"},{"taxonomy":"product_cat","embeddable":true,"href":"https:\/\/veganova.eu\/cs\/wp-json\/wp\/v2\/product_cat?post=5245"},{"taxonomy":"product_tag","embeddable":true,"href":"https:\/\/veganova.eu\/cs\/wp-json\/wp\/v2\/product_tag?post=5245"}],"curies":[{"name":"wp","href":"https:\/\/api.w.org\/{rel}","templated":true}]}}