{"id":5319,"date":"2023-10-01T17:10:24","date_gmt":"2023-10-01T15:10:24","guid":{"rendered":"https:\/\/veganova.eu\/?post_type=product&#038;p=5319"},"modified":"2026-04-21T07:24:47","modified_gmt":"2026-04-21T05:24:47","slug":"swanson-black-cumin-seed-oil-500mg-60-liquid-kaps","status":"publish","type":"product","link":"https:\/\/veganova.eu\/cs\/shop\/swanson-black-cumin-seed-oil-500mg-60-liquid-kaps\/","title":{"rendered":"Swanson Olej ze semen \u010dern\u00e9ho km\u00ednu, 500 mg (60 licaps.)"},"content":{"rendered":"<h3>Swanson Olej ze semen \u010dern\u00e9ho km\u00ednu, 500 mg (60 tekut\u00fdch kapsl\u00ed)<\/h3>\n<p>Obsahuje kyselinu linolovou omega-6 a kyselinu olejovou omega-9.<br \/>\nPodporuje celkovou t\u011blesnou pohodu<br \/>\nPodporuje zdrav\u00ed imunitn\u00edho syst\u00e9mu<\/p>\n<p>Olej ze semen \u010dern\u00e9ho km\u00ednu si rychle z\u00edsk\u00e1v\u00e1 oblibu jako ka\u017edodenn\u00ed dopln\u011bk stravy pro podporu celkov\u00e9 t\u011blesn\u00e9 pohody. A\u010dkoli je \u010dern\u00fd km\u00edn ve form\u011b dopl\u0148ku stravy relativn\u011b nov\u00fd, s\u00e1m o sob\u011b se jako podp\u016frn\u00fd prost\u0159edek pro zdrav\u00ed pou\u017e\u00edv\u00e1 ji\u017e po stalet\u00ed. V sou\u010dasn\u00e9 dob\u011b v\u011bdci zkoumaj\u00ed v\u00edce ne\u017e 100 slo\u017eek, kter\u00e9 se v semenech nach\u00e1zej\u00ed, aby zjistili jeho skute\u010dn\u00fd potenci\u00e1l. Na\u0161e vegansk\u00e9 kapsle s olejem ze semen \u010dern\u00e9ho km\u00ednu obsahuj\u00ed zdrav\u00e9 mno\u017estv\u00ed kyseliny linolov\u00e9 omega-6 a kyseliny olejov\u00e9 omega-9 spolu se v\u0161emi \u017eivinami, kter\u00e9 se v tomto \u00fa\u017easn\u00e9m produktu nach\u00e1zej\u00ed.<\/p>","protected":false},"excerpt":{"rendered":"<p>Vegetari\u00e1nsk\u00fd dopln\u011bk stravy Swanson Black Camin Seed Oil, 500 mg je bohat\u00fd na omega 6 a omega 9 mastn\u00e9 kyseliny, podporuje imunitn\u00ed syst\u00e9m a celkov\u00e9 zdrav\u00ed a pohodu. Balen\u00ed obsahuje: 60 tekut\u00fdch kapsl\u00ed.<\/p>","protected":false},"featured_media":52927,"comment_status":"closed","ping_status":"closed","template":"","meta":{"advanced_seo_description":"","jetpack_seo_html_title":"","jetpack_seo_noindex":false},"pwb-brand":[450],"product_brand":[4753],"product_cat":[289,149],"product_tag":[1167,1158,1117,1155],"class_list":{"0":"post-5319","1":"product","2":"type-product","3":"status-publish","4":"has-post-thumbnail","6":"pwb-brand-swanson","7":"product_brand-swanson","8":"product_cat-heart-and-blood-vessels","9":"product_cat-superfoods","10":"product_tag-blood-vessels","11":"product_tag-heart","12":"product_tag-immunity","13":"product_tag-inflammation","14":"brand_woo-swanson","16":"first","17":"instock","18":"taxable","19":"shipping-taxable","20":"purchasable","21":"product-type-simple"},"jetpack_sharing_enabled":true,"brands":[{"id":450,"name":"Swanson","slug":"swanson"}],"_links":{"self":[{"href":"https:\/\/veganova.eu\/cs\/wp-json\/wp\/v2\/product\/5319","targetHints":{"allow":["GET"]}}],"collection":[{"href":"https:\/\/veganova.eu\/cs\/wp-json\/wp\/v2\/product"}],"about":[{"href":"https:\/\/veganova.eu\/cs\/wp-json\/wp\/v2\/types\/product"}],"replies":[{"embeddable":true,"href":"https:\/\/veganova.eu\/cs\/wp-json\/wp\/v2\/comments?post=5319"}],"version-history":[{"count":1,"href":"https:\/\/veganova.eu\/cs\/wp-json\/wp\/v2\/product\/5319\/revisions"}],"predecessor-version":[{"id":58417,"href":"https:\/\/veganova.eu\/cs\/wp-json\/wp\/v2\/product\/5319\/revisions\/58417"}],"wp:featuredmedia":[{"embeddable":true,"href":"https:\/\/veganova.eu\/cs\/wp-json\/wp\/v2\/media\/52927"}],"wp:attachment":[{"href":"https:\/\/veganova.eu\/cs\/wp-json\/wp\/v2\/media?parent=5319"}],"wp:term":[{"taxonomy":"pwb-brand","embeddable":true,"href":"https:\/\/veganova.eu\/cs\/wp-json\/wp\/v2\/pwb-brand?post=5319"},{"taxonomy":"product_brand","embeddable":true,"href":"https:\/\/veganova.eu\/cs\/wp-json\/wp\/v2\/product_brand?post=5319"},{"taxonomy":"product_cat","embeddable":true,"href":"https:\/\/veganova.eu\/cs\/wp-json\/wp\/v2\/product_cat?post=5319"},{"taxonomy":"product_tag","embeddable":true,"href":"https:\/\/veganova.eu\/cs\/wp-json\/wp\/v2\/product_tag?post=5319"}],"curies":[{"name":"wp","href":"https:\/\/api.w.org\/{rel}","templated":true}]}}