{"id":5320,"date":"2023-10-01T17:10:25","date_gmt":"2023-10-01T15:10:25","guid":{"rendered":"https:\/\/veganova.eu\/?post_type=product&#038;p=5320"},"modified":"2026-04-21T07:24:48","modified_gmt":"2026-04-21T05:24:48","slug":"swanson-chanca-piedra-phyllanthus-niruri-500mg-60-kaps","status":"publish","type":"product","link":"https:\/\/veganova.eu\/cs\/shop\/swanson-chanca-piedra-phyllanthus-niruri-500mg-60-kaps\/","title":{"rendered":"Swanson Chanca Piedra Phyllanthus Niruri, 500 mg (60 kapsl\u00ed)"},"content":{"rendered":"<h3>Swanson Chanca Piedra Phyllanthus Niruri<\/h3>\n<ul>\n<li>Chanca Piedra se po stalet\u00ed pou\u017e\u00edv\u00e1 v Ji\u017en\u00ed Americe, Indii a \u010c\u00edn\u011b.<\/li>\n<li>A\u010dkoli v r\u016fzn\u00fdch oblastech sv\u011bta rostou a pou\u017e\u00edvaj\u00ed se r\u016fzn\u00e9 druhy, pouze Phyllanthus niruri obsahuje \u00fa\u010dinn\u00e9 fytonutrienty, kter\u00e9 jsou pravd\u011bpodobn\u011b zodpov\u011bdn\u00e9 za jedine\u010dn\u00e9 \u00fa\u010dinky t\u00e9to byliny.<\/li>\n<li>Tato bylina se v minulosti pou\u017e\u00edvala na podporu zdrav\u00ed ledvin a jater.<\/li>\n<\/ul>","protected":false},"excerpt":{"rendered":"<p>Vegetari\u00e1nsk\u00fd dopln\u011bk stravy Swanson Chanca Piedra Phyllanthus Niruri je ide\u00e1ln\u00ed pro podporu zdrav\u00ed jater a ledvin. Balen\u00ed obsahuje: 60 kapsl\u00ed.<\/p>","protected":false},"featured_media":53332,"comment_status":"closed","ping_status":"closed","template":"","meta":{"advanced_seo_description":"","jetpack_seo_html_title":"","jetpack_seo_noindex":false},"pwb-brand":[450],"product_brand":[4753],"product_cat":[149],"product_tag":[1037,1325,1154,1302],"class_list":{"0":"post-5320","1":"product","2":"type-product","3":"status-publish","4":"has-post-thumbnail","6":"pwb-brand-swanson","7":"product_brand-swanson","8":"product_cat-superfoods","9":"product_tag-detox","10":"product_tag-kidney","11":"product_tag-liver","12":"product_tag-medicinal-herbs","13":"brand_woo-swanson","15":"first","16":"instock","17":"taxable","18":"shipping-taxable","19":"purchasable","20":"product-type-simple"},"jetpack_sharing_enabled":true,"brands":[{"id":450,"name":"Swanson","slug":"swanson"}],"_links":{"self":[{"href":"https:\/\/veganova.eu\/cs\/wp-json\/wp\/v2\/product\/5320","targetHints":{"allow":["GET"]}}],"collection":[{"href":"https:\/\/veganova.eu\/cs\/wp-json\/wp\/v2\/product"}],"about":[{"href":"https:\/\/veganova.eu\/cs\/wp-json\/wp\/v2\/types\/product"}],"replies":[{"embeddable":true,"href":"https:\/\/veganova.eu\/cs\/wp-json\/wp\/v2\/comments?post=5320"}],"version-history":[{"count":1,"href":"https:\/\/veganova.eu\/cs\/wp-json\/wp\/v2\/product\/5320\/revisions"}],"predecessor-version":[{"id":58418,"href":"https:\/\/veganova.eu\/cs\/wp-json\/wp\/v2\/product\/5320\/revisions\/58418"}],"wp:featuredmedia":[{"embeddable":true,"href":"https:\/\/veganova.eu\/cs\/wp-json\/wp\/v2\/media\/53332"}],"wp:attachment":[{"href":"https:\/\/veganova.eu\/cs\/wp-json\/wp\/v2\/media?parent=5320"}],"wp:term":[{"taxonomy":"pwb-brand","embeddable":true,"href":"https:\/\/veganova.eu\/cs\/wp-json\/wp\/v2\/pwb-brand?post=5320"},{"taxonomy":"product_brand","embeddable":true,"href":"https:\/\/veganova.eu\/cs\/wp-json\/wp\/v2\/product_brand?post=5320"},{"taxonomy":"product_cat","embeddable":true,"href":"https:\/\/veganova.eu\/cs\/wp-json\/wp\/v2\/product_cat?post=5320"},{"taxonomy":"product_tag","embeddable":true,"href":"https:\/\/veganova.eu\/cs\/wp-json\/wp\/v2\/product_tag?post=5320"}],"curies":[{"name":"wp","href":"https:\/\/api.w.org\/{rel}","templated":true}]}}