{"id":5322,"date":"2023-10-01T17:10:25","date_gmt":"2023-10-01T15:10:25","guid":{"rendered":"https:\/\/veganova.eu\/?post_type=product&#038;p=5322"},"modified":"2026-04-21T07:24:48","modified_gmt":"2026-04-21T05:24:48","slug":"swanson-melatonin-1mg-120-kaps","status":"publish","type":"product","link":"https:\/\/veganova.eu\/cs\/shop\/swanson-melatonin-1mg-120-kaps\/","title":{"rendered":"Swanson Melatonin, 1mg (120 kapsl\u00ed)"},"content":{"rendered":"<h3>Swanson Melatonin, 1mg (120 kapsl\u00ed)<\/h3>\n<p>P\u0159\u00edrodn\u00ed hormon, kter\u00fd pom\u00e1h\u00e1 regulovat cyklus sp\u00e1nku a bd\u011bn\u00ed v t\u011ble a podporuje norm\u00e1ln\u00ed sp\u00e1nkov\u00fd re\u017eim.<\/p>\n<p>Podporuje antioxida\u010dn\u00ed dr\u00e1hy.<\/p>\n<p>Skv\u011bl\u00fd p\u0159echodn\u00fd vzorec - vhodn\u00fd pro podporu zdrav\u00e9ho sp\u00e1nku.<\/p>\n<p>Pom\u00e1h\u00e1 p\u0159i adaptaci po p\u00e1smov\u00e9 nemoci.<\/p>\n<p>Ovl\u00e1dejte sv\u016fj cyklus sp\u00e1nku a bd\u011bn\u00ed pomoc\u00ed p\u0159\u00edpravku Swanson Melatonin! Tento u\u017eite\u010dn\u00fd hormon p\u016fsob\u00ed na obnoven\u00ed norm\u00e1ln\u00edho sp\u00e1nkov\u00e9ho re\u017eimu a z\u00e1rove\u0148 poskytuje t\u011blu vynikaj\u00edc\u00ed antioxida\u010dn\u00ed podporu. Ka\u017ed\u00e1 kapsle obsahuje 3 mg melatoninu.<\/p>","protected":false},"excerpt":{"rendered":"<p>Vegetari\u00e1nsk\u00fd dopln\u011bk stravy Swanson Melatonin, 1 mg je ide\u00e1ln\u00ed p\u0159i probl\u00e9mech se sp\u00e1nkem, b\u011bhem vypjat\u00e9ho psychick\u00e9ho obdob\u00ed. Zdrav\u00e1 hladina melatoninu je nezbytn\u00e1 pro kvalitn\u00ed sp\u00e1nek a dobrou n\u00e1ladu. Balen\u00ed obsahuje: 120 lehce straviteln\u00fdch vegetari\u00e1nsk\u00fdch kapsl\u00ed.<\/p>","protected":false},"featured_media":52923,"comment_status":"closed","ping_status":"closed","template":"","meta":{"advanced_seo_description":"","jetpack_seo_html_title":"","jetpack_seo_noindex":false},"pwb-brand":[450],"product_brand":[4753],"product_cat":[148,152],"product_tag":[1147,1078,1148],"class_list":{"0":"post-5322","1":"product","2":"type-product","3":"status-publish","4":"has-post-thumbnail","6":"pwb-brand-swanson","7":"product_brand-swanson","8":"product_cat-for-sleep","9":"product_cat-vitamins-and-minerals","10":"product_tag-insomnia","11":"product_tag-psyche","12":"product_tag-sleep","13":"brand_woo-swanson","15":"first","16":"outofstock","17":"taxable","18":"shipping-taxable","19":"purchasable","20":"product-type-simple"},"jetpack_sharing_enabled":true,"brands":[{"id":450,"name":"Swanson","slug":"swanson"}],"_links":{"self":[{"href":"https:\/\/veganova.eu\/cs\/wp-json\/wp\/v2\/product\/5322","targetHints":{"allow":["GET"]}}],"collection":[{"href":"https:\/\/veganova.eu\/cs\/wp-json\/wp\/v2\/product"}],"about":[{"href":"https:\/\/veganova.eu\/cs\/wp-json\/wp\/v2\/types\/product"}],"replies":[{"embeddable":true,"href":"https:\/\/veganova.eu\/cs\/wp-json\/wp\/v2\/comments?post=5322"}],"version-history":[{"count":1,"href":"https:\/\/veganova.eu\/cs\/wp-json\/wp\/v2\/product\/5322\/revisions"}],"predecessor-version":[{"id":58420,"href":"https:\/\/veganova.eu\/cs\/wp-json\/wp\/v2\/product\/5322\/revisions\/58420"}],"wp:featuredmedia":[{"embeddable":true,"href":"https:\/\/veganova.eu\/cs\/wp-json\/wp\/v2\/media\/52923"}],"wp:attachment":[{"href":"https:\/\/veganova.eu\/cs\/wp-json\/wp\/v2\/media?parent=5322"}],"wp:term":[{"taxonomy":"pwb-brand","embeddable":true,"href":"https:\/\/veganova.eu\/cs\/wp-json\/wp\/v2\/pwb-brand?post=5322"},{"taxonomy":"product_brand","embeddable":true,"href":"https:\/\/veganova.eu\/cs\/wp-json\/wp\/v2\/product_brand?post=5322"},{"taxonomy":"product_cat","embeddable":true,"href":"https:\/\/veganova.eu\/cs\/wp-json\/wp\/v2\/product_cat?post=5322"},{"taxonomy":"product_tag","embeddable":true,"href":"https:\/\/veganova.eu\/cs\/wp-json\/wp\/v2\/product_tag?post=5322"}],"curies":[{"name":"wp","href":"https:\/\/api.w.org\/{rel}","templated":true}]}}