{"id":5325,"date":"2023-10-01T17:10:26","date_gmt":"2023-10-01T15:10:26","guid":{"rendered":"https:\/\/veganova.eu\/?post_type=product&#038;p=5325"},"modified":"2026-04-21T07:24:48","modified_gmt":"2026-04-21T05:24:48","slug":"swanson-turmeric-black-pepper-60-kaps","status":"publish","type":"product","link":"https:\/\/veganova.eu\/cs\/shop\/swanson-turmeric-black-pepper-60-kaps\/","title":{"rendered":"Swanson Kurkuma a \u010dern\u00fd pep\u0159 (60 kapsl\u00ed)"},"content":{"rendered":"<h3>Swanson Kurkuma a \u010dern\u00fd pep\u0159 (60 kapsl\u00ed)<\/h3>\n<p>Podporuje zdrav\u00ed kloub\u016f, pohyb a t\u011blesn\u00e9 funkce<br \/>\nNab\u00edz\u00ed antioxida\u010dn\u00ed podporu pro neutralizaci voln\u00fdch radik\u00e1l\u016f<br \/>\n\u010cern\u00fd pep\u0159 zaji\u0161\u0165uje zv\u00fd\u0161enou biologickou dostupnost<\/p>\n<p>Na\u0161e kapsle obsahuj\u00ed 600 mg kurkumy obohacen\u00e9 o \u010dern\u00fd pep\u0159, kter\u00fd zaji\u0161\u0165uje optim\u00e1ln\u00ed biologickou dostupnost. Indi\u010dt\u00ed \u00e1jurv\u00e9d\u0161t\u00ed bylink\u00e1\u0159i pou\u017e\u00edvaj\u00ed kurkumu ji\u017e od starov\u011bku jako kardiovaskul\u00e1rn\u00ed a jatern\u00ed tonikum a na podporu kloubn\u00edho komfortu a pohyblivosti. Modern\u00ed v\u011bda odhalila, \u017ee kurkuma obsahuje jedine\u010dn\u00e9 fytochemik\u00e1lie zn\u00e1m\u00e9 jako kurkuminoidy, kter\u00e9 maj\u00ed siln\u00e9 antioxida\u010dn\u00ed \u00fa\u010dinky a zvy\u0161uj\u00ed aktivitu endogenn\u00edch antioxida\u010dn\u00edch enzym\u016f v t\u011ble, \u010d\u00edm\u017e p\u0159edstavuj\u00ed jeden dvojit\u00fd \u00fader, kter\u00fd likviduje voln\u00e9 radik\u00e1ly.<\/p>","protected":false},"excerpt":{"rendered":"<p>Vegetari\u00e1nsk\u00fd dopln\u011bk stravy Swanson Kurkuma a \u010dern\u00fd pep\u0159 je bohat\u00fd na antioxidanty a bioflavonoidy. V \u00e1jurv\u00e9d\u011b se pou\u017e\u00edv\u00e1 k \u010di\u0161t\u011bn\u00ed jater a podpo\u0159e kardiovaskul\u00e1rn\u00edho syst\u00e9mu. Podporuje tak\u00e9 zdrav\u00e9 klouby a pohyblivost. Balen\u00ed obsahuje: 60 lehce straviteln\u00fdch vegetari\u00e1nsk\u00fdch kapsl\u00ed.<\/p>","protected":false},"featured_media":52918,"comment_status":"closed","ping_status":"closed","template":"","meta":{"advanced_seo_description":"","jetpack_seo_html_title":"","jetpack_seo_noindex":false},"pwb-brand":[450],"product_brand":[4753],"product_cat":[289,597,2600,149],"product_tag":[1414,1241,1450,1037,1117,1154],"class_list":{"0":"post-5325","1":"product","2":"type-product","3":"status-publish","4":"has-post-thumbnail","6":"pwb-brand-swanson","7":"product_brand-swanson","8":"product_cat-heart-and-blood-vessels","9":"product_cat-body-immunity","10":"product_cat-inflammation","11":"product_cat-superfoods","12":"product_tag-antioxidants","13":"product_tag-cardiovascular-system","14":"product_tag-cleansing","15":"product_tag-detox","16":"product_tag-immunity","17":"product_tag-liver","18":"brand_woo-swanson","20":"first","21":"instock","22":"taxable","23":"shipping-taxable","24":"purchasable","25":"product-type-simple"},"jetpack_sharing_enabled":true,"brands":[{"id":450,"name":"Swanson","slug":"swanson"}],"_links":{"self":[{"href":"https:\/\/veganova.eu\/cs\/wp-json\/wp\/v2\/product\/5325","targetHints":{"allow":["GET"]}}],"collection":[{"href":"https:\/\/veganova.eu\/cs\/wp-json\/wp\/v2\/product"}],"about":[{"href":"https:\/\/veganova.eu\/cs\/wp-json\/wp\/v2\/types\/product"}],"replies":[{"embeddable":true,"href":"https:\/\/veganova.eu\/cs\/wp-json\/wp\/v2\/comments?post=5325"}],"version-history":[{"count":1,"href":"https:\/\/veganova.eu\/cs\/wp-json\/wp\/v2\/product\/5325\/revisions"}],"predecessor-version":[{"id":58422,"href":"https:\/\/veganova.eu\/cs\/wp-json\/wp\/v2\/product\/5325\/revisions\/58422"}],"wp:featuredmedia":[{"embeddable":true,"href":"https:\/\/veganova.eu\/cs\/wp-json\/wp\/v2\/media\/52918"}],"wp:attachment":[{"href":"https:\/\/veganova.eu\/cs\/wp-json\/wp\/v2\/media?parent=5325"}],"wp:term":[{"taxonomy":"pwb-brand","embeddable":true,"href":"https:\/\/veganova.eu\/cs\/wp-json\/wp\/v2\/pwb-brand?post=5325"},{"taxonomy":"product_brand","embeddable":true,"href":"https:\/\/veganova.eu\/cs\/wp-json\/wp\/v2\/product_brand?post=5325"},{"taxonomy":"product_cat","embeddable":true,"href":"https:\/\/veganova.eu\/cs\/wp-json\/wp\/v2\/product_cat?post=5325"},{"taxonomy":"product_tag","embeddable":true,"href":"https:\/\/veganova.eu\/cs\/wp-json\/wp\/v2\/product_tag?post=5325"}],"curies":[{"name":"wp","href":"https:\/\/api.w.org\/{rel}","templated":true}]}}