{"id":54323,"date":"2025-05-17T15:59:22","date_gmt":"2025-05-17T13:59:22","guid":{"rendered":"https:\/\/veganova.eu\/?post_type=product&#038;p=54323"},"modified":"2026-04-21T07:26:16","modified_gmt":"2026-04-21T05:26:16","slug":"osavi-ashwagandha-rhodiola-ginseng-120-vegan-caps","status":"publish","type":"product","link":"https:\/\/veganova.eu\/cs\/shop\/osavi-ashwagandha-rhodiola-ginseng-120-vegan-caps\/","title":{"rendered":"Osavi Ashwagandha + Rhodiola &#038; Ginseng &#8211; 120 vegan caps"},"content":{"rendered":"<h3>Osavi Ashwagandha + Rhodiola &amp; Ginseng &#8211; 120 vegan caps<\/h3>\n<p>Food supplement in the form of a hard capsule containing standardised root extracts of ashwagandha, rhodiola, korean ginseng and siberian ginseng.<\/p>\n<p>What is special about capsules Ashwagandha, Rhodiola &amp; Ginseng?<br \/>\nMultibotanical preparation.<br \/>\nContains KSM-66\u00ae &#8211; ashwagandha root extract DER 10-15:1, with the most extensive set of research studies and clinical trials,<br \/>\nContains standardised Rhodiola rosea (Rhodiola rosea), DER 11:1, ginseng (Panax ginseng), DER 3:1 and Siberian ginseng (Eleutherococcus senticosus), DER 10:1 root extracts.<br \/>\nExtracts obtained from roots only.<br \/>\nClean label &#8211; no unnecessary additives.<br \/>\nVhodn\u00e9 pro vegetari\u00e1ny a vegany.<br \/>\nGluten-free, lactose-free, soy-free, GMO-free.<br \/>\nObaly vyroben\u00e9 z BioPET (30% plastu poch\u00e1z\u00ed z cukrov\u00e9 t\u0159tiny).<\/p>","protected":false},"excerpt":{"rendered":"<p>Osavi Ashwagandha + Rhodiola &amp; Ginseng &#8211; 120 vegan caps. Food supplement in the form of a hard capsule containing standardised root extracts of ashwagandha, rhodiola, korean ginseng and siberian ginseng. What is special about capsules Ashwagandha, Rhodiola &amp; Ginseng?.<\/p>","protected":false},"featured_media":55495,"comment_status":"closed","ping_status":"closed","template":"","meta":{"advanced_seo_description":"","jetpack_seo_html_title":"","jetpack_seo_noindex":false},"pwb-brand":[379],"product_brand":[4700],"product_cat":[149],"product_tag":[],"class_list":{"0":"post-54323","1":"product","2":"type-product","3":"status-publish","4":"has-post-thumbnail","6":"pwb-brand-osavi","7":"product_brand-osavi","8":"product_cat-superfoods","9":"brand_woo-osavi","11":"first","12":"instock","13":"taxable","14":"shipping-taxable","15":"purchasable","16":"product-type-simple"},"jetpack_sharing_enabled":true,"brands":[{"id":379,"name":"Osavi","slug":"osavi"}],"_links":{"self":[{"href":"https:\/\/veganova.eu\/cs\/wp-json\/wp\/v2\/product\/54323","targetHints":{"allow":["GET"]}}],"collection":[{"href":"https:\/\/veganova.eu\/cs\/wp-json\/wp\/v2\/product"}],"about":[{"href":"https:\/\/veganova.eu\/cs\/wp-json\/wp\/v2\/types\/product"}],"replies":[{"embeddable":true,"href":"https:\/\/veganova.eu\/cs\/wp-json\/wp\/v2\/comments?post=54323"}],"version-history":[{"count":5,"href":"https:\/\/veganova.eu\/cs\/wp-json\/wp\/v2\/product\/54323\/revisions"}],"predecessor-version":[{"id":60124,"href":"https:\/\/veganova.eu\/cs\/wp-json\/wp\/v2\/product\/54323\/revisions\/60124"}],"wp:featuredmedia":[{"embeddable":true,"href":"https:\/\/veganova.eu\/cs\/wp-json\/wp\/v2\/media\/55495"}],"wp:attachment":[{"href":"https:\/\/veganova.eu\/cs\/wp-json\/wp\/v2\/media?parent=54323"}],"wp:term":[{"taxonomy":"pwb-brand","embeddable":true,"href":"https:\/\/veganova.eu\/cs\/wp-json\/wp\/v2\/pwb-brand?post=54323"},{"taxonomy":"product_brand","embeddable":true,"href":"https:\/\/veganova.eu\/cs\/wp-json\/wp\/v2\/product_brand?post=54323"},{"taxonomy":"product_cat","embeddable":true,"href":"https:\/\/veganova.eu\/cs\/wp-json\/wp\/v2\/product_cat?post=54323"},{"taxonomy":"product_tag","embeddable":true,"href":"https:\/\/veganova.eu\/cs\/wp-json\/wp\/v2\/product_tag?post=54323"}],"curies":[{"name":"wp","href":"https:\/\/api.w.org\/{rel}","templated":true}]}}