{"id":54509,"date":"2025-05-17T15:59:50","date_gmt":"2025-05-17T13:59:50","guid":{"rendered":"https:\/\/veganova.eu\/?post_type=product&#038;p=54509"},"modified":"2026-04-21T07:26:22","modified_gmt":"2026-04-21T05:26:22","slug":"now-foods-creatine-monohydrate-750mg-120-vcaps","status":"publish","type":"product","link":"https:\/\/veganova.eu\/cs\/shop\/now-foods-creatine-monohydrate-750mg-120-vcaps\/","title":{"rendered":"NOW Foods Creatine Monohydrate, 750mg &#8211; 120 vcaps"},"content":{"rendered":"<h3>NOW Foods Creatine Monohydrate, 750mg &#8211; 120 vcaps<\/h3>\n<p>Svalov\u00e9 palivo<br \/>\n\u0160t\u00edhl\u00e1 hmota<br \/>\nKreatin je slou\u010denina, kter\u00e1 se p\u0159irozen\u011b vyskytuje v t\u011ble, p\u0159edev\u0161\u00edm v kostern\u00edm svalstvu. Funkc\u00ed kreatinu je slou\u017eit jako prekurzor adenosintrifosf\u00e1tu (ATP), co\u017e je forma chemick\u00e9 energie, kterou vyu\u017e\u00edvaj\u00ed v\u0161echny bu\u0148ky. T\u011blesn\u00e9 z\u00e1soby kreatinu vytv\u00e1\u0159ej\u00ed z\u00e1sobu snadno dostupn\u00e9ho ATP pro energii, kter\u00e1 je nezbytn\u00e1 pro pohon rychl\u00fdch v\u00fdkyv\u016f v\u00fdkonu a s\u00edly. Studie prok\u00e1zaly, \u017ee suplementace kreatinem m\u016f\u017ee pomoci udr\u017eet st\u00e1vaj\u00edc\u00ed svalovou tk\u00e1\u0148, podpo\u0159it r\u016fst a rozvoj svalov\u00e9 hmoty a podpo\u0159it optim\u00e1ln\u00ed v\u00fdkonnost b\u011bhem kr\u00e1tk\u00fdch z\u00e1chvat\u016f intenzivn\u00edho cvi\u010den\u00ed. NOW Creatine Monohydrate neobsahuje \u017e\u00e1dn\u00e9 p\u0159\u00edsady ani konzerva\u010dn\u00ed l\u00e1tky.<\/p>","protected":false},"excerpt":{"rendered":"<p>NOW Foods Creatine Monohydrate, 750mg &#8211; 120 vcaps Muscle Fuel Lean Mass Creatine is a compound that occurs naturally in the body, primarily in skeletal muscle. Creatine\u2019s function is to serve as a precursor to adenosine triphosphate (ATP), the form of chemical energy used by all cells. Body stores of creatine create a pool of [&hellip;]<\/p>\n","protected":false},"featured_media":55377,"comment_status":"closed","ping_status":"closed","template":"","meta":{"advanced_seo_description":"","jetpack_seo_html_title":"","jetpack_seo_noindex":false},"pwb-brand":[173],"product_brand":[4580],"product_cat":[272,132],"product_tag":[],"class_list":{"0":"post-54509","1":"product","2":"type-product","3":"status-publish","4":"has-post-thumbnail","6":"pwb-brand-now-foods","7":"product_brand-now-foods","8":"product_cat-creatines","9":"product_cat-sports-nutrition","10":"brand_woo-now-foods","12":"first","13":"instock","14":"taxable","15":"shipping-taxable","16":"purchasable","17":"product-type-simple"},"jetpack_sharing_enabled":true,"brands":[{"id":173,"name":"NOW Foods","slug":"now-foods"}],"_links":{"self":[{"href":"https:\/\/veganova.eu\/cs\/wp-json\/wp\/v2\/product\/54509","targetHints":{"allow":["GET"]}}],"collection":[{"href":"https:\/\/veganova.eu\/cs\/wp-json\/wp\/v2\/product"}],"about":[{"href":"https:\/\/veganova.eu\/cs\/wp-json\/wp\/v2\/types\/product"}],"replies":[{"embeddable":true,"href":"https:\/\/veganova.eu\/cs\/wp-json\/wp\/v2\/comments?post=54509"}],"version-history":[{"count":3,"href":"https:\/\/veganova.eu\/cs\/wp-json\/wp\/v2\/product\/54509\/revisions"}],"predecessor-version":[{"id":59521,"href":"https:\/\/veganova.eu\/cs\/wp-json\/wp\/v2\/product\/54509\/revisions\/59521"}],"wp:featuredmedia":[{"embeddable":true,"href":"https:\/\/veganova.eu\/cs\/wp-json\/wp\/v2\/media\/55377"}],"wp:attachment":[{"href":"https:\/\/veganova.eu\/cs\/wp-json\/wp\/v2\/media?parent=54509"}],"wp:term":[{"taxonomy":"pwb-brand","embeddable":true,"href":"https:\/\/veganova.eu\/cs\/wp-json\/wp\/v2\/pwb-brand?post=54509"},{"taxonomy":"product_brand","embeddable":true,"href":"https:\/\/veganova.eu\/cs\/wp-json\/wp\/v2\/product_brand?post=54509"},{"taxonomy":"product_cat","embeddable":true,"href":"https:\/\/veganova.eu\/cs\/wp-json\/wp\/v2\/product_cat?post=54509"},{"taxonomy":"product_tag","embeddable":true,"href":"https:\/\/veganova.eu\/cs\/wp-json\/wp\/v2\/product_tag?post=54509"}],"curies":[{"name":"wp","href":"https:\/\/api.w.org\/{rel}","templated":true}]}}