{"id":54597,"date":"2025-05-17T16:00:07","date_gmt":"2025-05-17T14:00:07","guid":{"rendered":"https:\/\/veganova.eu\/?post_type=product&#038;p=54597"},"modified":"2026-04-21T07:26:25","modified_gmt":"2026-04-21T05:26:25","slug":"applied-nutrition-endurance-energy-lemon-lime-1500g-2","status":"publish","type":"product","link":"https:\/\/veganova.eu\/cs\/shop\/applied-nutrition-endurance-energy-lemon-lime-1500g-2\/","title":{"rendered":"Applied Nutrition Endurance Energy, citron a limetka - 1500g"},"content":{"rendered":"<h3>Applied Nutrition Endurance Energy, citron a limetka - 1500g<\/h3>\n<p>Vytrvalostn\u00ed rychlost - energie paliva<br \/>\nEnergetick\u00fd pr\u00e1\u0161ek s obsahem sacharid\u016f a elektrolyt\u016f 1,5 kg<br \/>\n30 PORC\u00cd | 48 G SACHARID\u016e | 300 MG ELEKTROLYT\u016e<\/p>\n<p>Energetick\u00fd pr\u00e1\u0161ek Endurance Velocity-Fuel je navr\u017een jako snadno straviteln\u00fd a rychl\u00fd zdroj energie, kter\u00fd poskytuje 48 g rychle se vst\u0159eb\u00e1vaj\u00edc\u00edch sacharid\u016f s p\u0159\u00eddavkem 300 mg elektrolyt\u016f v jedn\u00e9 d\u00e1vce.<\/p>\n<p>Energetick\u00fd pr\u00e1\u0161ek Endurance Velocity-Fuel lze nam\u00edchat v r\u016fzn\u00fdch koncentrac\u00edch podle va\u0161ich po\u017eadavk\u016f a lze jej konzumovat jako sou\u010d\u00e1st sacharidov\u00e9ho pl\u00e1nu ve dnech a hodin\u00e1ch p\u0159ed a b\u011bhem tr\u00e9ninku nebo z\u00e1vodu.<\/p>\n<p>KL\u00cd\u010cOV\u00c9 V\u00ddHODY<\/p>\n<p>D\u00e1vky Informed-Sport testovan\u00e9 pro sportovce<br \/>\nPalivo pro tr\u00e9nink a ide\u00e1ln\u00ed pro sacharidov\u00e9 pl\u00e1ny<br \/>\nIde\u00e1ln\u00ed pro cyklisty, b\u011b\u017ece a v\u0161echna vytrvalostn\u00ed cvi\u010den\u00ed.<br \/>\nRychle vst\u0159ebateln\u00e9 vysoce rozpustn\u00e9 sacharidy<br \/>\nVhodn\u00e9 pro vegany, vegetari\u00e1ny, bez GMO a lepku<br \/>\nV\u00fdrobek s certifik\u00e1tem Halal<\/p>","protected":false},"excerpt":{"rendered":"<p>Applied Nutrition Endurance Energy, Lemon &#038; Lime &#8211; 1500g. Endurance Velocity-Fuel Energy Carb &#038; Electrolyte Energy Powder 1.5kg 30 SERVINGS | 48G CARBS | 300MG ELECTROLYTES  Endurance Velocity-Fuel Energy powder is designed as an easily digestible and quick supply of energy, delivering 48g of fast-absorbing carbohydrates with the addition of 300mg of electrolytes per serving. Endurance Velocity-Fuel Energy powder can be mixed at various concentrations to suit your requirements and can be consumed as part of a carbohydrate loading plan in the days and hours prior to and during your training or event.<\/p>","protected":false},"featured_media":55527,"comment_status":"closed","ping_status":"closed","template":"","meta":{"advanced_seo_description":"","jetpack_seo_html_title":"","jetpack_seo_noindex":false},"pwb-brand":[202],"product_brand":[4592],"product_cat":[203,132],"product_tag":[],"class_list":{"0":"post-54597","1":"product","2":"type-product","3":"status-publish","4":"has-post-thumbnail","6":"pwb-brand-applied-nutrition","7":"product_brand-applied-nutrition","8":"product_cat-pre-workout","9":"product_cat-sports-nutrition","10":"brand_woo-applied-nutrition","12":"first","13":"instock","14":"taxable","15":"shipping-taxable","16":"purchasable","17":"product-type-simple"},"jetpack_sharing_enabled":true,"brands":[{"id":202,"name":"Aplikovan\u00e1 v\u00fd\u017eiva","slug":"applied-nutrition"}],"_links":{"self":[{"href":"https:\/\/veganova.eu\/cs\/wp-json\/wp\/v2\/product\/54597","targetHints":{"allow":["GET"]}}],"collection":[{"href":"https:\/\/veganova.eu\/cs\/wp-json\/wp\/v2\/product"}],"about":[{"href":"https:\/\/veganova.eu\/cs\/wp-json\/wp\/v2\/types\/product"}],"replies":[{"embeddable":true,"href":"https:\/\/veganova.eu\/cs\/wp-json\/wp\/v2\/comments?post=54597"}],"version-history":[{"count":4,"href":"https:\/\/veganova.eu\/cs\/wp-json\/wp\/v2\/product\/54597\/revisions"}],"predecessor-version":[{"id":59562,"href":"https:\/\/veganova.eu\/cs\/wp-json\/wp\/v2\/product\/54597\/revisions\/59562"}],"wp:featuredmedia":[{"embeddable":true,"href":"https:\/\/veganova.eu\/cs\/wp-json\/wp\/v2\/media\/55527"}],"wp:attachment":[{"href":"https:\/\/veganova.eu\/cs\/wp-json\/wp\/v2\/media?parent=54597"}],"wp:term":[{"taxonomy":"pwb-brand","embeddable":true,"href":"https:\/\/veganova.eu\/cs\/wp-json\/wp\/v2\/pwb-brand?post=54597"},{"taxonomy":"product_brand","embeddable":true,"href":"https:\/\/veganova.eu\/cs\/wp-json\/wp\/v2\/product_brand?post=54597"},{"taxonomy":"product_cat","embeddable":true,"href":"https:\/\/veganova.eu\/cs\/wp-json\/wp\/v2\/product_cat?post=54597"},{"taxonomy":"product_tag","embeddable":true,"href":"https:\/\/veganova.eu\/cs\/wp-json\/wp\/v2\/product_tag?post=54597"}],"curies":[{"name":"wp","href":"https:\/\/api.w.org\/{rel}","templated":true}]}}